{"id":5962,"date":"2020-02-10T10:34:19","date_gmt":"2020-02-10T10:34:19","guid":{"rendered":"http:\/\/claue.jan\/demo2\/?page_id=5962"},"modified":"2026-04-01T20:35:49","modified_gmt":"2026-04-01T19:35:49","slug":"about-us","status":"publish","type":"page","link":"https:\/\/bonitashop.es\/en\/about-us\/","title":{"rendered":"Sobre BonitaShop"},"content":{"rendered":"<div data-elementor-type=\"wp-page\" data-elementor-id=\"5962\" class=\"elementor elementor-5962\" data-elementor-post-type=\"page\">\n\t\t\t\t\t\t<section class=\"elementor-section elementor-top-section elementor-element elementor-element-0708f93 elementor-section-boxed elementor-section-height-default elementor-section-height-default\" data-id=\"0708f93\" data-element_type=\"section\">\n\t\t\t\t\t\t<div class=\"elementor-container elementor-column-gap-default\">\n\t\t\t\t\t<div class=\"elementor-column elementor-col-100 elementor-top-column elementor-element elementor-element-6842e52\" data-id=\"6842e52\" data-element_type=\"column\">\n\t\t\t<div class=\"elementor-widget-wrap elementor-element-populated\">\n\t\t\t\t\t\t<div class=\"elementor-element elementor-element-fc4c373 elementor-widget elementor-widget-text-editor\" data-id=\"fc4c373\" data-element_type=\"widget\" data-widget_type=\"text-editor.default\">\n\t\t\t\t<div class=\"elementor-widget-container\">\n\t\t\t\t\t\t\t\t\t<p>En <b>BonitaShop<\/b> nos dedicamos a ofrecer perfumes, ropa, regalos y detalles especiales para cada ocasi\u00f3n.<\/p><p>Nuestra tienda nace con la ilusi\u00f3n de acercar a nuestros clientesproductos bonitos, elegantes y de calidad, cuidando cada detalle para que cada compra sea una experiencia especial.<\/p><p>Trabajamos con una amplia selecci\u00f3n de perfumes, cosm\u00e9tica y art\u00edculos para sorprender, siempre buscando productos que destaquen por su calidad y presentaci\u00f3n.<\/p><p>Adem\u00e1s de nuestra tienda online, tambi\u00e9n contamos con tienda f\u00edsica en Paterna (Valencia), donde podr\u00e1s visitarnos y descubrir nuestros productos en persona.<\/p><p>Nuestro objetivo es ayudarte a encontar el regalo perfecto, ya sea para cumplea\u00f1os, una ocasi\u00f3n especial o simplemente, para darte un capricho.<\/p><p>Gracias por confiar en nosotros.<\/p>\t\t\t\t\t\t\t\t<\/div>\n\t\t\t\t<\/div>\n\t\t\t\t\t<\/div>\n\t\t<\/div>\n\t\t\t\t\t<\/div>\n\t\t<\/section>\n\t\t\t\t<\/div>","protected":false},"excerpt":{"rendered":"<p>En BonitaShop nos dedicamos a ofrecer perfumes, ropa, regalos y detalles especiales para cada ocasi\u00f3n. Nuestra tienda nace con la ilusi\u00f3n de acercar a nuestros clientesproductos bonitos, elegantes y de calidad, cuidando cada detalle para que cada compra sea una experiencia especial. Trabajamos con una amplia selecci\u00f3n de perfumes, cosm\u00e9tica y art\u00edculos para sorprender, siempre [&hellip;]<\/p>","protected":false},"author":1,"featured_media":0,"parent":0,"menu_order":0,"comment_status":"closed","ping_status":"closed","template":"","meta":{"_joinchat":[],"footnotes":""},"class_list":["post-5962","page","type-page","status-publish","hentry"],"_links":{"self":[{"href":"https:\/\/bonitashop.es\/en\/wp-json\/wp\/v2\/pages\/5962","targetHints":{"allow":["GET"]}}],"collection":[{"href":"https:\/\/bonitashop.es\/en\/wp-json\/wp\/v2\/pages"}],"about":[{"href":"https:\/\/bonitashop.es\/en\/wp-json\/wp\/v2\/types\/page"}],"author":[{"embeddable":true,"href":"https:\/\/bonitashop.es\/en\/wp-json\/wp\/v2\/users\/1"}],"replies":[{"embeddable":true,"href":"https:\/\/bonitashop.es\/en\/wp-json\/wp\/v2\/comments?post=5962"}],"version-history":[{"count":4,"href":"https:\/\/bonitashop.es\/en\/wp-json\/wp\/v2\/pages\/5962\/revisions"}],"predecessor-version":[{"id":7774,"href":"https:\/\/bonitashop.es\/en\/wp-json\/wp\/v2\/pages\/5962\/revisions\/7774"}],"wp:attachment":[{"href":"https:\/\/bonitashop.es\/en\/wp-json\/wp\/v2\/media?parent=5962"}],"curies":[{"name":"wp","href":"https:\/\/api.w.org\/{rel}","templated":true}]}}