{"id":6285,"date":"2026-01-11T19:23:39","date_gmt":"2026-01-11T18:23:39","guid":{"rendered":"https:\/\/bonitashop.es\/?post_type=product&#038;p=6285"},"modified":"2026-03-31T15:21:11","modified_gmt":"2026-03-31T14:21:11","slug":"perfume-victoria-lattafa-100ml","status":"publish","type":"product","link":"https:\/\/bonitashop.es\/en\/product\/perfume-victoria-lattafa-100ml\/","title":{"rendered":"Perfume Victoria Lattafa 100ml +Regalo Minitalla 35ml"},"content":{"rendered":"<p>Victoria de Lattafa es una fragancia de la familia olfativa Floral Frutal Gourmand . Esta fragancia es nueva, se lanz\u00f3 en 2025.<\/p>\n<p>La<strong>\u00a0fragancia\u00a0<\/strong>se<strong>\u00a0abre<\/strong>\u00a0con la irresistible<strong>\u00a0ralladura de la Tarta de Merengue<\/strong>\u00a0de Lim\u00f3n, que ofrece un refrescante dulzor c\u00edtrico brillante y acogedor. A medida que se asienta, el\u00a0<strong>coraz\u00f3n<\/strong>\u00a0revela el delicado toque floral del Neroli, que a\u00f1ade una capa de complejidad y sofisticaci\u00f3n. La<strong>\u00a0base de Vainilla\u00a0<\/strong>proporciona una calidez suave y reconfortante, haciendo que el aroma sea perfectamente equilibrado y duradero. Con su\u00a0<strong>mezcla \u00fanica\u00a0<\/strong>de vibrantes c\u00edtricos, delicadas notas florales y rica vainilla.<\/p>\n<p><strong>LATTAFA VICTORIA<\/strong>\u00a0es una\u00a0<strong>fragancia<\/strong>\u00a0ideal para quienes buscan un\u00a0<strong>aroma elegante\u00a0<\/strong>y a la vez\u00a0<strong>juguet\u00f3n<\/strong>\u00a0que funcione igual de bien en\u00a0<strong>cualquier ocasi\u00f3n<\/strong>.<\/p>\n<p>Victoria es un placer prohibido que se derrite en la piel como un beso dulce y c\u00edtrico. La frescura adictiva del Lemon Merengue Pie se mezcla con el neroli, vibrante y seductor, encendiendo el deseo con cada susurro de su aroma. La vainilla, cremosa y envolvente, deja una estela irresistible, como el recuerdo de una noche inolvidable.<\/p>\n<p>Es triunfo, es conquista, es pura tentaci\u00f3n en cada gota!!!<\/p>","protected":false},"excerpt":{"rendered":"<p>Victoria de Lattafa es una fragancia \u00e1rabe unisex que combina notas de lim\u00f3n, neroli y vainilla, creando una experiencia olfativa dulce y c\u00edtrica. Este perfume es del estilo Devotion, con matices m\u00e1s delicados y aireados, y es ideal para quienes buscan un aroma envolvente y sofisticado.<\/p>\n<p>&nbsp;<\/p>\n<div class=\"gs_tkn gs_sup_cit gs_sup_cit1\" data-priority=\"2\" data-hover-id=\"1\">\n<div class=\"gs_sm_cit\" role=\"button\" aria-label=\"6 citations\">\n<div class=\"cico gs_sm_cit_favicon\"><\/div>\n<div class=\"gs_sm_cit_dom\" data-friendly-url=\"brisaarabe.com\" data-sups=\"1,2,3,4,5,6\">brisaarabe.com<strong aria-hidden=\"true\">+5<\/strong><\/div>\n<\/div>\n<\/div>","protected":false},"featured_media":7591,"comment_status":"open","ping_status":"closed","template":"","meta":{"_joinchat":[]},"product_brand":[],"product_cat":[200],"product_tag":[],"class_list":{"0":"post-6285","1":"product","2":"type-product","3":"status-publish","4":"has-post-thumbnail","6":"product_cat-perfumes-arabes","8":"first","9":"instock","10":"taxable","11":"shipping-taxable","12":"purchasable","13":"product-type-simple"},"_links":{"self":[{"href":"https:\/\/bonitashop.es\/en\/wp-json\/wp\/v2\/product\/6285","targetHints":{"allow":["GET"]}}],"collection":[{"href":"https:\/\/bonitashop.es\/en\/wp-json\/wp\/v2\/product"}],"about":[{"href":"https:\/\/bonitashop.es\/en\/wp-json\/wp\/v2\/types\/product"}],"replies":[{"embeddable":true,"href":"https:\/\/bonitashop.es\/en\/wp-json\/wp\/v2\/comments?post=6285"}],"version-history":[{"count":6,"href":"https:\/\/bonitashop.es\/en\/wp-json\/wp\/v2\/product\/6285\/revisions"}],"predecessor-version":[{"id":7576,"href":"https:\/\/bonitashop.es\/en\/wp-json\/wp\/v2\/product\/6285\/revisions\/7576"}],"wp:featuredmedia":[{"embeddable":true,"href":"https:\/\/bonitashop.es\/en\/wp-json\/wp\/v2\/media\/7591"}],"wp:attachment":[{"href":"https:\/\/bonitashop.es\/en\/wp-json\/wp\/v2\/media?parent=6285"}],"wp:term":[{"taxonomy":"product_brand","embeddable":true,"href":"https:\/\/bonitashop.es\/en\/wp-json\/wp\/v2\/product_brand?post=6285"},{"taxonomy":"product_cat","embeddable":true,"href":"https:\/\/bonitashop.es\/en\/wp-json\/wp\/v2\/product_cat?post=6285"},{"taxonomy":"product_tag","embeddable":true,"href":"https:\/\/bonitashop.es\/en\/wp-json\/wp\/v2\/product_tag?post=6285"}],"curies":[{"name":"wp","href":"https:\/\/api.w.org\/{rel}","templated":true}]}}