{"id":6293,"date":"2026-01-11T19:35:07","date_gmt":"2026-01-11T18:35:07","guid":{"rendered":"https:\/\/bonitashop.es\/?post_type=product&#038;p=6293"},"modified":"2026-03-31T15:22:12","modified_gmt":"2026-03-31T14:22:12","slug":"perfume-island-breeze-armaf-100ml","status":"publish","type":"product","link":"https:\/\/bonitashop.es\/en\/product\/perfume-island-breeze-armaf-100ml\/","title":{"rendered":"Perfume Island Breeze Armaf 100ml + Regalo Minitalla 35ml"},"content":{"rendered":"<div class=\"dx-product-description\">\n<p>El Eau de Parfum Armaf Island Breeze es una fragancia floral afrutada perfecta para el invierno. Con una concentraci\u00f3n del 10-20% de aceite de perfume, este perfume unisex ofrece una rica experiencia olfativa. Las frescas notas de salida de melocot\u00f3n y bayas silvestres dan un comienzo dulce y vibrante. En el coraz\u00f3n, encontrar\u00e1s el aroma cl\u00e1sico de la rosa, que da a la composici\u00f3n un toque elegante. La base est\u00e1 formada, entre otros, por almizcle blanco, que proporciona un acabado suave y c\u00e1lido.<\/p>\n<p><span style=\"font-size: 23px; font-weight: 900;\">Notas de salida<\/span><\/p>\n<p>Durazno, Bayas silvestres<\/p>\n<\/div>\n<div class=\"dx-fragrance-notes\">\n<h3>Coraz\u00f3n<\/h3>\n<p>Rosa<\/p>\n<h3>Base<\/h3>\n<p>Almizcle blanco<\/p>\n<\/div>","protected":false},"excerpt":{"rendered":"<p>Una cautivadora mezcla de bayas silvestres y notas verdes, que conduce a elegantes notas medias de coco, flor de naranja, nen\u00fafares y lactonas, lo que conduce a elegantes notas medias de vainilla, haba tonka y almizcle<\/p>","protected":false},"featured_media":6294,"comment_status":"open","ping_status":"closed","template":"","meta":{"_joinchat":[]},"product_brand":[],"product_cat":[200],"product_tag":[],"class_list":{"0":"post-6293","1":"product","2":"type-product","3":"status-publish","4":"has-post-thumbnail","6":"product_cat-perfumes-arabes","8":"first","9":"instock","10":"taxable","11":"shipping-taxable","12":"purchasable","13":"product-type-simple"},"_links":{"self":[{"href":"https:\/\/bonitashop.es\/en\/wp-json\/wp\/v2\/product\/6293","targetHints":{"allow":["GET"]}}],"collection":[{"href":"https:\/\/bonitashop.es\/en\/wp-json\/wp\/v2\/product"}],"about":[{"href":"https:\/\/bonitashop.es\/en\/wp-json\/wp\/v2\/types\/product"}],"replies":[{"embeddable":true,"href":"https:\/\/bonitashop.es\/en\/wp-json\/wp\/v2\/comments?post=6293"}],"version-history":[{"count":6,"href":"https:\/\/bonitashop.es\/en\/wp-json\/wp\/v2\/product\/6293\/revisions"}],"predecessor-version":[{"id":7613,"href":"https:\/\/bonitashop.es\/en\/wp-json\/wp\/v2\/product\/6293\/revisions\/7613"}],"wp:featuredmedia":[{"embeddable":true,"href":"https:\/\/bonitashop.es\/en\/wp-json\/wp\/v2\/media\/6294"}],"wp:attachment":[{"href":"https:\/\/bonitashop.es\/en\/wp-json\/wp\/v2\/media?parent=6293"}],"wp:term":[{"taxonomy":"product_brand","embeddable":true,"href":"https:\/\/bonitashop.es\/en\/wp-json\/wp\/v2\/product_brand?post=6293"},{"taxonomy":"product_cat","embeddable":true,"href":"https:\/\/bonitashop.es\/en\/wp-json\/wp\/v2\/product_cat?post=6293"},{"taxonomy":"product_tag","embeddable":true,"href":"https:\/\/bonitashop.es\/en\/wp-json\/wp\/v2\/product_tag?post=6293"}],"curies":[{"name":"wp","href":"https:\/\/api.w.org\/{rel}","templated":true}]}}