{"id":6300,"date":"2026-01-11T19:44:04","date_gmt":"2026-01-11T18:44:04","guid":{"rendered":"https:\/\/bonitashop.es\/?post_type=product&#038;p=6300"},"modified":"2026-03-28T10:24:42","modified_gmt":"2026-03-28T09:24:42","slug":"perfume-haya-lattafa-100ml","status":"publish","type":"product","link":"https:\/\/bonitashop.es\/en\/product\/perfume-haya-lattafa-100ml\/","title":{"rendered":"Perfume Haya Lattafa 100ml + Regalo Minitalla 35ml"},"content":{"rendered":"<p>Esta fragancia es una combinaci\u00f3n \u00fanica de dulzura y frescura que desvela las principales notas florales de su fragancia.<\/p>\n<p>En las notas superiores, se despliegan acordes frescos y dulces que se entrelazan con el coraz\u00f3n floral, otorgando al perfume una calidez y feminidad incomparables. Las notas de base confieren a la fragancia una composici\u00f3n floral duradera y especial.<\/p>\n<p>Lattafa Haya se distingue por su aroma sutil pero perceptible. Su envase y dise\u00f1o de botella son verdaderamente lujosos, lo que convierte a estos perfumes en un regalo excepcional. Tambi\u00e9n son una elecci\u00f3n perfecta para el uso diario, ya que proporcionan frescura y energ\u00eda durante todo el d\u00eda.<\/p>\n<p>Lattafa Haya es una fragancia realmente lujosa, tentadora y sutil que sin duda atraer\u00e1 numerosos elogios. Prueba estos perfumes y experimenta su belleza y elegancia incomparables.<\/p>\n<p>Notas de salida: champ\u00e1n de rosas, bayas rosadas, naranja, mandarina, fresia rosa.<\/p>\n<p>Notas de coraz\u00f3n: gardenias, orqu\u00eddeas de vainilla, jazm\u00edn.<\/p>\n<p>Notas de fondo: pralin\u00e9, \u00e1mbar, s\u00e1ndalo.<\/p>\n<p>Recomendado para su uso en cualquier momento. Perfume HAYA, de Lattafa. Haya de Lattafa es una fragancia dulce, fresca y floral para mujeres. Hecha para una mujer de pura clase. Una fragancia que llamar\u00e1 la atenci\u00f3n de muchos. Adecuada para la oficina y ocasiones especiales. Las notas de fragancia son \u00fanicas y la convierten en una fragancia de nicho.<\/p>","protected":false},"excerpt":{"rendered":"<p>Descubre la esencia de la verdadera sofisticaci\u00f3n con Lattafa Haya, una fragancia femenina que te sumerge en un aut\u00e9ntico ambiente de lujo.<\/p>","protected":false},"featured_media":7595,"comment_status":"open","ping_status":"closed","template":"","meta":{"_joinchat":[]},"product_brand":[],"product_cat":[200],"product_tag":[],"class_list":{"0":"post-6300","1":"product","2":"type-product","3":"status-publish","4":"has-post-thumbnail","6":"product_cat-perfumes-arabes","8":"first","9":"instock","10":"taxable","11":"shipping-taxable","12":"purchasable","13":"product-type-simple"},"_links":{"self":[{"href":"https:\/\/bonitashop.es\/en\/wp-json\/wp\/v2\/product\/6300","targetHints":{"allow":["GET"]}}],"collection":[{"href":"https:\/\/bonitashop.es\/en\/wp-json\/wp\/v2\/product"}],"about":[{"href":"https:\/\/bonitashop.es\/en\/wp-json\/wp\/v2\/types\/product"}],"replies":[{"embeddable":true,"href":"https:\/\/bonitashop.es\/en\/wp-json\/wp\/v2\/comments?post=6300"}],"version-history":[{"count":4,"href":"https:\/\/bonitashop.es\/en\/wp-json\/wp\/v2\/product\/6300\/revisions"}],"predecessor-version":[{"id":7575,"href":"https:\/\/bonitashop.es\/en\/wp-json\/wp\/v2\/product\/6300\/revisions\/7575"}],"wp:featuredmedia":[{"embeddable":true,"href":"https:\/\/bonitashop.es\/en\/wp-json\/wp\/v2\/media\/7595"}],"wp:attachment":[{"href":"https:\/\/bonitashop.es\/en\/wp-json\/wp\/v2\/media?parent=6300"}],"wp:term":[{"taxonomy":"product_brand","embeddable":true,"href":"https:\/\/bonitashop.es\/en\/wp-json\/wp\/v2\/product_brand?post=6300"},{"taxonomy":"product_cat","embeddable":true,"href":"https:\/\/bonitashop.es\/en\/wp-json\/wp\/v2\/product_cat?post=6300"},{"taxonomy":"product_tag","embeddable":true,"href":"https:\/\/bonitashop.es\/en\/wp-json\/wp\/v2\/product_tag?post=6300"}],"curies":[{"name":"wp","href":"https:\/\/api.w.org\/{rel}","templated":true}]}}