{"id":6303,"date":"2026-01-11T19:46:43","date_gmt":"2026-01-11T18:46:43","guid":{"rendered":"https:\/\/bonitashop.es\/?post_type=product&#038;p=6303"},"modified":"2026-03-31T15:21:38","modified_gmt":"2026-03-31T14:21:38","slug":"perfume-yara-lattafa-100ml","status":"publish","type":"product","link":"https:\/\/bonitashop.es\/en\/product\/perfume-yara-lattafa-100ml\/","title":{"rendered":"Perfume Yara Lattafa 100ml + Regalo Minitalla 35ml"},"content":{"rendered":"<p>\u00bfA que huele el perfume Yara Lattafa?<\/p>\n<p>Inspirado por la majestuosidad de los aromas orientales, YARA es una sinfon\u00eda cautivadora que despierta tus sentidos y te transporta a un mundo de lujo y seducci\u00f3n.<\/p>\n<p>Con una combinaci\u00f3n perfecta de notas cuidadosamente seleccionadas, YARA despliega su encanto en cada rociada.<\/p>\n<p>En su apertura, el perfume revela una armon\u00eda de mandarina, heliotropo y orqu\u00eddea, creando una sensaci\u00f3n frutal y floral en\u00e9rgica y viva.<\/p>\n<p>En su coraz\u00f3n, las notas tropicales y gourmand danzan delicadamente, evocando una sensaci\u00f3n dulce y ex\u00f3tica.<\/p>\n<p>En su base, YARA revela su verdadero poder seductor. Los acordes de vainilla, s\u00e1ndalo y almizcle se fusionan en una sinfon\u00eda suave y aterciopelada, dejando un rastro duradero y envolvente en tu piel.<\/p>\n<p>Cada nota ha sido elegida con precisi\u00f3n, creando una fragancia que te envuelve en una atm\u00f3sfera de elegancia y feminidad irresistible.<\/p>\n<p>Experimenta el lujo y el encanto de YARA by LATTAFA, una fragancia que redefine la experiencia de llevar un perfume oriental.<\/p>\n<p>D\u00e9jate llevar por su cautivador aroma y sum\u00e9rgete en una nueva dimensi\u00f3n de sofisticaci\u00f3n y seducci\u00f3n. \u00a1Descubre YARA hoy y d\u00e9jate llevar por su magia!<\/p>","protected":false},"excerpt":{"rendered":"<p>Descubre la exquisita fragancia de YARA by LATTAFA, un perfume oriental dise\u00f1ado para las mujeres modernas y sofisticadas que aman explorar nuevas experiencias olfativas.<\/p>","protected":false},"featured_media":7572,"comment_status":"open","ping_status":"closed","template":"","meta":{"_joinchat":[]},"product_brand":[],"product_cat":[200],"product_tag":[],"class_list":{"0":"post-6303","1":"product","2":"type-product","3":"status-publish","4":"has-post-thumbnail","6":"product_cat-perfumes-arabes","8":"first","9":"instock","10":"sale","11":"featured","12":"taxable","13":"shipping-taxable","14":"purchasable","15":"product-type-simple"},"_links":{"self":[{"href":"https:\/\/bonitashop.es\/en\/wp-json\/wp\/v2\/product\/6303","targetHints":{"allow":["GET"]}}],"collection":[{"href":"https:\/\/bonitashop.es\/en\/wp-json\/wp\/v2\/product"}],"about":[{"href":"https:\/\/bonitashop.es\/en\/wp-json\/wp\/v2\/types\/product"}],"replies":[{"embeddable":true,"href":"https:\/\/bonitashop.es\/en\/wp-json\/wp\/v2\/comments?post=6303"}],"version-history":[{"count":7,"href":"https:\/\/bonitashop.es\/en\/wp-json\/wp\/v2\/product\/6303\/revisions"}],"predecessor-version":[{"id":7573,"href":"https:\/\/bonitashop.es\/en\/wp-json\/wp\/v2\/product\/6303\/revisions\/7573"}],"wp:featuredmedia":[{"embeddable":true,"href":"https:\/\/bonitashop.es\/en\/wp-json\/wp\/v2\/media\/7572"}],"wp:attachment":[{"href":"https:\/\/bonitashop.es\/en\/wp-json\/wp\/v2\/media?parent=6303"}],"wp:term":[{"taxonomy":"product_brand","embeddable":true,"href":"https:\/\/bonitashop.es\/en\/wp-json\/wp\/v2\/product_brand?post=6303"},{"taxonomy":"product_cat","embeddable":true,"href":"https:\/\/bonitashop.es\/en\/wp-json\/wp\/v2\/product_cat?post=6303"},{"taxonomy":"product_tag","embeddable":true,"href":"https:\/\/bonitashop.es\/en\/wp-json\/wp\/v2\/product_tag?post=6303"}],"curies":[{"name":"wp","href":"https:\/\/api.w.org\/{rel}","templated":true}]}}