{"id":6306,"date":"2026-01-11T19:49:12","date_gmt":"2026-01-11T18:49:12","guid":{"rendered":"https:\/\/bonitashop.es\/?post_type=product&#038;p=6306"},"modified":"2026-03-31T15:18:34","modified_gmt":"2026-03-31T14:18:34","slug":"perfume-emaan-lattafa-100ml","status":"publish","type":"product","link":"https:\/\/bonitashop.es\/en\/product\/perfume-emaan-lattafa-100ml\/","title":{"rendered":"Perfume Emaan Lattafa 100ml + Regalo Minitalla 35ml"},"content":{"rendered":"<p>Este aroma no solo perdura en la piel, sino que cautiva por su elegante dise\u00f1o de botella y empaque.<\/p>\n<p>Inicia su sinfon\u00eda olfativa con tonos c\u00edtricos y frutales brillantes y frescos.<\/p>\n<p>El coraz\u00f3n de la fragancia est\u00e1 dominado por una armon\u00eda de flores, cuya base es el jazm\u00edn, la rosa y la orqu\u00eddea.<\/p>\n<p>En las notas de fondo, se despliegan c\u00e1lidos matices de madera y \u00e1mbar, as\u00ed como la tentadora dulzura de la vainilla.<\/p>\n<p>La alternativa \u00abEmaan de Lattafa\u00bb es una fragancia que garantiza atenci\u00f3n y cumplidos.<\/p>\n<p>Es una excelente opci\u00f3n para las mujeres que quieren llamar la atenci\u00f3n y sentirse lujosas.<\/p>\n<p>Notas de salida: c\u00edtricos, jazm\u00edn, nuez.<\/p>\n<p>Notas de coraz\u00f3n: almizcle.<\/p>\n<p>Notas de fondo: vainilla, pachul\u00ed.<\/p>","protected":false},"excerpt":{"rendered":"<p>Emaan de Lattafa Perfumes es una impresionante composici\u00f3n de fragancias femeninas, caracterizada por un lujoso y refrescante matiz floral.<\/p>","protected":false},"featured_media":7592,"comment_status":"open","ping_status":"closed","template":"","meta":{"_joinchat":[]},"product_brand":[],"product_cat":[200],"product_tag":[],"class_list":{"0":"post-6306","1":"product","2":"type-product","3":"status-publish","4":"has-post-thumbnail","6":"product_cat-perfumes-arabes","8":"first","9":"instock","10":"taxable","11":"shipping-taxable","12":"purchasable","13":"product-type-simple"},"_links":{"self":[{"href":"https:\/\/bonitashop.es\/en\/wp-json\/wp\/v2\/product\/6306","targetHints":{"allow":["GET"]}}],"collection":[{"href":"https:\/\/bonitashop.es\/en\/wp-json\/wp\/v2\/product"}],"about":[{"href":"https:\/\/bonitashop.es\/en\/wp-json\/wp\/v2\/types\/product"}],"replies":[{"embeddable":true,"href":"https:\/\/bonitashop.es\/en\/wp-json\/wp\/v2\/comments?post=6306"}],"version-history":[{"count":6,"href":"https:\/\/bonitashop.es\/en\/wp-json\/wp\/v2\/product\/6306\/revisions"}],"predecessor-version":[{"id":7638,"href":"https:\/\/bonitashop.es\/en\/wp-json\/wp\/v2\/product\/6306\/revisions\/7638"}],"wp:featuredmedia":[{"embeddable":true,"href":"https:\/\/bonitashop.es\/en\/wp-json\/wp\/v2\/media\/7592"}],"wp:attachment":[{"href":"https:\/\/bonitashop.es\/en\/wp-json\/wp\/v2\/media?parent=6306"}],"wp:term":[{"taxonomy":"product_brand","embeddable":true,"href":"https:\/\/bonitashop.es\/en\/wp-json\/wp\/v2\/product_brand?post=6306"},{"taxonomy":"product_cat","embeddable":true,"href":"https:\/\/bonitashop.es\/en\/wp-json\/wp\/v2\/product_cat?post=6306"},{"taxonomy":"product_tag","embeddable":true,"href":"https:\/\/bonitashop.es\/en\/wp-json\/wp\/v2\/product_tag?post=6306"}],"curies":[{"name":"wp","href":"https:\/\/api.w.org\/{rel}","templated":true}]}}