{"id":6318,"date":"2026-01-11T20:01:47","date_gmt":"2026-01-11T19:01:47","guid":{"rendered":"https:\/\/bonitashop.es\/?post_type=product&#038;p=6318"},"modified":"2026-03-31T17:55:06","modified_gmt":"2026-03-31T16:55:06","slug":"perfume-khamrah-lattafa-100ml","status":"publish","type":"product","link":"https:\/\/bonitashop.es\/en\/product\/perfume-khamrah-lattafa-100ml\/","title":{"rendered":"Perfume Khamrah Lattafa 100ml + Regalo Minitalla 35ml"},"content":{"rendered":"<p>\u00bfA que huele el perfume Khamrah Lattafa?<\/p>\n<p>Comenzando con una bergamota sutil y delicada, que abre perfectamente en la nota principal para dar paso al buen licor, una dulzura equilibrada combinada con una nota alcoh\u00f3lica y canela cremosa que da una sensaci\u00f3n de inmensa lujo.<\/p>\n<p>El gran complemento para esta fragancia es la combinaci\u00f3n de d\u00e1tiles y pralin\u00e9, creando la atm\u00f3sfera de un delicioso gourmand envuelto en oro de 24 quilates.<\/p>\n<p>Finalmente, somos llevados a un abismo sin fin por la mirra y la vainilla, creando una esencia base indispensable para los d\u00edas fr\u00edos.<\/p>\n<p>Este perfume es decididamente unisex, sin \u00e9nfasis en ning\u00fan lado en particular.<\/p>\n<p>Si quieres deslumbrar a quienes te rodean y recibir una ola de cumplidos, esta es la fragancia que debes elegir sin dudarlo.<\/p>\n<p>La longevidad es muy fuerte, despu\u00e9s de usar el perfume puedes olerlo en tu ropa durante varios d\u00edas. Absolutamente no hay necesidad de reaplicarlo durante el d\u00eda, a menos que quieras oler a\u00fan m\u00e1s intenso. La botella en s\u00ed est\u00e1 muy bien hecha y el empaque es impresionante.<\/p>\n<p>Las notas incluyen bergamota, canela, nuez moscada, acorde de d\u00e1tiles, lirio del valle, pralin\u00e9, tuberosa, haba tonka tostada, benju\u00ed de Laos, mirra, akigalawood, vainilla y madera de \u00e1mbar.<\/p>\n<p>Khamrah est\u00e1 inspirado en Angel Share de Killian y es una fragancia oriental perfecta para aquellos que buscan un aroma lujoso y equilibrado.<\/p>\n<p>&nbsp;<\/p>\n<p>FRAGANCIA UNISEX<\/p>","protected":false},"excerpt":{"rendered":"<p>El perfume Khamrah de LATTAFA no es simplemente una fragancia, es el poder absoluto que puedes tener en tus manos.<\/p>","protected":false},"featured_media":7602,"comment_status":"open","ping_status":"closed","template":"","meta":{"_joinchat":[]},"product_brand":[],"product_cat":[200],"product_tag":[],"class_list":{"0":"post-6318","1":"product","2":"type-product","3":"status-publish","4":"has-post-thumbnail","6":"product_cat-perfumes-arabes","8":"first","9":"instock","10":"taxable","11":"shipping-taxable","12":"purchasable","13":"product-type-simple"},"_links":{"self":[{"href":"https:\/\/bonitashop.es\/en\/wp-json\/wp\/v2\/product\/6318","targetHints":{"allow":["GET"]}}],"collection":[{"href":"https:\/\/bonitashop.es\/en\/wp-json\/wp\/v2\/product"}],"about":[{"href":"https:\/\/bonitashop.es\/en\/wp-json\/wp\/v2\/types\/product"}],"replies":[{"embeddable":true,"href":"https:\/\/bonitashop.es\/en\/wp-json\/wp\/v2\/comments?post=6318"}],"version-history":[{"count":7,"href":"https:\/\/bonitashop.es\/en\/wp-json\/wp\/v2\/product\/6318\/revisions"}],"predecessor-version":[{"id":7768,"href":"https:\/\/bonitashop.es\/en\/wp-json\/wp\/v2\/product\/6318\/revisions\/7768"}],"wp:featuredmedia":[{"embeddable":true,"href":"https:\/\/bonitashop.es\/en\/wp-json\/wp\/v2\/media\/7602"}],"wp:attachment":[{"href":"https:\/\/bonitashop.es\/en\/wp-json\/wp\/v2\/media?parent=6318"}],"wp:term":[{"taxonomy":"product_brand","embeddable":true,"href":"https:\/\/bonitashop.es\/en\/wp-json\/wp\/v2\/product_brand?post=6318"},{"taxonomy":"product_cat","embeddable":true,"href":"https:\/\/bonitashop.es\/en\/wp-json\/wp\/v2\/product_cat?post=6318"},{"taxonomy":"product_tag","embeddable":true,"href":"https:\/\/bonitashop.es\/en\/wp-json\/wp\/v2\/product_tag?post=6318"}],"curies":[{"name":"wp","href":"https:\/\/api.w.org\/{rel}","templated":true}]}}