{"id":6328,"date":"2026-01-11T20:15:42","date_gmt":"2026-01-11T19:15:42","guid":{"rendered":"https:\/\/bonitashop.es\/?post_type=product&#038;p=6328"},"modified":"2026-03-31T15:17:16","modified_gmt":"2026-03-31T14:17:16","slug":"perfume-yum-yum-armaf-100ml","status":"publish","type":"product","link":"https:\/\/bonitashop.es\/en\/product\/perfume-yum-yum-armaf-100ml\/","title":{"rendered":"Perfume Yum Yum Armaf 100ml +Regalo Minitalla 35ml"},"content":{"rendered":"<p>D\u00e9jate seducir por\u00a0<strong>Yum Yum de Armaf<\/strong>, una fragancia que transforma lo cotidiano en un instante de felicidad pura. Cada vaporizaci\u00f3n es como una cucharada de tu postre favorito: alegre, irresistible y absolutamente adictiva.<\/p>\n<p>Pensada para\u00a0<strong>mujeres con esp\u00edritu dulce y coqueto<\/strong>, que disfrutan de la vida y contagian sonrisas a su paso. Esta creaci\u00f3n olfativa pertenece al mundo de los perfumes \u00e1rabes modernos, donde lo\u00a0<strong>afrutado y lo gourmand<\/strong>\u00a0se fusionan en perfecta armon\u00eda.<\/p>\n<p>Su combinaci\u00f3n de\u00a0<strong>frutas jugosas, flores seductoras y una base cremosa<\/strong>\u00a0recuerda a los perfumes de alta gama que conquistan con un aura juguetona y sensual. Sin embargo, aqu\u00ed lo tienes en una presentaci\u00f3n \u00fanica y encantadora.<\/p>\n<p>\u00bfPor qu\u00e9 enamora? Porque ofrece una\u00a0<strong>proyecci\u00f3n duradera<\/strong>, con intensidad media que no cansa, ideal tanto para el d\u00eda como para noches divertidas. Es un perfume que\u00a0<strong>envuelve y provoca<\/strong>, perfecto para citas, salidas con amigas o simplemente para disfrutar de ti misma.<\/p>","protected":false},"excerpt":{"rendered":"<div id=\"product-meta-cell\">\n<h1 id=\"product-name\" class=\"art-postheader model-name\"><span style=\"font-size: 16px; font-weight: 400;\">Un perfume \u00e1rabe femenino <\/span><strong style=\"font-size: 16px;\">dulce, afrutado y envolvente<\/strong><span style=\"font-size: 16px; font-weight: 400;\">. Notas de vainilla, flores blancas y frutas jugosas que despiertan alegr\u00eda y sensualidad. Ideal\u00a0<\/span><strong style=\"font-size: 16px;\">para mujeres que aman destacar con un toque divertido y adictivo<\/strong><span style=\"font-size: 16px; font-weight: 400;\">. Dulce, frutal y adictivo\u2026 como t\u00fa. Un perfume que huele a\u00a0<\/span><strong style=\"font-size: 16px;\">felicidad embotellada.<\/strong><\/h1>\n<\/div>\n<div id=\"product-short-description-cell\">\n<div id=\"product-short-description\">\n<p>No te quedes sin probar esta joya olfativa que huele a felicidad embotellada.\u00a0<strong>\u00a1Hazla tuya ahora y d\u00e9jate llevar por su magia!<\/strong><\/p>\n<\/div>\n<\/div>","protected":false},"featured_media":7594,"comment_status":"open","ping_status":"closed","template":"","meta":{"_joinchat":[]},"product_brand":[],"product_cat":[200],"product_tag":[],"class_list":{"0":"post-6328","1":"product","2":"type-product","3":"status-publish","4":"has-post-thumbnail","6":"product_cat-perfumes-arabes","8":"first","9":"instock","10":"taxable","11":"shipping-taxable","12":"purchasable","13":"product-type-simple"},"_links":{"self":[{"href":"https:\/\/bonitashop.es\/en\/wp-json\/wp\/v2\/product\/6328","targetHints":{"allow":["GET"]}}],"collection":[{"href":"https:\/\/bonitashop.es\/en\/wp-json\/wp\/v2\/product"}],"about":[{"href":"https:\/\/bonitashop.es\/en\/wp-json\/wp\/v2\/types\/product"}],"replies":[{"embeddable":true,"href":"https:\/\/bonitashop.es\/en\/wp-json\/wp\/v2\/comments?post=6328"}],"version-history":[{"count":6,"href":"https:\/\/bonitashop.es\/en\/wp-json\/wp\/v2\/product\/6328\/revisions"}],"predecessor-version":[{"id":7596,"href":"https:\/\/bonitashop.es\/en\/wp-json\/wp\/v2\/product\/6328\/revisions\/7596"}],"wp:featuredmedia":[{"embeddable":true,"href":"https:\/\/bonitashop.es\/en\/wp-json\/wp\/v2\/media\/7594"}],"wp:attachment":[{"href":"https:\/\/bonitashop.es\/en\/wp-json\/wp\/v2\/media?parent=6328"}],"wp:term":[{"taxonomy":"product_brand","embeddable":true,"href":"https:\/\/bonitashop.es\/en\/wp-json\/wp\/v2\/product_brand?post=6328"},{"taxonomy":"product_cat","embeddable":true,"href":"https:\/\/bonitashop.es\/en\/wp-json\/wp\/v2\/product_cat?post=6328"},{"taxonomy":"product_tag","embeddable":true,"href":"https:\/\/bonitashop.es\/en\/wp-json\/wp\/v2\/product_tag?post=6328"}],"curies":[{"name":"wp","href":"https:\/\/api.w.org\/{rel}","templated":true}]}}