{"id":6335,"date":"2026-01-11T20:25:23","date_gmt":"2026-01-11T19:25:23","guid":{"rendered":"https:\/\/bonitashop.es\/?post_type=product&#038;p=6335"},"modified":"2026-03-31T15:22:57","modified_gmt":"2026-03-31T14:22:57","slug":"perfume-asad-lattafa-100ml","status":"publish","type":"product","link":"https:\/\/bonitashop.es\/en\/product\/perfume-asad-lattafa-100ml\/","title":{"rendered":"Perfume Asad Lattafa 100ml + Regalo Minitalla 35ml"},"content":{"rendered":"<p>\u00bfA que huele el perfume Asad Lattafa?<\/p>\n<p>Esta fragancia es un homenaje a la fuerza, al coraje y al esp\u00edritu indomable del hombre moderno, acentuando tu personalidad distintiva a cada paso que das.<\/p>\n<p>Notas de salida: pimienta negra, tabaco y pi\u00f1a<\/p>\n<p>Notas de coraz\u00f3n: pachul\u00ed, caf\u00e9 y iris<\/p>\n<p>Notas de fondo: vainilla, \u00e1mbar, Madera seca, benju\u00ed y l\u00e1dano<\/p>\n<p>El perfume se distingue por su car\u00e1cter especiado y gourmand.<\/p>\n<p>La composici\u00f3n abre con una mezcla intrigante de notas especiadas que atraen y cautivan. La vainilla a\u00f1ade una dulzura suave y seductora, mientras que el \u00e1mbar y la madera de s\u00e1ndalo proporcionan un tel\u00f3n de fondo c\u00e1lido y masculino.<\/p>\n<p>La fragancia se cierra con un toque picante de clavo, aportando una profundidad y una riqueza inigualables. Esta es una fragancia c\u00e1lida que es ideal para los meses m\u00e1s fr\u00edos, evocando una sensaci\u00f3n de comodidad y sofisticaci\u00f3n.<\/p>\n<p>Lattafa Asad es un perfume que no solo huele bien, sino que tambi\u00e9n habla de quien eres. Es un llamado a abrazar tu masculinidad y a celebrar tu individualidad.<\/p>","protected":false},"excerpt":{"rendered":"<p>Lattafa Asad es un eau de parfum para hombres que personifica la masculinidad audaz y robusta, la traducci\u00f3n del nombre \u00abAsad\u00bb del \u00e1rabe ser\u00eda \u00abLe\u00f3n\u00bb.<\/p>","protected":false},"featured_media":7597,"comment_status":"open","ping_status":"closed","template":"","meta":{"_joinchat":[]},"product_brand":[],"product_cat":[200],"product_tag":[],"class_list":{"0":"post-6335","1":"product","2":"type-product","3":"status-publish","4":"has-post-thumbnail","6":"product_cat-perfumes-arabes","8":"first","9":"instock","10":"sale","11":"featured","12":"taxable","13":"shipping-taxable","14":"purchasable","15":"product-type-simple"},"_links":{"self":[{"href":"https:\/\/bonitashop.es\/en\/wp-json\/wp\/v2\/product\/6335","targetHints":{"allow":["GET"]}}],"collection":[{"href":"https:\/\/bonitashop.es\/en\/wp-json\/wp\/v2\/product"}],"about":[{"href":"https:\/\/bonitashop.es\/en\/wp-json\/wp\/v2\/types\/product"}],"replies":[{"embeddable":true,"href":"https:\/\/bonitashop.es\/en\/wp-json\/wp\/v2\/comments?post=6335"}],"version-history":[{"count":9,"href":"https:\/\/bonitashop.es\/en\/wp-json\/wp\/v2\/product\/6335\/revisions"}],"predecessor-version":[{"id":7580,"href":"https:\/\/bonitashop.es\/en\/wp-json\/wp\/v2\/product\/6335\/revisions\/7580"}],"wp:featuredmedia":[{"embeddable":true,"href":"https:\/\/bonitashop.es\/en\/wp-json\/wp\/v2\/media\/7597"}],"wp:attachment":[{"href":"https:\/\/bonitashop.es\/en\/wp-json\/wp\/v2\/media?parent=6335"}],"wp:term":[{"taxonomy":"product_brand","embeddable":true,"href":"https:\/\/bonitashop.es\/en\/wp-json\/wp\/v2\/product_brand?post=6335"},{"taxonomy":"product_cat","embeddable":true,"href":"https:\/\/bonitashop.es\/en\/wp-json\/wp\/v2\/product_cat?post=6335"},{"taxonomy":"product_tag","embeddable":true,"href":"https:\/\/bonitashop.es\/en\/wp-json\/wp\/v2\/product_tag?post=6335"}],"curies":[{"name":"wp","href":"https:\/\/api.w.org\/{rel}","templated":true}]}}