{"id":6342,"date":"2026-01-11T20:35:53","date_gmt":"2026-01-11T19:35:53","guid":{"rendered":"https:\/\/bonitashop.es\/?post_type=product&#038;p=6342"},"modified":"2026-03-28T10:16:29","modified_gmt":"2026-03-28T09:16:29","slug":"aceite-concentrado-yara-lattafa-20ml","status":"publish","type":"product","link":"https:\/\/bonitashop.es\/en\/product\/aceite-concentrado-yara-lattafa-20ml\/","title":{"rendered":"Aceite Concentrado Yara Lattafa 20ml"},"content":{"rendered":"<p>Las notas de salida son inmediatamente placenteras: la mandarina aporta frescura, mientras que el heliotropo , la orqu\u00eddea y la peon\u00eda inundan el aire con un suave velo floral y rom\u00e1ntico. Es una introducci\u00f3n suave pero encantadora a la fragancia.<\/p>\n<p>En el coraz\u00f3n de la fragancia se encuentran jugosas frutas tropicales , llenas de calidez, dulzura y alegr\u00eda. Enriquecen la fragancia con energ\u00eda, d\u00e1ndole una sensual ligereza y un car\u00e1cter ex\u00f3tico.<\/p>\n<p>En la base, la vainilla se mezcla con el delicado almizcle y el lujoso s\u00e1ndalo , creando una estela aterciopelada y duradera que calienta la piel y crea una sensaci\u00f3n de comodidad.<\/p>\n<p>Notas de salida: heliotropo, mandarina, orqu\u00eddea, peon\u00eda.<\/p>\n<p>Notas de coraz\u00f3n: frutas tropicales.<\/p>\n<p>Notas de fondo: vainilla, almizcle, s\u00e1ndalo.<\/p>\n<p>Yara es una fragancia que combina la dulce calidez femenina con un sutil misterio oriental. Una opci\u00f3n ideal para el d\u00eda a d\u00eda o para una noche especial.<\/p>\n<p>20ml<\/p>","protected":false},"excerpt":{"rendered":"<p>Yara es una fragancia que te envuelve como una ligera brisa tropical.<\/p>\n<p>C\u00edtricos jugosos y delicadas flores se fusionan con frutas dulces y notas c\u00e1lidas y sedosas.<\/p>\n<p>Una versi\u00f3n a\u00fan m\u00e1s intensa.<\/p>","protected":false},"featured_media":6343,"comment_status":"open","ping_status":"closed","template":"","meta":{"_joinchat":[]},"product_brand":[],"product_cat":[200],"product_tag":[],"class_list":{"0":"post-6342","1":"product","2":"type-product","3":"status-publish","4":"has-post-thumbnail","6":"product_cat-perfumes-arabes","8":"first","9":"instock","10":"sale","11":"taxable","12":"shipping-taxable","13":"purchasable","14":"product-type-simple"},"_links":{"self":[{"href":"https:\/\/bonitashop.es\/en\/wp-json\/wp\/v2\/product\/6342","targetHints":{"allow":["GET"]}}],"collection":[{"href":"https:\/\/bonitashop.es\/en\/wp-json\/wp\/v2\/product"}],"about":[{"href":"https:\/\/bonitashop.es\/en\/wp-json\/wp\/v2\/types\/product"}],"replies":[{"embeddable":true,"href":"https:\/\/bonitashop.es\/en\/wp-json\/wp\/v2\/comments?post=6342"}],"version-history":[{"count":10,"href":"https:\/\/bonitashop.es\/en\/wp-json\/wp\/v2\/product\/6342\/revisions"}],"predecessor-version":[{"id":7636,"href":"https:\/\/bonitashop.es\/en\/wp-json\/wp\/v2\/product\/6342\/revisions\/7636"}],"wp:featuredmedia":[{"embeddable":true,"href":"https:\/\/bonitashop.es\/en\/wp-json\/wp\/v2\/media\/6343"}],"wp:attachment":[{"href":"https:\/\/bonitashop.es\/en\/wp-json\/wp\/v2\/media?parent=6342"}],"wp:term":[{"taxonomy":"product_brand","embeddable":true,"href":"https:\/\/bonitashop.es\/en\/wp-json\/wp\/v2\/product_brand?post=6342"},{"taxonomy":"product_cat","embeddable":true,"href":"https:\/\/bonitashop.es\/en\/wp-json\/wp\/v2\/product_cat?post=6342"},{"taxonomy":"product_tag","embeddable":true,"href":"https:\/\/bonitashop.es\/en\/wp-json\/wp\/v2\/product_tag?post=6342"}],"curies":[{"name":"wp","href":"https:\/\/api.w.org\/{rel}","templated":true}]}}