{"id":6361,"date":"2026-01-11T22:07:12","date_gmt":"2026-01-11T21:07:12","guid":{"rendered":"https:\/\/bonitashop.es\/?post_type=product&#038;p=6361"},"modified":"2026-01-12T01:02:13","modified_gmt":"2026-01-12T00:02:13","slug":"maquillaje-fluido-ddonna","status":"publish","type":"product","link":"https:\/\/bonitashop.es\/en\/product\/maquillaje-fluido-ddonna\/","title":{"rendered":"Maquillaje Fluido DDONNA"},"content":{"rendered":"<div class=\"product-tabs tabs\">\n<div id=\"tab-content\" class=\"tab-content\">\n<div id=\"description\" class=\"tab-pane fade in active\" role=\"tabpanel\">\n<div class=\"product-description\">\n<p>Consiga un cutis perfecto con Airbrush Fawless de DDONNA, una base de maquillaje l\u00edquido ligera con pigmentos que perfeccionan la piel para obtener un acabado natural. Su f\u00f3rmula ultracremosa se absorbe por la piel sin esfuerzo alguno, y proporciona una capa uniforme y de larga duraci\u00f3n para que pueda tener un cutis suave y radiante con cada aplicaci\u00f3n. Combinable y modulable.<\/p>\n<p>Esta es una base de \u00faltima generaci\u00f3n y alto rendimiento con efectos suavizadores y difuminadores de poros Airbrush.Hidrata la piel durante hasta 24 horas.<\/p>\n<\/div>\n<\/div>\n<\/div>\n<\/div>","protected":false},"excerpt":{"rendered":"<p>Consiga un cutis perfecto con Airbrush Fawless de DDONNA, una base de maquillaje l\u00edquido ligera con pigmentos que perfeccionan la piel para obtener un acabado natural.<\/p>","protected":false},"featured_media":6370,"comment_status":"open","ping_status":"closed","template":"","meta":{"_joinchat":[]},"product_brand":[],"product_cat":[202],"product_tag":[],"class_list":{"0":"post-6361","1":"product","2":"type-product","3":"status-publish","4":"has-post-thumbnail","6":"product_cat-maquillaje-y-correctores","8":"first","9":"instock","10":"taxable","11":"shipping-taxable","12":"purchasable","13":"product-type-variable"},"_links":{"self":[{"href":"https:\/\/bonitashop.es\/en\/wp-json\/wp\/v2\/product\/6361","targetHints":{"allow":["GET"]}}],"collection":[{"href":"https:\/\/bonitashop.es\/en\/wp-json\/wp\/v2\/product"}],"about":[{"href":"https:\/\/bonitashop.es\/en\/wp-json\/wp\/v2\/types\/product"}],"replies":[{"embeddable":true,"href":"https:\/\/bonitashop.es\/en\/wp-json\/wp\/v2\/comments?post=6361"}],"version-history":[{"count":3,"href":"https:\/\/bonitashop.es\/en\/wp-json\/wp\/v2\/product\/6361\/revisions"}],"predecessor-version":[{"id":6414,"href":"https:\/\/bonitashop.es\/en\/wp-json\/wp\/v2\/product\/6361\/revisions\/6414"}],"wp:featuredmedia":[{"embeddable":true,"href":"https:\/\/bonitashop.es\/en\/wp-json\/wp\/v2\/media\/6370"}],"wp:attachment":[{"href":"https:\/\/bonitashop.es\/en\/wp-json\/wp\/v2\/media?parent=6361"}],"wp:term":[{"taxonomy":"product_brand","embeddable":true,"href":"https:\/\/bonitashop.es\/en\/wp-json\/wp\/v2\/product_brand?post=6361"},{"taxonomy":"product_cat","embeddable":true,"href":"https:\/\/bonitashop.es\/en\/wp-json\/wp\/v2\/product_cat?post=6361"},{"taxonomy":"product_tag","embeddable":true,"href":"https:\/\/bonitashop.es\/en\/wp-json\/wp\/v2\/product_tag?post=6361"}],"curies":[{"name":"wp","href":"https:\/\/api.w.org\/{rel}","templated":true}]}}