{"id":6371,"date":"2026-01-11T22:40:42","date_gmt":"2026-01-11T21:40:42","guid":{"rendered":"https:\/\/bonitashop.es\/?post_type=product&#038;p=6371"},"modified":"2026-01-12T01:00:14","modified_gmt":"2026-01-12T00:00:14","slug":"corrector-ddonna","status":"publish","type":"product","link":"https:\/\/bonitashop.es\/en\/product\/corrector-ddonna\/","title":{"rendered":"Corrector DDONNA"},"content":{"rendered":"<div class=\"product-tabs tabs\">\n<div id=\"tab-content\" class=\"tab-content\">\n<div id=\"description\" class=\"tab-pane fade active in\" role=\"tabpanel\" aria-expanded=\"true\">\n<div class=\"product-description\">\n<p><strong>Un corrector ligero e hidratante para una cobertura media o total sin sensaci\u00f3n pastosa que se mantiene sobre tu piel con un acabado radiante y lleno de luz.<\/strong><\/p>\n<p><strong>Este corrector esconde instant\u00e1neamente manchas, ojeras y rojeces<\/strong> con<strong> una cobertura a la medida y un acabado uniforme sobre tu piel que evitar\u00e1 sensaciones pastosas y la aparici\u00f3n de l\u00edneas finas. Resulta cremoso e hidratante, a la vez que duradero y resistente al sudor. Adem\u00e1s se presenta en los mismos 6 tonos de la Liquid Touch Foundation.<\/strong><\/p>\n<\/div>\n<\/div>\n<\/div>\n<\/div>","protected":false},"excerpt":{"rendered":"<p>CONCEALER SERUM LIQUID. Un corrector de cobertura de media a total de larga duraci\u00f3n que cubre, calma y conserva su elasticidad sin agrietarse ni acumularse en los surcos de la cara.<\/p>","protected":false},"featured_media":6372,"comment_status":"open","ping_status":"closed","template":"","meta":{"_joinchat":[]},"product_brand":[],"product_cat":[202],"product_tag":[],"class_list":{"0":"post-6371","1":"product","2":"type-product","3":"status-publish","4":"has-post-thumbnail","6":"product_cat-maquillaje-y-correctores","8":"first","9":"instock","10":"taxable","11":"shipping-taxable","12":"purchasable","13":"product-type-variable"},"_links":{"self":[{"href":"https:\/\/bonitashop.es\/en\/wp-json\/wp\/v2\/product\/6371","targetHints":{"allow":["GET"]}}],"collection":[{"href":"https:\/\/bonitashop.es\/en\/wp-json\/wp\/v2\/product"}],"about":[{"href":"https:\/\/bonitashop.es\/en\/wp-json\/wp\/v2\/types\/product"}],"replies":[{"embeddable":true,"href":"https:\/\/bonitashop.es\/en\/wp-json\/wp\/v2\/comments?post=6371"}],"version-history":[{"count":3,"href":"https:\/\/bonitashop.es\/en\/wp-json\/wp\/v2\/product\/6371\/revisions"}],"predecessor-version":[{"id":6412,"href":"https:\/\/bonitashop.es\/en\/wp-json\/wp\/v2\/product\/6371\/revisions\/6412"}],"wp:featuredmedia":[{"embeddable":true,"href":"https:\/\/bonitashop.es\/en\/wp-json\/wp\/v2\/media\/6372"}],"wp:attachment":[{"href":"https:\/\/bonitashop.es\/en\/wp-json\/wp\/v2\/media?parent=6371"}],"wp:term":[{"taxonomy":"product_brand","embeddable":true,"href":"https:\/\/bonitashop.es\/en\/wp-json\/wp\/v2\/product_brand?post=6371"},{"taxonomy":"product_cat","embeddable":true,"href":"https:\/\/bonitashop.es\/en\/wp-json\/wp\/v2\/product_cat?post=6371"},{"taxonomy":"product_tag","embeddable":true,"href":"https:\/\/bonitashop.es\/en\/wp-json\/wp\/v2\/product_tag?post=6371"}],"curies":[{"name":"wp","href":"https:\/\/api.w.org\/{rel}","templated":true}]}}