{"id":6437,"date":"2026-01-12T18:07:22","date_gmt":"2026-01-12T17:07:22","guid":{"rendered":"https:\/\/bonitashop.es\/?post_type=product&#038;p=6437"},"modified":"2026-01-18T20:29:11","modified_gmt":"2026-01-18T19:29:11","slug":"perfume-new-way-girl-100ml","status":"publish","type":"product","link":"https:\/\/bonitashop.es\/en\/product\/perfume-new-way-girl-100ml\/","title":{"rendered":"Perfume NEW WAY GIRL 100ml"},"content":{"rendered":"<p>La fragancia New Way Girl de Montage es un Eau de Parfum femenino, luminoso y sofisticado, que pertenece a la familia olfativa floral.<\/p>\n<div class=\"otQkpb\" role=\"heading\" data-animation-nesting=\"\" data-sfc-cp=\"\" data-processed=\"true\" data-sae=\"\" data-complete=\"true\">Perfil Olfativo<\/div>\n<div class=\"Y3BBE\" data-sfc-cp=\"\" data-hveid=\"CAQQAA\" data-processed=\"true\" data-complete=\"true\">La composici\u00f3n de la fragancia se caracteriza por una combinaci\u00f3n de notas florales blancas y c\u00edtricas con un fondo avainillado y anim\u00e1lico.<span class=\"uJ19be notranslate\" data-wiz-uids=\"UTEWnc_q\" data-complete=\"true\" data-processed=\"true\"><span class=\"vKEkVd\" data-animation-atomic=\"\" data-wiz-attrbind=\"class=UTEWnc_p\/TKHnVd\" data-sae=\"\">\u00a0<\/span><\/span><\/div>\n<ul class=\"KsbFXc U6u95\" data-complete=\"true\" data-processed=\"true\">\n<li data-hveid=\"CAUQAA\" data-complete=\"true\" data-sae=\"\"><span class=\"T286Pc\" data-sfc-cp=\"\" data-complete=\"true\"><strong class=\"Yjhzub\" data-complete=\"true\">Notas de Salida<\/strong>: bergamota de Calabria y flor de azahar del naranjo de Egipto, que proporcionan un comienzo chispeante y fresco.<\/span><\/li>\n<li data-hveid=\"CAUQAQ\" data-complete=\"true\" data-sae=\"\"><span class=\"T286Pc\" data-sfc-cp=\"\" data-complete=\"true\"><strong class=\"Yjhzub\" data-complete=\"true\">Notas de Coraz\u00f3n<\/strong>: nardos de la India y jazm\u00edn de la India, que forman un coraz\u00f3n floral brillante e ic\u00f3nico.<\/span><\/li>\n<li data-hveid=\"CAUQAg\" data-complete=\"true\" data-sae=\"\"><span class=\"T286Pc\" data-sfc-cp=\"\" data-complete=\"true\"><strong class=\"Yjhzub\" data-complete=\"true\">Notas de Fondo<\/strong>: vainilla de Madagascar, almizcle blanco y madera de cedro de Virginia, que aportan una base envolvente, sensual y duradera.<\/span><span class=\"uJ19be notranslate\" data-wiz-uids=\"UTEWnc_13\" data-complete=\"true\"><span class=\"vKEkVd\" data-animation-atomic=\"\" data-wiz-attrbind=\"class=UTEWnc_12\/TKHnVd\" data-sae=\"\">\u00a0<\/span><\/span><\/li>\n<\/ul>\n<div class=\"Fsg96\" data-sfc-cp=\"\" data-complete=\"true\" data-processed=\"true\"><\/div>\n<div class=\"otQkpb\" role=\"heading\" data-animation-nesting=\"\" data-sfc-cp=\"\" data-processed=\"true\" data-sae=\"\" data-complete=\"true\">Caracter\u00edsticas Principales<\/div>\n<ul class=\"KsbFXc U6u95\" data-processed=\"true\" data-complete=\"true\">\n<li data-hveid=\"CAcQAA\" data-complete=\"true\" data-sae=\"\"><span class=\"T286Pc\" data-sfc-cp=\"\" data-complete=\"true\"><strong class=\"Yjhzub\" data-complete=\"true\">Acordes Principales<\/strong>: florales blancos, nardos, c\u00edtricos, anim\u00e1licos y avainillados.<\/span><\/li>\n<li data-hveid=\"CAcQAQ\" data-complete=\"true\" data-sae=\"\"><span class=\"T286Pc\" data-sfc-cp=\"\" data-complete=\"true\"><strong class=\"Yjhzub\" data-complete=\"true\">Sensaci\u00f3n<\/strong>: se describe como un aroma elegante, cautivador y vers\u00e1til, adecuado tanto para el d\u00eda a d\u00eda como para ocasiones especiales.<\/span><\/li>\n<li data-hveid=\"CAcQAg\" data-complete=\"true\" data-sae=\"\"><span class=\"T286Pc\" data-sfc-cp=\"\" data-complete=\"true\"><strong class=\"Yjhzub\" data-complete=\"true\">Longevidad<\/strong>: la concentraci\u00f3n Eau de Parfum suele ofrecer una duraci\u00f3n considerable en la piel.<\/span><\/li>\n<li data-hveid=\"CAcQAw\" data-sae=\"\" data-complete=\"true\"><span class=\"T286Pc\" data-sfc-cp=\"\" data-complete=\"true\"><strong class=\"Yjhzub\" data-complete=\"true\">Presentaci\u00f3n<\/strong>: la marca Montage Brands se enfoca en ofrecer fragancias accesibles con una presentaci\u00f3n cuidada y atractiva.<\/span><span class=\"uJ19be notranslate\" data-wiz-uids=\"UTEWnc_1o\" data-complete=\"true\"><span class=\"vKEkVd\" data-animation-atomic=\"\" data-wiz-attrbind=\"class=UTEWnc_1n\/TKHnVd\" data-sae=\"\">\u00a0<\/span><\/span><\/li>\n<\/ul>","protected":false},"excerpt":{"rendered":"<p>Es una fragancia inspirada en el perfume My Way de Giorgio Armani.<span class=\"uJ19be notranslate\" data-wiz-uids=\"UTEWnc_g\" data-complete=\"true\" data-processed=\"true\"><span class=\"vKEkVd\" data-animation-atomic=\"\" data-wiz-attrbind=\"class=UTEWnc_f\/TKHnVd\" data-sae=\"\">\u00a0<\/span><\/span><\/p>","protected":false},"featured_media":6438,"comment_status":"open","ping_status":"closed","template":"","meta":{"_joinchat":[]},"product_brand":[],"product_cat":[197],"product_tag":[],"class_list":{"0":"post-6437","1":"product","2":"type-product","3":"status-publish","4":"has-post-thumbnail","6":"product_cat-perfumes","8":"first","9":"instock","10":"taxable","11":"shipping-taxable","12":"purchasable","13":"product-type-simple"},"_links":{"self":[{"href":"https:\/\/bonitashop.es\/en\/wp-json\/wp\/v2\/product\/6437","targetHints":{"allow":["GET"]}}],"collection":[{"href":"https:\/\/bonitashop.es\/en\/wp-json\/wp\/v2\/product"}],"about":[{"href":"https:\/\/bonitashop.es\/en\/wp-json\/wp\/v2\/types\/product"}],"replies":[{"embeddable":true,"href":"https:\/\/bonitashop.es\/en\/wp-json\/wp\/v2\/comments?post=6437"}],"version-history":[{"count":3,"href":"https:\/\/bonitashop.es\/en\/wp-json\/wp\/v2\/product\/6437\/revisions"}],"predecessor-version":[{"id":6879,"href":"https:\/\/bonitashop.es\/en\/wp-json\/wp\/v2\/product\/6437\/revisions\/6879"}],"wp:featuredmedia":[{"embeddable":true,"href":"https:\/\/bonitashop.es\/en\/wp-json\/wp\/v2\/media\/6438"}],"wp:attachment":[{"href":"https:\/\/bonitashop.es\/en\/wp-json\/wp\/v2\/media?parent=6437"}],"wp:term":[{"taxonomy":"product_brand","embeddable":true,"href":"https:\/\/bonitashop.es\/en\/wp-json\/wp\/v2\/product_brand?post=6437"},{"taxonomy":"product_cat","embeddable":true,"href":"https:\/\/bonitashop.es\/en\/wp-json\/wp\/v2\/product_cat?post=6437"},{"taxonomy":"product_tag","embeddable":true,"href":"https:\/\/bonitashop.es\/en\/wp-json\/wp\/v2\/product_tag?post=6437"}],"curies":[{"name":"wp","href":"https:\/\/api.w.org\/{rel}","templated":true}]}}