{"id":6443,"date":"2026-01-12T18:14:29","date_gmt":"2026-01-12T17:14:29","guid":{"rendered":"https:\/\/bonitashop.es\/?post_type=product&#038;p=6443"},"modified":"2026-01-18T20:15:11","modified_gmt":"2026-01-18T19:15:11","slug":"perfume-mon-glam-paris-100ml","status":"publish","type":"product","link":"https:\/\/bonitashop.es\/en\/product\/perfume-mon-glam-paris-100ml\/","title":{"rendered":"Perfume MON GLAM PARIS 100ml"},"content":{"rendered":"<p>Mon Glam Paris para mujer es una fragancia chipre frutal que se caracteriza por una apertura brillante y afrutada, un coraz\u00f3n floral intenso y una base sofisticada y almizclada. Se describe como una fragancia rom\u00e1ntica, femenina y moderna, ideal para el uso diario o eventos especiales.<\/p>\n<div class=\"otQkpb\" role=\"heading\" data-animation-nesting=\"\" data-sfc-cp=\"\" data-processed=\"true\" data-sae=\"\" data-complete=\"true\">Perfil Olfativo<\/div>\n<div class=\"Y3BBE\" data-sfc-cp=\"\" data-hveid=\"CAQQAA\" data-complete=\"true\" data-processed=\"true\">La fragancia se abre con notas jugosas y chispeantes para una sensaci\u00f3n inicial fresca y alegre. El coraz\u00f3n introduce una mezcla floral dulce y especiada, antes de asentarse en una base c\u00e1lida y amaderada.<span class=\"uJ19be notranslate\" data-wiz-uids=\"OjFULc_q\" data-complete=\"true\" data-processed=\"true\"><span class=\"vKEkVd\" data-animation-atomic=\"\" data-wiz-attrbind=\"class=OjFULc_p\/TKHnVd\" data-sae=\"\">\u00a0<\/span><\/span><\/div>\n<ul class=\"KsbFXc U6u95\" data-complete=\"true\" data-processed=\"true\">\n<li data-hveid=\"CAUQAA\" data-complete=\"true\" data-sae=\"\"><span class=\"T286Pc\" data-sfc-cp=\"\" data-complete=\"true\"><strong class=\"Yjhzub\" data-complete=\"true\">Notas de Salida<\/strong>: Fresa, frambuesa, pera, naranja, naranja tangerina, bergamota de Calabria y calone.<\/span><\/li>\n<li data-hveid=\"CAUQAQ\" data-complete=\"true\" data-sae=\"\"><span class=\"T286Pc\" data-sfc-cp=\"\" data-complete=\"true\"><strong class=\"Yjhzub\" data-complete=\"true\">Notas de Coraz\u00f3n<\/strong>: Peon\u00eda, jazm\u00edn sambac, jazm\u00edn chino, datura y flor de azahar del naranjo.<\/span><\/li>\n<li data-hveid=\"CAUQAg\" data-complete=\"true\" data-sae=\"\"><span class=\"T286Pc\" data-sfc-cp=\"\" data-complete=\"true\"><strong class=\"Yjhzub\" data-complete=\"true\">Notas de Fondo<\/strong>: Hojas de pachul\u00ed de Indonesia, pachul\u00ed, almizcle blanco, vainilla, ambroxan, musgo y cedro.<\/span><span class=\"uJ19be notranslate\" data-wiz-uids=\"OjFULc_14\" data-complete=\"true\"><span class=\"vKEkVd\" data-animation-atomic=\"\" data-wiz-attrbind=\"class=OjFULc_13\/TKHnVd\" data-sae=\"\">\u00a0<\/span><\/span><\/li>\n<\/ul>","protected":false},"excerpt":{"rendered":"<p>El perfume Mon Glam Paris para mujer est\u00e1 inspirado directamente en la fragancia de lujo Mon Paris de Yves Saint Laurent (YSL).<\/p>","protected":false},"featured_media":6444,"comment_status":"open","ping_status":"closed","template":"","meta":{"_joinchat":[]},"product_brand":[],"product_cat":[197],"product_tag":[],"class_list":{"0":"post-6443","1":"product","2":"type-product","3":"status-publish","4":"has-post-thumbnail","6":"product_cat-perfumes","8":"first","9":"instock","10":"taxable","11":"shipping-taxable","12":"purchasable","13":"product-type-simple"},"_links":{"self":[{"href":"https:\/\/bonitashop.es\/en\/wp-json\/wp\/v2\/product\/6443","targetHints":{"allow":["GET"]}}],"collection":[{"href":"https:\/\/bonitashop.es\/en\/wp-json\/wp\/v2\/product"}],"about":[{"href":"https:\/\/bonitashop.es\/en\/wp-json\/wp\/v2\/types\/product"}],"replies":[{"embeddable":true,"href":"https:\/\/bonitashop.es\/en\/wp-json\/wp\/v2\/comments?post=6443"}],"version-history":[{"count":4,"href":"https:\/\/bonitashop.es\/en\/wp-json\/wp\/v2\/product\/6443\/revisions"}],"predecessor-version":[{"id":6872,"href":"https:\/\/bonitashop.es\/en\/wp-json\/wp\/v2\/product\/6443\/revisions\/6872"}],"wp:featuredmedia":[{"embeddable":true,"href":"https:\/\/bonitashop.es\/en\/wp-json\/wp\/v2\/media\/6444"}],"wp:attachment":[{"href":"https:\/\/bonitashop.es\/en\/wp-json\/wp\/v2\/media?parent=6443"}],"wp:term":[{"taxonomy":"product_brand","embeddable":true,"href":"https:\/\/bonitashop.es\/en\/wp-json\/wp\/v2\/product_brand?post=6443"},{"taxonomy":"product_cat","embeddable":true,"href":"https:\/\/bonitashop.es\/en\/wp-json\/wp\/v2\/product_cat?post=6443"},{"taxonomy":"product_tag","embeddable":true,"href":"https:\/\/bonitashop.es\/en\/wp-json\/wp\/v2\/product_tag?post=6443"}],"curies":[{"name":"wp","href":"https:\/\/api.w.org\/{rel}","templated":true}]}}