{"id":6449,"date":"2026-01-12T18:26:13","date_gmt":"2026-01-12T17:26:13","guid":{"rendered":"https:\/\/bonitashop.es\/?post_type=product&#038;p=6449"},"modified":"2026-01-18T20:07:13","modified_gmt":"2026-01-18T19:07:13","slug":"perfume-excited-100ml","status":"publish","type":"product","link":"https:\/\/bonitashop.es\/en\/product\/perfume-excited-100ml\/","title":{"rendered":"Perfume EXCITED 100ml"},"content":{"rendered":"<p>El perfume Excited de Close 2 es una fragancia con diferentes perfiles olfativos dependiendo de si es la versi\u00f3n para hombre o para mujer. La versi\u00f3n masculina se caracteriza por ser arom\u00e1tica y amaderada, mientras que la femenina es floral y dulce.<\/p>\n<div class=\"otQkpb\" role=\"heading\" data-animation-nesting=\"\" data-sfc-cp=\"\" data-processed=\"true\" data-sae=\"\" data-complete=\"true\">Excited for Him (Para hombre)<\/div>\n<div class=\"Y3BBE\" data-sfc-cp=\"\" data-hveid=\"CAQQAA\" data-complete=\"true\" data-processed=\"true\">Esta versi\u00f3n es un Eau de Parfum con un aroma caracter\u00edstico foug\u00e8re arom\u00e1tico.<span class=\"uJ19be notranslate\" data-wiz-uids=\"ZNwf7_p\" data-complete=\"true\" data-processed=\"true\"><span class=\"vKEkVd\" data-animation-atomic=\"\" data-wiz-attrbind=\"class=ZNwf7_o\/TKHnVd\" data-sae=\"\">\u00a0<\/span><\/span><\/div>\n<ul class=\"KsbFXc U6u95\" data-processed=\"true\" data-complete=\"true\">\n<li data-hveid=\"CAUQAA\" data-complete=\"true\" data-sae=\"\"><span class=\"T286Pc\" data-sfc-cp=\"\" data-complete=\"true\"><strong class=\"Yjhzub\" data-complete=\"true\">Notas de salida<\/strong>: Mandarina y salvia.<\/span><\/li>\n<li data-hveid=\"CAUQAQ\" data-complete=\"true\" data-sae=\"\"><span class=\"T286Pc\" data-sfc-cp=\"\" data-complete=\"true\"><strong class=\"Yjhzub\" data-complete=\"true\">Notas de coraz\u00f3n<\/strong>: Caramelo y haba tonka.<\/span><\/li>\n<li data-hveid=\"CAUQAg\" data-complete=\"true\" data-sae=\"\"><span class=\"T286Pc\" data-sfc-cp=\"\" data-complete=\"true\"><strong class=\"Yjhzub\" data-complete=\"true\">Nota de fondo<\/strong>: Vetiver<\/span><\/li>\n<\/ul>","protected":false},"excerpt":{"rendered":"<p>Est\u00e1 inspirado en\u00a0<strong class=\"Yjhzub\" data-complete=\"true\" data-processed=\"true\">Scandal Pour Homme de Jean Paul Gaultier.<\/strong><\/p>","protected":false},"featured_media":6450,"comment_status":"open","ping_status":"closed","template":"","meta":{"_joinchat":[]},"product_brand":[],"product_cat":[197],"product_tag":[],"class_list":{"0":"post-6449","1":"product","2":"type-product","3":"status-publish","4":"has-post-thumbnail","6":"product_cat-perfumes","8":"first","9":"instock","10":"taxable","11":"shipping-taxable","12":"purchasable","13":"product-type-simple"},"_links":{"self":[{"href":"https:\/\/bonitashop.es\/en\/wp-json\/wp\/v2\/product\/6449","targetHints":{"allow":["GET"]}}],"collection":[{"href":"https:\/\/bonitashop.es\/en\/wp-json\/wp\/v2\/product"}],"about":[{"href":"https:\/\/bonitashop.es\/en\/wp-json\/wp\/v2\/types\/product"}],"replies":[{"embeddable":true,"href":"https:\/\/bonitashop.es\/en\/wp-json\/wp\/v2\/comments?post=6449"}],"version-history":[{"count":4,"href":"https:\/\/bonitashop.es\/en\/wp-json\/wp\/v2\/product\/6449\/revisions"}],"predecessor-version":[{"id":6867,"href":"https:\/\/bonitashop.es\/en\/wp-json\/wp\/v2\/product\/6449\/revisions\/6867"}],"wp:featuredmedia":[{"embeddable":true,"href":"https:\/\/bonitashop.es\/en\/wp-json\/wp\/v2\/media\/6450"}],"wp:attachment":[{"href":"https:\/\/bonitashop.es\/en\/wp-json\/wp\/v2\/media?parent=6449"}],"wp:term":[{"taxonomy":"product_brand","embeddable":true,"href":"https:\/\/bonitashop.es\/en\/wp-json\/wp\/v2\/product_brand?post=6449"},{"taxonomy":"product_cat","embeddable":true,"href":"https:\/\/bonitashop.es\/en\/wp-json\/wp\/v2\/product_cat?post=6449"},{"taxonomy":"product_tag","embeddable":true,"href":"https:\/\/bonitashop.es\/en\/wp-json\/wp\/v2\/product_tag?post=6449"}],"curies":[{"name":"wp","href":"https:\/\/api.w.org\/{rel}","templated":true}]}}