{"id":6452,"date":"2026-01-12T18:27:58","date_gmt":"2026-01-12T17:27:58","guid":{"rendered":"https:\/\/bonitashop.es\/?post_type=product&#038;p=6452"},"modified":"2026-01-18T20:03:50","modified_gmt":"2026-01-18T19:03:50","slug":"perfume-lambada-100ml","status":"publish","type":"product","link":"https:\/\/bonitashop.es\/en\/product\/perfume-lambada-100ml\/","title":{"rendered":"Perfume LAMBADA 100ml"},"content":{"rendered":"<p>El perfume Lambada Woman de Chatler es un Eau de Parfum femenino descrito como sensual, adictivo e intenso, con un perfil olfativo floral y afrutado. Est\u00e1 inspirado en la fragancia La Bomba de Carolina Herrera.<\/p>\n<div class=\"otQkpb\" role=\"heading\" data-animation-nesting=\"\" data-sfc-cp=\"\" data-complete=\"true\" data-processed=\"true\" data-sae=\"\">Perfil Olfativo<\/div>\n<div class=\"Y3BBE\" data-sfc-cp=\"\" data-hveid=\"CAQQAA\" data-processed=\"true\" data-complete=\"true\">Seg\u00fan varias tiendas en l\u00ednea y rese\u00f1as, la fragancia se caracteriza por ser una mezcla gourmand y amaderada, ideal para climas fr\u00edos o eventos nocturnos.<span class=\"uJ19be notranslate\" data-wiz-uids=\"niYTue_q\" data-processed=\"true\" data-complete=\"true\"><span class=\"vKEkVd\" data-animation-atomic=\"\" data-wiz-attrbind=\"class=niYTue_p\/TKHnVd\" data-sae=\"\">\u00a0<\/span><\/span><\/div>\n<ul class=\"KsbFXc U6u95\" data-processed=\"true\" data-complete=\"true\">\n<li data-hveid=\"CAUQAA\" data-complete=\"true\" data-sae=\"\"><span class=\"T286Pc\" data-sfc-cp=\"\" data-complete=\"true\"><strong class=\"Yjhzub\" data-complete=\"true\">Coraz\u00f3n Dulce<\/strong>: La composici\u00f3n destaca por sus notas de fondo y coraz\u00f3n, centradas en la\u00a0<strong class=\"Yjhzub\" data-complete=\"true\">vainilla<\/strong>, el\u00a0<strong class=\"Yjhzub\" data-complete=\"true\">pralin\u00e9<\/strong>\u00a0y el\u00a0<strong class=\"Yjhzub\" data-complete=\"true\">caramelo<\/strong>.<\/span><\/li>\n<li data-hveid=\"CAUQAQ\" data-sae=\"\" data-complete=\"true\"><span class=\"T286Pc\" data-sfc-cp=\"\" data-complete=\"true\"><strong class=\"Yjhzub\" data-complete=\"true\">Impresi\u00f3n general<\/strong>: Se describe como una fragancia que envuelve, seduce y deja una estela memorable. Los minoristas mencionan que tiene una fragancia duradera, con una duraci\u00f3n estimada de hasta 8 horas, y es un perfume vegano.<\/span><span class=\"uJ19be notranslate\" data-wiz-uids=\"niYTue_13\" data-complete=\"true\"><span class=\"vKEkVd\" data-animation-atomic=\"\" data-wiz-attrbind=\"class=niYTue_12\/TKHnVd\" data-sae=\"\">\u00a0<\/span><\/span><\/li>\n<\/ul>","protected":false},"excerpt":{"rendered":"<p>El perfume\u00a0<strong class=\"Yjhzub\" data-complete=\"true\" data-processed=\"true\">Lambada Woman de Chatler<\/strong>\u00a0est\u00e1 inspirado en la fragancia\u00a0<strong class=\"Yjhzub\" data-complete=\"true\" data-processed=\"true\">La Bomba<\/strong> de Carolina Herrera.<\/p>","protected":false},"featured_media":6453,"comment_status":"open","ping_status":"closed","template":"","meta":{"_joinchat":[]},"product_brand":[],"product_cat":[197],"product_tag":[],"class_list":{"0":"post-6452","1":"product","2":"type-product","3":"status-publish","4":"has-post-thumbnail","6":"product_cat-perfumes","8":"first","9":"instock","10":"taxable","11":"shipping-taxable","12":"purchasable","13":"product-type-simple"},"_links":{"self":[{"href":"https:\/\/bonitashop.es\/en\/wp-json\/wp\/v2\/product\/6452","targetHints":{"allow":["GET"]}}],"collection":[{"href":"https:\/\/bonitashop.es\/en\/wp-json\/wp\/v2\/product"}],"about":[{"href":"https:\/\/bonitashop.es\/en\/wp-json\/wp\/v2\/types\/product"}],"replies":[{"embeddable":true,"href":"https:\/\/bonitashop.es\/en\/wp-json\/wp\/v2\/comments?post=6452"}],"version-history":[{"count":3,"href":"https:\/\/bonitashop.es\/en\/wp-json\/wp\/v2\/product\/6452\/revisions"}],"predecessor-version":[{"id":6864,"href":"https:\/\/bonitashop.es\/en\/wp-json\/wp\/v2\/product\/6452\/revisions\/6864"}],"wp:featuredmedia":[{"embeddable":true,"href":"https:\/\/bonitashop.es\/en\/wp-json\/wp\/v2\/media\/6453"}],"wp:attachment":[{"href":"https:\/\/bonitashop.es\/en\/wp-json\/wp\/v2\/media?parent=6452"}],"wp:term":[{"taxonomy":"product_brand","embeddable":true,"href":"https:\/\/bonitashop.es\/en\/wp-json\/wp\/v2\/product_brand?post=6452"},{"taxonomy":"product_cat","embeddable":true,"href":"https:\/\/bonitashop.es\/en\/wp-json\/wp\/v2\/product_cat?post=6452"},{"taxonomy":"product_tag","embeddable":true,"href":"https:\/\/bonitashop.es\/en\/wp-json\/wp\/v2\/product_tag?post=6452"}],"curies":[{"name":"wp","href":"https:\/\/api.w.org\/{rel}","templated":true}]}}