{"id":6455,"date":"2026-01-12T18:38:17","date_gmt":"2026-01-12T17:38:17","guid":{"rendered":"https:\/\/bonitashop.es\/?post_type=product&#038;p=6455"},"modified":"2026-01-18T20:01:14","modified_gmt":"2026-01-18T19:01:14","slug":"colonia-invincible-dark-100ml","status":"publish","type":"product","link":"https:\/\/bonitashop.es\/en\/product\/colonia-invincible-dark-100ml\/","title":{"rendered":"Colonia Invincible Dark 100ml"},"content":{"rendered":"<p>El perfume Invincible Black de Montage Brands es una fragancia masculina descrita con notas amaderadas y c\u00edtricas, dise\u00f1ada para ser atrevida y elegante. Es una opci\u00f3n de bajo costo que busca ofrecer un aroma memorable y duradero.<\/p>\n<div class=\"otQkpb\" role=\"heading\" data-animation-nesting=\"\" data-sfc-cp=\"\" data-processed=\"true\" data-sae=\"\" data-complete=\"true\">Descripci\u00f3n General y Notas Olfativas, la versi\u00f3n negra se caracteriza por su potencia y mezcla de notas.<\/div>\n<ul class=\"KsbFXc U6u95\" data-processed=\"true\" data-complete=\"true\">\n<li data-hveid=\"CAUQAA\" data-complete=\"true\" data-sae=\"\"><span class=\"T286Pc\" data-sfc-cp=\"\" data-complete=\"true\"><strong class=\"Yjhzub\" data-complete=\"true\">Notas de Salida<\/strong>: Presenta toques audaces de\u00a0<strong class=\"Yjhzub\" data-complete=\"true\">c\u00edtricos<\/strong>, que proporcionan una primera impresi\u00f3n fresca y vibrante.<\/span><\/li>\n<li data-hveid=\"CAUQAQ\" data-complete=\"true\" data-sae=\"\"><span class=\"T286Pc\" data-sfc-cp=\"\" data-complete=\"true\"><strong class=\"Yjhzub\" data-complete=\"true\">Notas de Coraz\u00f3n<\/strong>: Se complementa con\u00a0<strong class=\"Yjhzub\" data-complete=\"true\">especias<\/strong>, que a\u00f1aden un matiz c\u00e1lido e intrigante a la fragancia.<\/span><\/li>\n<li data-hveid=\"CAUQAg\" data-complete=\"true\" data-sae=\"\"><span class=\"T286Pc\" data-sfc-cp=\"\" data-complete=\"true\"><strong class=\"Yjhzub\" data-complete=\"true\">Notas de Fondo<\/strong>: La base es s\u00f3lida y masculina, con acordes de\u00a0<strong class=\"Yjhzub\" data-complete=\"true\">maderas<\/strong>\u00a0(como madera de guayaco),\u00a0<strong class=\"Yjhzub\" data-complete=\"true\">almizcle<\/strong>\u00a0y\u00a0<strong class=\"Yjhzub\" data-complete=\"true\">\u00e1mbar<\/strong>, que aseguran una profundidad y longevidad notables.<\/span><\/li>\n<\/ul>","protected":false},"excerpt":{"rendered":"<p>El perfume est\u00e1 inspirado directamente en el popular aroma de\u00a0<strong class=\"Yjhzub\" data-complete=\"true\" data-processed=\"true\">Invictus de Paco Rabanne<\/strong><\/p>","protected":false},"featured_media":6456,"comment_status":"open","ping_status":"closed","template":"","meta":{"_joinchat":[]},"product_brand":[],"product_cat":[197],"product_tag":[],"class_list":{"0":"post-6455","1":"product","2":"type-product","3":"status-publish","4":"has-post-thumbnail","6":"product_cat-perfumes","8":"first","9":"instock","10":"taxable","11":"shipping-taxable","12":"purchasable","13":"product-type-simple"},"_links":{"self":[{"href":"https:\/\/bonitashop.es\/en\/wp-json\/wp\/v2\/product\/6455","targetHints":{"allow":["GET"]}}],"collection":[{"href":"https:\/\/bonitashop.es\/en\/wp-json\/wp\/v2\/product"}],"about":[{"href":"https:\/\/bonitashop.es\/en\/wp-json\/wp\/v2\/types\/product"}],"replies":[{"embeddable":true,"href":"https:\/\/bonitashop.es\/en\/wp-json\/wp\/v2\/comments?post=6455"}],"version-history":[{"count":3,"href":"https:\/\/bonitashop.es\/en\/wp-json\/wp\/v2\/product\/6455\/revisions"}],"predecessor-version":[{"id":6862,"href":"https:\/\/bonitashop.es\/en\/wp-json\/wp\/v2\/product\/6455\/revisions\/6862"}],"wp:featuredmedia":[{"embeddable":true,"href":"https:\/\/bonitashop.es\/en\/wp-json\/wp\/v2\/media\/6456"}],"wp:attachment":[{"href":"https:\/\/bonitashop.es\/en\/wp-json\/wp\/v2\/media?parent=6455"}],"wp:term":[{"taxonomy":"product_brand","embeddable":true,"href":"https:\/\/bonitashop.es\/en\/wp-json\/wp\/v2\/product_brand?post=6455"},{"taxonomy":"product_cat","embeddable":true,"href":"https:\/\/bonitashop.es\/en\/wp-json\/wp\/v2\/product_cat?post=6455"},{"taxonomy":"product_tag","embeddable":true,"href":"https:\/\/bonitashop.es\/en\/wp-json\/wp\/v2\/product_tag?post=6455"}],"curies":[{"name":"wp","href":"https:\/\/api.w.org\/{rel}","templated":true}]}}