{"id":6461,"date":"2026-01-12T18:47:23","date_gmt":"2026-01-12T17:47:23","guid":{"rendered":"https:\/\/bonitashop.es\/?post_type=product&#038;p=6461"},"modified":"2026-01-18T19:48:54","modified_gmt":"2026-01-18T18:48:54","slug":"perfume-gios-aqua-50ml","status":"publish","type":"product","link":"https:\/\/bonitashop.es\/en\/product\/perfume-gios-aqua-50ml\/","title":{"rendered":"Perfume Gio\u00b4s Aqua 50ml"},"content":{"rendered":"<p>El perfume Gio&#8217;s Aqua Eau de Parfum de 50 ml de Reyes Queens es una fragancia masculina, fresca y elegante que evoca la esencia del mar y la naturaleza. Es un perfume gen\u00e9rico que recuerda al ic\u00f3nico Acqua Di Gi\u00f2 de Giorgio Armani.<\/p>\n<div class=\"otQkpb\" role=\"heading\" data-animation-nesting=\"\" data-sfc-cp=\"\" data-processed=\"true\" data-sae=\"\" data-complete=\"true\">Perfil Olfativo<\/div>\n<div class=\"Y3BBE\" data-sfc-cp=\"\" data-hveid=\"CAQQAA\" data-processed=\"true\" data-complete=\"true\">La fragancia est\u00e1 dise\u00f1ada para un hombre moderno que busca proyectar confianza y serenidad. Su composici\u00f3n olfativa se caracteriza por notas frescas y acu\u00e1ticas.<span class=\"uJ19be notranslate\" data-wiz-uids=\"kuMe3_o\" data-processed=\"true\" data-complete=\"true\"><span class=\"vKEkVd\" data-animation-atomic=\"\" data-wiz-attrbind=\"class=kuMe3_n\/TKHnVd\" data-sae=\"\">\u00a0<\/span><\/span><\/div>\n<ul class=\"KsbFXc U6u95\" data-complete=\"true\" data-processed=\"true\">\n<li data-hveid=\"CAUQAA\" data-complete=\"true\" data-sae=\"\"><span class=\"T286Pc\" data-sfc-cp=\"\" data-complete=\"true\"><strong class=\"Yjhzub\" data-complete=\"true\">Notas de Salida<\/strong>: Presenta una apertura vibrante y fresca con\u00a0<strong class=\"Yjhzub\" data-complete=\"true\">lim\u00f3n<\/strong>,\u00a0<strong class=\"Yjhzub\" data-complete=\"true\">bergamota<\/strong>\u00a0y\u00a0<strong class=\"Yjhzub\" data-complete=\"true\">notas marinas<\/strong>.<\/span><\/li>\n<li data-hveid=\"CAUQAQ\" data-complete=\"true\" data-sae=\"\"><span class=\"T286Pc\" data-sfc-cp=\"\" data-complete=\"true\"><strong class=\"Yjhzub\" data-complete=\"true\">Notas de Coraz\u00f3n<\/strong>: El n\u00facleo de la fragancia incluye\u00a0<strong class=\"Yjhzub\" data-complete=\"true\">jazm\u00edn<\/strong>,\u00a0<strong class=\"Yjhzub\" data-complete=\"true\">romero<\/strong>\u00a0y\u00a0<strong class=\"Yjhzub\" data-complete=\"true\">calone<\/strong>, que a\u00f1aden un matiz floral y herbal.<\/span><\/li>\n<li data-hveid=\"CAUQAg\" data-complete=\"true\" data-sae=\"\"><span class=\"T286Pc\" data-sfc-cp=\"\" data-complete=\"true\"><strong class=\"Yjhzub\" data-complete=\"true\">Notas de Fondo<\/strong>: La base es s\u00f3lida y masculina, con\u00a0<strong class=\"Yjhzub\" data-complete=\"true\">cedro<\/strong>,\u00a0<strong class=\"Yjhzub\" data-complete=\"true\">almizcle<\/strong>\u00a0y\u00a0<strong class=\"Yjhzub\" data-complete=\"true\">\u00e1mbar gris<\/strong>, que proporcionan durabilidad y profundidad.<\/span><\/li>\n<\/ul>","protected":false},"excerpt":{"rendered":"<p>El perfume Gio&#8217;s Aqua de Reyes Queens se inspira en la ic\u00f3nica fragancia Acqua di Gi\u00f2 de Giorgio Armani.<\/p>","protected":false},"featured_media":6462,"comment_status":"open","ping_status":"closed","template":"","meta":{"_joinchat":[]},"product_brand":[],"product_cat":[197],"product_tag":[],"class_list":{"0":"post-6461","1":"product","2":"type-product","3":"status-publish","4":"has-post-thumbnail","6":"product_cat-perfumes","8":"first","9":"instock","10":"taxable","11":"shipping-taxable","12":"purchasable","13":"product-type-simple"},"_links":{"self":[{"href":"https:\/\/bonitashop.es\/en\/wp-json\/wp\/v2\/product\/6461","targetHints":{"allow":["GET"]}}],"collection":[{"href":"https:\/\/bonitashop.es\/en\/wp-json\/wp\/v2\/product"}],"about":[{"href":"https:\/\/bonitashop.es\/en\/wp-json\/wp\/v2\/types\/product"}],"replies":[{"embeddable":true,"href":"https:\/\/bonitashop.es\/en\/wp-json\/wp\/v2\/comments?post=6461"}],"version-history":[{"count":4,"href":"https:\/\/bonitashop.es\/en\/wp-json\/wp\/v2\/product\/6461\/revisions"}],"predecessor-version":[{"id":6858,"href":"https:\/\/bonitashop.es\/en\/wp-json\/wp\/v2\/product\/6461\/revisions\/6858"}],"wp:featuredmedia":[{"embeddable":true,"href":"https:\/\/bonitashop.es\/en\/wp-json\/wp\/v2\/media\/6462"}],"wp:attachment":[{"href":"https:\/\/bonitashop.es\/en\/wp-json\/wp\/v2\/media?parent=6461"}],"wp:term":[{"taxonomy":"product_brand","embeddable":true,"href":"https:\/\/bonitashop.es\/en\/wp-json\/wp\/v2\/product_brand?post=6461"},{"taxonomy":"product_cat","embeddable":true,"href":"https:\/\/bonitashop.es\/en\/wp-json\/wp\/v2\/product_cat?post=6461"},{"taxonomy":"product_tag","embeddable":true,"href":"https:\/\/bonitashop.es\/en\/wp-json\/wp\/v2\/product_tag?post=6461"}],"curies":[{"name":"wp","href":"https:\/\/api.w.org\/{rel}","templated":true}]}}