{"id":6464,"date":"2026-01-12T18:49:03","date_gmt":"2026-01-12T17:49:03","guid":{"rendered":"https:\/\/bonitashop.es\/?post_type=product&#038;p=6464"},"modified":"2026-01-18T19:45:28","modified_gmt":"2026-01-18T18:45:28","slug":"perfume-paradox-50ml","status":"publish","type":"product","link":"https:\/\/bonitashop.es\/en\/product\/perfume-paradox-50ml\/","title":{"rendered":"Perfume PARADOX 50ml"},"content":{"rendered":"<p>El perfume Paradox Reyes de 50 ml. de Reyes Queens es una fragancia de la familia olfativa floral para mujer, conocida por ser una equivalencia de la popular fragancia Prada Paradoxe.<\/p>\n<div class=\"otQkpb\" role=\"heading\" data-animation-nesting=\"\" data-sfc-cp=\"\" data-processed=\"true\" data-sae=\"\" data-complete=\"true\">Descripci\u00f3n Detallada<\/div>\n<ul class=\"KsbFXc U6u95\" data-complete=\"true\" data-processed=\"true\">\n<li data-hveid=\"CAQQAA\" data-complete=\"true\" data-sae=\"\"><span class=\"T286Pc\" data-sfc-cp=\"\" data-complete=\"true\"><strong class=\"Yjhzub\" data-complete=\"true\">Familia Olfativa<\/strong>: Floral.<\/span><\/li>\n<li data-hveid=\"CAQQAQ\" data-complete=\"true\" data-sae=\"\"><span class=\"T286Pc\" data-sfc-cp=\"\" data-complete=\"true\"><strong class=\"Yjhzub\" data-complete=\"true\">Perfil Arom\u00e1tico<\/strong>: Descrito como un perfume para mujeres modernas y en constante evoluci\u00f3n, que evoca elegancia y feminidad. Se caracteriza por ser un floral blanco, dulce pero con toques c\u00edtricos, vers\u00e1til para diferentes ocasiones.<\/span><\/li>\n<li data-hveid=\"CAQQAg\" data-complete=\"true\" data-sae=\"\"><span class=\"T286Pc\" data-sfc-cp=\"\" data-complete=\"true\"><strong class=\"Yjhzub\" data-complete=\"true\">Notas Clave<\/strong>:<\/span>\n<ul class=\"KsbFXc U6u95\" data-complete=\"true\">\n<li data-hveid=\"CAQQAw\" data-complete=\"true\" data-sae=\"\"><span class=\"T286Pc\" data-sfc-cp=\"\" data-complete=\"true\"><strong class=\"Yjhzub\" data-complete=\"true\">Salida<\/strong>: Pera jugosa y cremosa, naranja tangerina y bergamota.<\/span><\/li>\n<li data-hveid=\"CAQQBA\" data-complete=\"true\" data-sae=\"\"><span class=\"T286Pc\" data-sfc-cp=\"\" data-complete=\"true\"><strong class=\"Yjhzub\" data-complete=\"true\">Coraz\u00f3n<\/strong>: Un ramillete de flores blancas que incluye flor de azahar del naranjo, jazm\u00edn sambac y neroli.<\/span><\/li>\n<li data-hveid=\"CAQQBQ\" data-complete=\"true\" data-sae=\"\"><span class=\"T286Pc\" data-sfc-cp=\"\" data-complete=\"true\"><strong class=\"Yjhzub\" data-complete=\"true\">Fondo<\/strong>: Vainilla Bourbon, \u00e1mbar, almizcle blanco y benju\u00ed<\/span><\/li>\n<\/ul>\n<\/li>\n<\/ul>","protected":false},"excerpt":{"rendered":"<p>El perfume\u00a0<strong class=\"Yjhzub\" data-complete=\"true\" data-processed=\"true\">Paradox Reyes<\/strong>\u00a0de Reyes Queens se inspira directamente en\u00a0<strong class=\"Yjhzub\" data-complete=\"true\" data-processed=\"true\">Prada Paradoxe.<\/strong><\/p>","protected":false},"featured_media":6465,"comment_status":"open","ping_status":"closed","template":"","meta":{"_joinchat":[]},"product_brand":[],"product_cat":[197],"product_tag":[],"class_list":{"0":"post-6464","1":"product","2":"type-product","3":"status-publish","4":"has-post-thumbnail","6":"product_cat-perfumes","8":"first","9":"instock","10":"taxable","11":"shipping-taxable","12":"purchasable","13":"product-type-simple"},"_links":{"self":[{"href":"https:\/\/bonitashop.es\/en\/wp-json\/wp\/v2\/product\/6464","targetHints":{"allow":["GET"]}}],"collection":[{"href":"https:\/\/bonitashop.es\/en\/wp-json\/wp\/v2\/product"}],"about":[{"href":"https:\/\/bonitashop.es\/en\/wp-json\/wp\/v2\/types\/product"}],"replies":[{"embeddable":true,"href":"https:\/\/bonitashop.es\/en\/wp-json\/wp\/v2\/comments?post=6464"}],"version-history":[{"count":3,"href":"https:\/\/bonitashop.es\/en\/wp-json\/wp\/v2\/product\/6464\/revisions"}],"predecessor-version":[{"id":6855,"href":"https:\/\/bonitashop.es\/en\/wp-json\/wp\/v2\/product\/6464\/revisions\/6855"}],"wp:featuredmedia":[{"embeddable":true,"href":"https:\/\/bonitashop.es\/en\/wp-json\/wp\/v2\/media\/6465"}],"wp:attachment":[{"href":"https:\/\/bonitashop.es\/en\/wp-json\/wp\/v2\/media?parent=6464"}],"wp:term":[{"taxonomy":"product_brand","embeddable":true,"href":"https:\/\/bonitashop.es\/en\/wp-json\/wp\/v2\/product_brand?post=6464"},{"taxonomy":"product_cat","embeddable":true,"href":"https:\/\/bonitashop.es\/en\/wp-json\/wp\/v2\/product_cat?post=6464"},{"taxonomy":"product_tag","embeddable":true,"href":"https:\/\/bonitashop.es\/en\/wp-json\/wp\/v2\/product_tag?post=6464"}],"curies":[{"name":"wp","href":"https:\/\/api.w.org\/{rel}","templated":true}]}}