{"id":6470,"date":"2026-01-12T18:54:05","date_gmt":"2026-01-12T17:54:05","guid":{"rendered":"https:\/\/bonitashop.es\/?post_type=product&#038;p=6470"},"modified":"2026-01-18T19:39:35","modified_gmt":"2026-01-18T18:39:35","slug":"perfume-fama-50ml","status":"publish","type":"product","link":"https:\/\/bonitashop.es\/en\/product\/perfume-fama-50ml\/","title":{"rendered":"Perfume FAMA 50ml"},"content":{"rendered":"<p>El perfume femenino Fama de Reyes Queens en formato de 50 ml es una fragancia floral y frutal que se caracteriza por un aroma duradero y envolvente. Sus notas combinan un toque tropical y fresco con un fondo c\u00e1lido y sensual.<\/p>\n<div class=\"otQkpb\" role=\"heading\" data-animation-nesting=\"\" data-sfc-cp=\"\" data-processed=\"true\" data-sae=\"\" data-complete=\"true\">Notas Olfativas<\/div>\n<div class=\"Y3BBE\" data-sfc-cp=\"\" data-hveid=\"CAQQAA\" data-processed=\"true\" data-complete=\"true\">El perfume presenta una composici\u00f3n equilibrada de diferentes notas que evolucionan a lo largo del tiempo.<span class=\"uJ19be notranslate\" data-wiz-uids=\"Qq7Jnb_q\" data-complete=\"true\" data-processed=\"true\"><span class=\"vKEkVd\" data-animation-atomic=\"\" data-wiz-attrbind=\"class=Qq7Jnb_p\/TKHnVd\" data-sae=\"\">\u00a0<\/span><\/span><\/div>\n<ul class=\"KsbFXc U6u95\" data-processed=\"true\" data-complete=\"true\">\n<li data-hveid=\"CAUQAA\" data-complete=\"true\" data-sae=\"\"><span class=\"T286Pc\" data-sfc-cp=\"\" data-complete=\"true\"><strong class=\"Yjhzub\" data-complete=\"true\">Notas de salida (frescura inicial):<\/strong>\u00a0Mango y bergamota, que proporcionan una apertura frutal y c\u00edtrica.<\/span><\/li>\n<li data-hveid=\"CAUQAQ\" data-complete=\"true\" data-sae=\"\"><span class=\"T286Pc\" data-sfc-cp=\"\" data-complete=\"true\"><strong class=\"Yjhzub\" data-complete=\"true\">Notas de coraz\u00f3n (el \u00abalma\u00bb del perfume):<\/strong>\u00a0Jazm\u00edn e incienso, que a\u00f1aden un car\u00e1cter floral y un toque m\u00e1s sobrio y sofisticado a la fragancia.<\/span><\/li>\n<li data-hveid=\"CAUQAg\" data-complete=\"true\" data-sae=\"\"><span class=\"T286Pc\" data-sfc-cp=\"\" data-complete=\"true\"><strong class=\"Yjhzub\" data-complete=\"true\">Notas de fondo (durabilidad y profundidad):<\/strong>\u00a0Vainilla y s\u00e1ndalo, que aportan calidez, sensualidad y un acabado amaderado y avainillado que perdura en la piel.<\/span><span class=\"uJ19be notranslate\" data-wiz-uids=\"Qq7Jnb_14\" data-complete=\"true\"><span class=\"vKEkVd\" data-animation-atomic=\"\" data-wiz-attrbind=\"class=Qq7Jnb_13\/TKHnVd\" data-sae=\"\">\u00a0<\/span><\/span><\/li>\n<\/ul>","protected":false},"excerpt":{"rendered":"<p>El perfume\u00a0<strong class=\"Yjhzub\" data-complete=\"true\" data-processed=\"true\">Fama<\/strong>\u00a0de\u00a0<strong class=\"Yjhzub\" data-complete=\"true\" data-processed=\"true\">Reyes Queens<\/strong>\u00a0est\u00e1 inspirado en la fragancia\u00a0<strong class=\"Yjhzub\" data-complete=\"true\" data-processed=\"true\">Fame de Paco Rabanne<\/strong>.<\/p>","protected":false},"featured_media":6471,"comment_status":"open","ping_status":"closed","template":"","meta":{"_joinchat":[]},"product_brand":[],"product_cat":[197],"product_tag":[],"class_list":{"0":"post-6470","1":"product","2":"type-product","3":"status-publish","4":"has-post-thumbnail","6":"product_cat-perfumes","8":"first","9":"instock","10":"taxable","11":"shipping-taxable","12":"purchasable","13":"product-type-simple"},"_links":{"self":[{"href":"https:\/\/bonitashop.es\/en\/wp-json\/wp\/v2\/product\/6470","targetHints":{"allow":["GET"]}}],"collection":[{"href":"https:\/\/bonitashop.es\/en\/wp-json\/wp\/v2\/product"}],"about":[{"href":"https:\/\/bonitashop.es\/en\/wp-json\/wp\/v2\/types\/product"}],"replies":[{"embeddable":true,"href":"https:\/\/bonitashop.es\/en\/wp-json\/wp\/v2\/comments?post=6470"}],"version-history":[{"count":4,"href":"https:\/\/bonitashop.es\/en\/wp-json\/wp\/v2\/product\/6470\/revisions"}],"predecessor-version":[{"id":6850,"href":"https:\/\/bonitashop.es\/en\/wp-json\/wp\/v2\/product\/6470\/revisions\/6850"}],"wp:featuredmedia":[{"embeddable":true,"href":"https:\/\/bonitashop.es\/en\/wp-json\/wp\/v2\/media\/6471"}],"wp:attachment":[{"href":"https:\/\/bonitashop.es\/en\/wp-json\/wp\/v2\/media?parent=6470"}],"wp:term":[{"taxonomy":"product_brand","embeddable":true,"href":"https:\/\/bonitashop.es\/en\/wp-json\/wp\/v2\/product_brand?post=6470"},{"taxonomy":"product_cat","embeddable":true,"href":"https:\/\/bonitashop.es\/en\/wp-json\/wp\/v2\/product_cat?post=6470"},{"taxonomy":"product_tag","embeddable":true,"href":"https:\/\/bonitashop.es\/en\/wp-json\/wp\/v2\/product_tag?post=6470"}],"curies":[{"name":"wp","href":"https:\/\/api.w.org\/{rel}","templated":true}]}}