{"id":6477,"date":"2026-01-12T19:06:18","date_gmt":"2026-01-12T18:06:18","guid":{"rendered":"https:\/\/bonitashop.es\/?post_type=product&#038;p=6477"},"modified":"2026-01-18T19:28:43","modified_gmt":"2026-01-18T18:28:43","slug":"perfume-you-50ml","status":"publish","type":"product","link":"https:\/\/bonitashop.es\/en\/product\/perfume-you-50ml\/","title":{"rendered":"Perfume YOU 50ml"},"content":{"rendered":"<p>El perfume Better With You de 50 ml, de la marca Reyes Queens, es una fragancia masculina de la familia olfativa Foug\u00e8re. Es conocido por ser una equivalencia de la popular fragancia Stronger With You de Emporio Armani.<\/p>\n<div class=\"otQkpb\" role=\"heading\" data-animation-nesting=\"\" data-sfc-cp=\"\" data-processed=\"true\" data-sae=\"\" data-complete=\"true\">Perfil Arom\u00e1tico<\/div>\n<div class=\"Y3BBE\" data-sfc-cp=\"\" data-hveid=\"CAUQAA\" data-processed=\"true\" data-complete=\"true\">Esta fragancia est\u00e1 dise\u00f1ada para hombres j\u00f3venes y urbanos, capturando una esencia moderna y energ\u00e9tica. Se caracteriza por una mezcla de notas dulces, especiadas y amaderadas:<span class=\"uJ19be notranslate\" data-wiz-uids=\"c3uMrf_u\" data-processed=\"true\" data-complete=\"true\"><span class=\"vKEkVd\" data-animation-atomic=\"\" data-wiz-attrbind=\"class=c3uMrf_t\/TKHnVd\" data-sae=\"\">\u00a0<\/span><\/span><\/div>\n<ul class=\"KsbFXc U6u95\" data-complete=\"true\" data-processed=\"true\">\n<li data-hveid=\"CAYQAA\" data-complete=\"true\" data-sae=\"\"><span class=\"T286Pc\" data-sfc-cp=\"\" data-complete=\"true\"><strong class=\"Yjhzub\" data-complete=\"true\">Notas de Salida:<\/strong>\u00a0Pimienta rosa, mandarina, enebro de Virginia y violeta.<\/span><\/li>\n<li data-hveid=\"CAYQAQ\" data-complete=\"true\" data-sae=\"\"><span class=\"T286Pc\" data-sfc-cp=\"\" data-complete=\"true\"><strong class=\"Yjhzub\" data-complete=\"true\">Notas de Coraz\u00f3n:<\/strong>\u00a0Una combinaci\u00f3n arom\u00e1tica de lavanda, salvia, canela y un acorde dulce de t\u00f3fe.<\/span><\/li>\n<li data-hveid=\"CAYQAg\" data-complete=\"true\" data-sae=\"\"><span class=\"T286Pc\" data-sfc-cp=\"\" data-complete=\"true\"><strong class=\"Yjhzub\" data-complete=\"true\">Notas de Fondo:<\/strong>\u00a0Un cierre c\u00e1lido y sensual compuesto por vainilla, \u00e1mbar, haba tonka y gamuza.<\/span><span class=\"uJ19be notranslate\" data-wiz-uids=\"c3uMrf_17\" data-complete=\"true\"><span class=\"vKEkVd\" data-animation-atomic=\"\" data-wiz-attrbind=\"class=c3uMrf_16\/TKHnVd\" data-sae=\"\">\u00a0<\/span><\/span><\/li>\n<li data-hveid=\"CAYQAg\" data-complete=\"true\" data-sae=\"\"><strong class=\"Yjhzub\" data-complete=\"true\">Uso recomendado:<\/strong>\u00a0Debido a su calidez y notas de vainilla y \u00e1mbar, es ideal para el uso diario en climas frescos o para eventos nocturnos donde se busque una estela duradera y sofisticada<\/li>\n<\/ul>","protected":false},"excerpt":{"rendered":"<p>El perfume\u00a0<strong class=\"Yjhzub\" data-complete=\"true\" data-processed=\"true\">Better With You<\/strong>\u00a0de Reyes Queens es una fragancia de equivalencia que est\u00e1 directamente inspirada en\u00a0<strong class=\"Yjhzub\" data-complete=\"true\" data-processed=\"true\">Stronger With You de Emporio Armani<\/strong><\/p>","protected":false},"featured_media":6478,"comment_status":"open","ping_status":"closed","template":"","meta":{"_joinchat":[]},"product_brand":[],"product_cat":[197],"product_tag":[],"class_list":{"0":"post-6477","1":"product","2":"type-product","3":"status-publish","4":"has-post-thumbnail","6":"product_cat-perfumes","8":"first","9":"instock","10":"taxable","11":"shipping-taxable","12":"purchasable","13":"product-type-simple"},"_links":{"self":[{"href":"https:\/\/bonitashop.es\/en\/wp-json\/wp\/v2\/product\/6477","targetHints":{"allow":["GET"]}}],"collection":[{"href":"https:\/\/bonitashop.es\/en\/wp-json\/wp\/v2\/product"}],"about":[{"href":"https:\/\/bonitashop.es\/en\/wp-json\/wp\/v2\/types\/product"}],"replies":[{"embeddable":true,"href":"https:\/\/bonitashop.es\/en\/wp-json\/wp\/v2\/comments?post=6477"}],"version-history":[{"count":3,"href":"https:\/\/bonitashop.es\/en\/wp-json\/wp\/v2\/product\/6477\/revisions"}],"predecessor-version":[{"id":6845,"href":"https:\/\/bonitashop.es\/en\/wp-json\/wp\/v2\/product\/6477\/revisions\/6845"}],"wp:featuredmedia":[{"embeddable":true,"href":"https:\/\/bonitashop.es\/en\/wp-json\/wp\/v2\/media\/6478"}],"wp:attachment":[{"href":"https:\/\/bonitashop.es\/en\/wp-json\/wp\/v2\/media?parent=6477"}],"wp:term":[{"taxonomy":"product_brand","embeddable":true,"href":"https:\/\/bonitashop.es\/en\/wp-json\/wp\/v2\/product_brand?post=6477"},{"taxonomy":"product_cat","embeddable":true,"href":"https:\/\/bonitashop.es\/en\/wp-json\/wp\/v2\/product_cat?post=6477"},{"taxonomy":"product_tag","embeddable":true,"href":"https:\/\/bonitashop.es\/en\/wp-json\/wp\/v2\/product_tag?post=6477"}],"curies":[{"name":"wp","href":"https:\/\/api.w.org\/{rel}","templated":true}]}}