{"id":6480,"date":"2026-01-12T19:11:56","date_gmt":"2026-01-12T18:11:56","guid":{"rendered":"https:\/\/bonitashop.es\/?post_type=product&#038;p=6480"},"modified":"2026-01-18T19:24:45","modified_gmt":"2026-01-18T18:24:45","slug":"colonia-yani-tatus-100ml-prady","status":"publish","type":"product","link":"https:\/\/bonitashop.es\/en\/product\/colonia-yani-tatus-100ml-prady\/","title":{"rendered":"Colonia Yani Tatus 100ml Prady"},"content":{"rendered":"<p>La colonia Yani Tatus de Prady de 100 ml es una fragancia femenina floral oriental que destaca por sus notas de frutas tropicales y un fondo amaderado.<\/p>\n<div class=\"otQkpb\" role=\"heading\" data-animation-nesting=\"\" data-sfc-cp=\"\" data-processed=\"true\" data-sae=\"\" data-complete=\"true\">Descripci\u00f3n Olfativa<\/div>\n<div class=\"Y3BBE\" data-sfc-cp=\"\" data-hveid=\"CAQQAA\" data-complete=\"true\" data-processed=\"true\">Esta fragancia de Prady est\u00e1 inspirada en la popular fragancia \u00e1rabe Yara Tous Lattafa. Se caracteriza por ser un c\u00f3ctel ex\u00f3tico, vibrante y afrutado, dise\u00f1ado para evocar un ambiente veraniego y soleado.<span class=\"uJ19be notranslate\" data-wiz-uids=\"NewUyb_o\" data-complete=\"true\" data-processed=\"true\"><span class=\"vKEkVd\" data-animation-atomic=\"\" data-wiz-attrbind=\"class=NewUyb_n\/TKHnVd\" data-sae=\"\">\u00a0<\/span><\/span><\/div>\n<ul class=\"KsbFXc U6u95\" data-processed=\"true\" data-complete=\"true\">\n<li data-hveid=\"CAUQAA\" data-complete=\"true\" data-sae=\"\"><span class=\"T286Pc\" data-sfc-cp=\"\" data-complete=\"true\"><strong class=\"Yjhzub\" data-complete=\"true\">Notas de Salida<\/strong>: Una mezcla fresca y tropical de\u00a0<strong class=\"Yjhzub\" data-complete=\"true\">maracuy\u00e1, mango, pi\u00f1a y naranja<\/strong>\u00a0que proporciona una apertura afrutada y energizante.<\/span><\/li>\n<li data-hveid=\"CAUQAQ\" data-sae=\"\" data-complete=\"true\"><span class=\"T286Pc\" data-sfc-cp=\"\" data-complete=\"true\"><strong class=\"Yjhzub\" data-complete=\"true\">Notas de Coraz\u00f3n<\/strong>: Un delicado bouquet de\u00a0<strong class=\"Yjhzub\" data-complete=\"true\">flores blancas<\/strong>\u00a0que a\u00f1aden un matiz femenino y suave al coraz\u00f3n de la fragancia.<\/span><\/li>\n<li data-hveid=\"CAUQAg\" data-complete=\"true\" data-processed=\"true\" data-sae=\"\"><span class=\"T286Pc\" data-sfc-cp=\"\" data-complete=\"true\"><strong class=\"Yjhzub\" data-complete=\"true\">Notas de Fondo<\/strong>: Notas\u00a0<strong class=\"Yjhzub\" data-complete=\"true\">amaderadas<\/strong>\u00a0que aportan profundidad, calidez y durabilidad a la colonia.<\/span><span class=\"uJ19be notranslate\" data-wiz-uids=\"NewUyb_15\" data-complete=\"true\"><span class=\"vKEkVd\" data-animation-atomic=\"\" data-wiz-attrbind=\"class=NewUyb_14\/TKHnVd\" data-sae=\"\">\u00a0<\/span><\/span><\/li>\n<\/ul>","protected":false},"excerpt":{"rendered":"<p>La colonia\u00a0<strong class=\"Yjhzub\" data-complete=\"true\" data-processed=\"true\">Yani Tatus de Prady<\/strong>\u00a0est\u00e1 inspirada en la fragancia \u00e1rabe\u00a0<strong class=\"Yjhzub\" data-complete=\"true\" data-processed=\"true\">Yara Tous de Lattafa.<\/strong><\/p>","protected":false},"featured_media":6482,"comment_status":"open","ping_status":"closed","template":"","meta":{"_joinchat":[]},"product_brand":[],"product_cat":[197],"product_tag":[],"class_list":{"0":"post-6480","1":"product","2":"type-product","3":"status-publish","4":"has-post-thumbnail","6":"product_cat-perfumes","8":"first","9":"instock","10":"taxable","11":"shipping-taxable","12":"purchasable","13":"product-type-simple"},"_links":{"self":[{"href":"https:\/\/bonitashop.es\/en\/wp-json\/wp\/v2\/product\/6480","targetHints":{"allow":["GET"]}}],"collection":[{"href":"https:\/\/bonitashop.es\/en\/wp-json\/wp\/v2\/product"}],"about":[{"href":"https:\/\/bonitashop.es\/en\/wp-json\/wp\/v2\/types\/product"}],"replies":[{"embeddable":true,"href":"https:\/\/bonitashop.es\/en\/wp-json\/wp\/v2\/comments?post=6480"}],"version-history":[{"count":3,"href":"https:\/\/bonitashop.es\/en\/wp-json\/wp\/v2\/product\/6480\/revisions"}],"predecessor-version":[{"id":6843,"href":"https:\/\/bonitashop.es\/en\/wp-json\/wp\/v2\/product\/6480\/revisions\/6843"}],"wp:featuredmedia":[{"embeddable":true,"href":"https:\/\/bonitashop.es\/en\/wp-json\/wp\/v2\/media\/6482"}],"wp:attachment":[{"href":"https:\/\/bonitashop.es\/en\/wp-json\/wp\/v2\/media?parent=6480"}],"wp:term":[{"taxonomy":"product_brand","embeddable":true,"href":"https:\/\/bonitashop.es\/en\/wp-json\/wp\/v2\/product_brand?post=6480"},{"taxonomy":"product_cat","embeddable":true,"href":"https:\/\/bonitashop.es\/en\/wp-json\/wp\/v2\/product_cat?post=6480"},{"taxonomy":"product_tag","embeddable":true,"href":"https:\/\/bonitashop.es\/en\/wp-json\/wp\/v2\/product_tag?post=6480"}],"curies":[{"name":"wp","href":"https:\/\/api.w.org\/{rel}","templated":true}]}}