{"id":6486,"date":"2026-01-12T19:16:28","date_gmt":"2026-01-12T18:16:28","guid":{"rendered":"https:\/\/bonitashop.es\/?post_type=product&#038;p=6486"},"modified":"2026-01-18T19:20:18","modified_gmt":"2026-01-18T18:20:18","slug":"colonia-yani-sweet-100ml-prady","status":"publish","type":"product","link":"https:\/\/bonitashop.es\/en\/product\/colonia-yani-sweet-100ml-prady\/","title":{"rendered":"Colonia Yani Sweet 100ml Prady"},"content":{"rendered":"<p>La fragancia Yani Sweet de Prady de 100 ml es un Eau de Toilette femenino de la familia olfativa floral, frutal gourmand, conocido por su aroma dulce y envolvente con inspiraci\u00f3n en fragancias \u00e1rabes como Yara Candy de Lattafa.<\/p>\n<div class=\"otQkpb\" role=\"heading\" data-animation-nesting=\"\" data-sfc-cp=\"\" data-complete=\"true\" data-processed=\"true\" data-sae=\"\">Detalles Olfativos<\/div>\n<div class=\"Y3BBE\" data-sfc-cp=\"\" data-hveid=\"CAQQAA\" data-processed=\"true\" data-complete=\"true\">La composici\u00f3n de esta fragancia combina notas que buscan ofrecer una experiencia olfativa dulce, sensual y sofisticada.<span class=\"uJ19be notranslate\" data-wiz-uids=\"cnDwd_p\" data-processed=\"true\" data-complete=\"true\"><span class=\"vKEkVd\" data-animation-atomic=\"\" data-wiz-attrbind=\"class=cnDwd_o\/TKHnVd\" data-sae=\"\">\u00a0<\/span><\/span><\/div>\n<ul class=\"KsbFXc U6u95\" data-complete=\"true\" data-processed=\"true\">\n<li data-hveid=\"CAUQAA\" data-complete=\"true\" data-sae=\"\"><span class=\"T286Pc\" data-sfc-cp=\"\" data-complete=\"true\"><strong class=\"Yjhzub\" data-complete=\"true\">Notas de salida<\/strong>: grosellas negras y mandarina verde, proporcionando una apertura fresca y vibrante.<\/span><\/li>\n<li data-hveid=\"CAUQAQ\" data-complete=\"true\" data-sae=\"\"><span class=\"T286Pc\" data-sfc-cp=\"\" data-complete=\"true\"><strong class=\"Yjhzub\" data-complete=\"true\">Notas de coraz\u00f3n<\/strong>: caramelo de fresa efervescente (strawberry fizz candy) y gardenia, que a\u00f1aden un toque dulce y floral.<\/span><\/li>\n<li data-hveid=\"CAUQAg\" data-complete=\"true\" data-sae=\"\"><span class=\"T286Pc\" data-sfc-cp=\"\" data-complete=\"true\"><strong class=\"Yjhzub\" data-complete=\"true\">Notas de fondo<\/strong>: vainilla, \u00e1mbar, s\u00e1ndalo y almizcle, ofreciendo una base c\u00e1lida y duradera<\/span><\/li>\n<li data-hveid=\"CAUQAg\" data-complete=\"true\" data-sae=\"\">Esta inspiraci\u00f3n se refleja en su perfil olfativo\u00a0<strong class=\"Yjhzub\" data-complete=\"true\" data-processed=\"true\">floral frutal gourmand<\/strong>, dise\u00f1ado para recrear un aroma dulce y juvenil que recuerda a golosinas y frutas frescas<\/li>\n<\/ul>","protected":false},"excerpt":{"rendered":"<p>Yani Sweet de Prady es una fragancia de equivalencia que est\u00e1 inspirada en Yara Candy de Lattafa.<\/p>","protected":false},"featured_media":6487,"comment_status":"open","ping_status":"closed","template":"","meta":{"_joinchat":[]},"product_brand":[],"product_cat":[197],"product_tag":[],"class_list":{"0":"post-6486","1":"product","2":"type-product","3":"status-publish","4":"has-post-thumbnail","6":"product_cat-perfumes","8":"first","9":"instock","10":"taxable","11":"shipping-taxable","12":"purchasable","13":"product-type-simple"},"_links":{"self":[{"href":"https:\/\/bonitashop.es\/en\/wp-json\/wp\/v2\/product\/6486","targetHints":{"allow":["GET"]}}],"collection":[{"href":"https:\/\/bonitashop.es\/en\/wp-json\/wp\/v2\/product"}],"about":[{"href":"https:\/\/bonitashop.es\/en\/wp-json\/wp\/v2\/types\/product"}],"replies":[{"embeddable":true,"href":"https:\/\/bonitashop.es\/en\/wp-json\/wp\/v2\/comments?post=6486"}],"version-history":[{"count":4,"href":"https:\/\/bonitashop.es\/en\/wp-json\/wp\/v2\/product\/6486\/revisions"}],"predecessor-version":[{"id":6839,"href":"https:\/\/bonitashop.es\/en\/wp-json\/wp\/v2\/product\/6486\/revisions\/6839"}],"wp:featuredmedia":[{"embeddable":true,"href":"https:\/\/bonitashop.es\/en\/wp-json\/wp\/v2\/media\/6487"}],"wp:attachment":[{"href":"https:\/\/bonitashop.es\/en\/wp-json\/wp\/v2\/media?parent=6486"}],"wp:term":[{"taxonomy":"product_brand","embeddable":true,"href":"https:\/\/bonitashop.es\/en\/wp-json\/wp\/v2\/product_brand?post=6486"},{"taxonomy":"product_cat","embeddable":true,"href":"https:\/\/bonitashop.es\/en\/wp-json\/wp\/v2\/product_cat?post=6486"},{"taxonomy":"product_tag","embeddable":true,"href":"https:\/\/bonitashop.es\/en\/wp-json\/wp\/v2\/product_tag?post=6486"}],"curies":[{"name":"wp","href":"https:\/\/api.w.org\/{rel}","templated":true}]}}