{"id":6492,"date":"2026-01-12T19:27:00","date_gmt":"2026-01-12T18:27:00","guid":{"rendered":"https:\/\/bonitashop.es\/?post_type=product&#038;p=6492"},"modified":"2026-01-18T19:13:56","modified_gmt":"2026-01-18T18:13:56","slug":"perfume-585-gold-100ml","status":"publish","type":"product","link":"https:\/\/bonitashop.es\/en\/product\/perfume-585-gold-100ml\/","title":{"rendered":"Perfume 585 GOLD 100ml"},"content":{"rendered":"<p>El perfume Chatler 585 Gold es una fragancia de la familia olfativa Oriental Foug\u00e8re o Amaderada Especiada para hombres, que destaca por su combinaci\u00f3n de notas frescas, especiadas y de cuero.<\/p>\n<div class=\"otQkpb\" role=\"heading\" data-animation-nesting=\"\" data-sfc-cp=\"\" data-processed=\"true\" data-sae=\"\" data-complete=\"true\">Descripci\u00f3n del Perfume 585 Gold Men<\/div>\n<div class=\"Y3BBE\" data-sfc-cp=\"\" data-hveid=\"CAQQAA\" data-complete=\"true\" data-processed=\"true\">La fragancia est\u00e1 dise\u00f1ada para un hombre misterioso, polifac\u00e9tico y que persigue desaf\u00edos, siendo un s\u00edmbolo de masculinidad y sofisticaci\u00f3n, seg\u00fan Essenza Parfum &amp; Beauty. Chatler es una marca que fabrica perfumes veganos de calidad, no testados en animales y libres de parabenos.<span class=\"uJ19be notranslate\" data-wiz-uids=\"BOwOcf_p\" data-complete=\"true\" data-processed=\"true\"><span class=\"vKEkVd\" data-animation-atomic=\"\" data-wiz-attrbind=\"class=BOwOcf_o\/TKHnVd\" data-sae=\"\">\u00a0<\/span><\/span><\/div>\n<ul class=\"KsbFXc U6u95\" data-processed=\"true\" data-complete=\"true\">\n<li data-hveid=\"CAUQAA\" data-complete=\"true\" data-sae=\"\"><span class=\"T286Pc\" data-sfc-cp=\"\" data-complete=\"true\"><strong class=\"Yjhzub\" data-complete=\"true\">Notas de Salida (cabeza)<\/strong>: Pomelo, menta y mandarina roja, que proporcionan una apertura fresca y c\u00edtrica.<\/span><\/li>\n<li data-hveid=\"CAUQAQ\" data-complete=\"true\" data-sae=\"\"><span class=\"T286Pc\" data-sfc-cp=\"\" data-complete=\"true\"><strong class=\"Yjhzub\" data-complete=\"true\">Notas de Coraz\u00f3n<\/strong>: Rosa, canela y notas especiadas, que a\u00f1aden un toque c\u00e1lido y sensual al n\u00facleo de la fragancia.<\/span><\/li>\n<li data-hveid=\"CAUQAg\" data-sae=\"\" data-complete=\"true\"><span class=\"T286Pc\" data-sfc-cp=\"\" data-complete=\"true\"><strong class=\"Yjhzub\" data-complete=\"true\">Notas de Fondo (base)<\/strong>: Cuero, notas amaderadas, resina de \u00e1mbar y pachul\u00ed indio, que otorgan profundidad, durabilidad y un car\u00e1cter masculino y sofisticado<\/span><\/li>\n<\/ul>","protected":false},"excerpt":{"rendered":"<p>El perfume Chatler 585 Gold Men est\u00e1 inspirado en la ic\u00f3nica fragancia 1 Million de Paco Rabanne.<\/p>","protected":false},"featured_media":6493,"comment_status":"open","ping_status":"closed","template":"","meta":{"_joinchat":[]},"product_brand":[],"product_cat":[197],"product_tag":[],"class_list":{"0":"post-6492","1":"product","2":"type-product","3":"status-publish","4":"has-post-thumbnail","6":"product_cat-perfumes","8":"first","9":"instock","10":"taxable","11":"shipping-taxable","12":"purchasable","13":"product-type-simple"},"_links":{"self":[{"href":"https:\/\/bonitashop.es\/en\/wp-json\/wp\/v2\/product\/6492","targetHints":{"allow":["GET"]}}],"collection":[{"href":"https:\/\/bonitashop.es\/en\/wp-json\/wp\/v2\/product"}],"about":[{"href":"https:\/\/bonitashop.es\/en\/wp-json\/wp\/v2\/types\/product"}],"replies":[{"embeddable":true,"href":"https:\/\/bonitashop.es\/en\/wp-json\/wp\/v2\/comments?post=6492"}],"version-history":[{"count":3,"href":"https:\/\/bonitashop.es\/en\/wp-json\/wp\/v2\/product\/6492\/revisions"}],"predecessor-version":[{"id":6834,"href":"https:\/\/bonitashop.es\/en\/wp-json\/wp\/v2\/product\/6492\/revisions\/6834"}],"wp:featuredmedia":[{"embeddable":true,"href":"https:\/\/bonitashop.es\/en\/wp-json\/wp\/v2\/media\/6493"}],"wp:attachment":[{"href":"https:\/\/bonitashop.es\/en\/wp-json\/wp\/v2\/media?parent=6492"}],"wp:term":[{"taxonomy":"product_brand","embeddable":true,"href":"https:\/\/bonitashop.es\/en\/wp-json\/wp\/v2\/product_brand?post=6492"},{"taxonomy":"product_cat","embeddable":true,"href":"https:\/\/bonitashop.es\/en\/wp-json\/wp\/v2\/product_cat?post=6492"},{"taxonomy":"product_tag","embeddable":true,"href":"https:\/\/bonitashop.es\/en\/wp-json\/wp\/v2\/product_tag?post=6492"}],"curies":[{"name":"wp","href":"https:\/\/api.w.org\/{rel}","templated":true}]}}