{"id":6496,"date":"2026-01-12T19:31:44","date_gmt":"2026-01-12T18:31:44","guid":{"rendered":"https:\/\/bonitashop.es\/?post_type=product&#038;p=6496"},"modified":"2026-01-18T19:11:15","modified_gmt":"2026-01-18T18:11:15","slug":"perfume-inversus-prive-100ml","status":"publish","type":"product","link":"https:\/\/bonitashop.es\/en\/product\/perfume-inversus-prive-100ml\/","title":{"rendered":"Perfume Inversus Prive 100ml"},"content":{"rendered":"<p>Esta fragancia para hombre pertenece a la familia olfativa Arom\u00e1tica Amaderada.<br \/>\nNotas de Salida (Entrada): Lavanda y ralladura de lim\u00f3n (o lim\u00f3n de Amalfi).<br \/>\nNotas de Coraz\u00f3n: Lavanda, manzana, humo, notas terrosas y pachul\u00ed.<br \/>\nNotas de Base: Vainilla, lavanda y vetiver.<\/p>\n<div class=\"otQkpb\" role=\"heading\" data-animation-nesting=\"\" data-sfc-cp=\"\" data-processed=\"true\" data-sae=\"\" data-complete=\"true\">Descripci\u00f3n Olfativa y Caracter\u00edsticas<\/div>\n<div class=\"Y3BBE\" data-sfc-cp=\"\" data-hveid=\"CAQQAA\" data-processed=\"true\" data-complete=\"true\">Aunque la marca Chatler no proporciona un desglose oficial de las notas, la fragancia se describe generalmente en base a la composici\u00f3n de la que se inspira:<\/div>\n<ul class=\"KsbFXc U6u95\" data-processed=\"true\" data-complete=\"true\">\n<li data-hveid=\"CAUQAA\" data-complete=\"true\" data-sae=\"\"><span class=\"T286Pc\" data-sfc-cp=\"\" data-complete=\"true\"><strong class=\"Yjhzub\" data-complete=\"true\">Notas Principales<\/strong>: Se espera una combinaci\u00f3n de notas\u00a0<strong class=\"Yjhzub\" data-complete=\"true\">afrutadas<\/strong>\u00a0(como manzana especiada),\u00a0<strong class=\"Yjhzub\" data-complete=\"true\">c\u00e1lidas<\/strong>\u00a0(tabaco, mirra) y un toque c\u00edtrico. La impresi\u00f3n general es la de un perfume oriental, voluptuoso y con un punto de seducci\u00f3n.<\/span><\/li>\n<li data-hveid=\"CAUQAQ\" data-complete=\"true\" data-sae=\"\"><span class=\"T286Pc\" data-sfc-cp=\"\" data-complete=\"true\"><strong class=\"Yjhzub\" data-complete=\"true\">Identidad y Duraci\u00f3n<\/strong>: Es una fragancia dise\u00f1ada para ser sofisticada y duradera, con estimaciones de longevidad de alrededor de 8 horas, y a veces hasta 24 horas en la ropa, seg\u00fan distribuidores de la marca.<\/span><\/li>\n<li data-hveid=\"CAUQAg\" data-complete=\"true\" data-sae=\"\"><span class=\"T286Pc\" data-sfc-cp=\"\" data-complete=\"true\"><strong class=\"Yjhzub\" data-complete=\"true\">P\u00fablico Objetivo<\/strong>: Se comercializa como una fragancia masculina para adultos, ideal para un estilo de vida elegante.<\/span><\/li>\n<\/ul>","protected":false},"excerpt":{"rendered":"<p>El perfume Chatler Inversus Prive es una fragancia de equivalencia que se inspira principalmente en Invictus Victory de Paco Rabanne.<\/p>","protected":false},"featured_media":6497,"comment_status":"open","ping_status":"closed","template":"","meta":{"_joinchat":[]},"product_brand":[],"product_cat":[197],"product_tag":[],"class_list":{"0":"post-6496","1":"product","2":"type-product","3":"status-publish","4":"has-post-thumbnail","6":"product_cat-perfumes","8":"first","9":"instock","10":"taxable","11":"shipping-taxable","12":"purchasable","13":"product-type-simple"},"_links":{"self":[{"href":"https:\/\/bonitashop.es\/en\/wp-json\/wp\/v2\/product\/6496","targetHints":{"allow":["GET"]}}],"collection":[{"href":"https:\/\/bonitashop.es\/en\/wp-json\/wp\/v2\/product"}],"about":[{"href":"https:\/\/bonitashop.es\/en\/wp-json\/wp\/v2\/types\/product"}],"replies":[{"embeddable":true,"href":"https:\/\/bonitashop.es\/en\/wp-json\/wp\/v2\/comments?post=6496"}],"version-history":[{"count":5,"href":"https:\/\/bonitashop.es\/en\/wp-json\/wp\/v2\/product\/6496\/revisions"}],"predecessor-version":[{"id":6832,"href":"https:\/\/bonitashop.es\/en\/wp-json\/wp\/v2\/product\/6496\/revisions\/6832"}],"wp:featuredmedia":[{"embeddable":true,"href":"https:\/\/bonitashop.es\/en\/wp-json\/wp\/v2\/media\/6497"}],"wp:attachment":[{"href":"https:\/\/bonitashop.es\/en\/wp-json\/wp\/v2\/media?parent=6496"}],"wp:term":[{"taxonomy":"product_brand","embeddable":true,"href":"https:\/\/bonitashop.es\/en\/wp-json\/wp\/v2\/product_brand?post=6496"},{"taxonomy":"product_cat","embeddable":true,"href":"https:\/\/bonitashop.es\/en\/wp-json\/wp\/v2\/product_cat?post=6496"},{"taxonomy":"product_tag","embeddable":true,"href":"https:\/\/bonitashop.es\/en\/wp-json\/wp\/v2\/product_tag?post=6496"}],"curies":[{"name":"wp","href":"https:\/\/api.w.org\/{rel}","templated":true}]}}