{"id":6499,"date":"2026-01-12T19:34:32","date_gmt":"2026-01-12T18:34:32","guid":{"rendered":"https:\/\/bonitashop.es\/?post_type=product&#038;p=6499"},"modified":"2026-03-30T10:28:39","modified_gmt":"2026-03-30T09:28:39","slug":"perfume-robothic-intense-100ml","status":"publish","type":"product","link":"https:\/\/bonitashop.es\/en\/product\/perfume-robothic-intense-100ml\/","title":{"rendered":"Perfume Robothic Intense 100ml"},"content":{"rendered":"<h5>El perfume Robotic Intense de Chatler se comercializa tanto para hombre como para mujer, siendo una fragancia que busca la sofisticaci\u00f3n con notas amaderadas y vainilla<\/h5>\n<p><strong class=\"Yjhzub\" data-complete=\"true\">Robotic Men (Hombre):<\/strong>\u00a0Esta versi\u00f3n para hombre tambi\u00e9n est\u00e1 disponible y se describe como intensa. Aunque las notas espec\u00edficas para la versi\u00f3n masculina no se detallan en las fuentes, la l\u00ednea se caracteriza por su intensidad y duraci\u00f3n.<\/p>\n<div class=\"Y3BBE\" data-sfc-cp=\"\" data-hveid=\"CAEIBBAA\" data-complete=\"true\" data-processed=\"true\">Esta fragancia para hombre pertenece a la familia olfativa\u00a0<strong class=\"Yjhzub\" data-complete=\"true\" data-processed=\"true\">Arom\u00e1tica Amaderada<\/strong>.<span class=\"uJ19be notranslate\" data-wiz-uids=\"y5FQrf_o\" data-complete=\"true\" data-processed=\"true\"><span class=\"vKEkVd\" data-animation-atomic=\"\" data-wiz-attrbind=\"class=y5FQrf_n\/TKHnVd\" data-sae=\"\">\u00a0<\/span><\/span><\/div>\n<ul class=\"KsbFXc U6u95\" data-processed=\"true\" data-complete=\"true\">\n<li data-hveid=\"CAEIBRAA\" data-complete=\"true\" data-sae=\"\"><span class=\"T286Pc\" data-sfc-cp=\"\" data-complete=\"true\"><strong class=\"Yjhzub\" data-complete=\"true\">Notas de Salida (Entrada):<\/strong>\u00a0Lavanda y ralladura de lim\u00f3n (o lim\u00f3n de Amalfi).<\/span><\/li>\n<li data-hveid=\"CAEIBRAB\" data-complete=\"true\" data-sae=\"\"><span class=\"T286Pc\" data-sfc-cp=\"\" data-complete=\"true\"><strong class=\"Yjhzub\" data-complete=\"true\">Notas de Coraz\u00f3n:<\/strong>\u00a0Lavanda, manzana, humo, notas terrosas y pachul\u00ed.<\/span><\/li>\n<li data-hveid=\"CAEIBRAC\" data-complete=\"true\" data-sae=\"\"><span class=\"T286Pc\" data-sfc-cp=\"\" data-complete=\"true\"><strong class=\"Yjhzub\" data-complete=\"true\">Notas de Base:<\/strong>\u00a0Vainilla, lavanda y vetiver.<\/span><\/li>\n<\/ul>\n<h3>\u00bfPor qu\u00e9 elegir Chatler Robothic Intense?<\/h3>\n<ul>\n<li><strong>Perfume sustituto<\/strong>\u00a0de alta calidad para\u00a0<strong>Phantom Intense<\/strong><\/li>\n<li>Aroma rico y de larga duraci\u00f3n con excelente proyecci\u00f3n<\/li>\n<li>Alternativa asequible sin sacrificar lujo<\/li>\n<li>Una verdadera\u00a0<strong>inspiraci\u00f3n<\/strong>\u00a0que captura la esencia del original<\/li>\n<\/ul>\n<p>Si buscas una fragancia masculina distintiva que combine calidad y originalidad,\u00a0<strong>Chatler Robothic Intense<\/strong>\u00a0es tu elecci\u00f3n perfecta \u2014 un\u00a0<strong>perfume sustituto<\/strong>\u00a0premium inspirado en una de las fragancias masculinas m\u00e1s ic\u00f3nicas.<\/p>","protected":false},"excerpt":{"rendered":"<h6><em><strong>Chatler Robothic Intense \u2013 Un\u00a0perfume sustituto de Phantom Intense\u00a0de alta calidad<\/strong><\/em><\/h6>","protected":false},"featured_media":6500,"comment_status":"open","ping_status":"closed","template":"","meta":{"_joinchat":[]},"product_brand":[],"product_cat":[197],"product_tag":[],"class_list":{"0":"post-6499","1":"product","2":"type-product","3":"status-publish","4":"has-post-thumbnail","6":"product_cat-perfumes","8":"first","9":"instock","10":"taxable","11":"shipping-taxable","12":"purchasable","13":"product-type-simple"},"_links":{"self":[{"href":"https:\/\/bonitashop.es\/en\/wp-json\/wp\/v2\/product\/6499","targetHints":{"allow":["GET"]}}],"collection":[{"href":"https:\/\/bonitashop.es\/en\/wp-json\/wp\/v2\/product"}],"about":[{"href":"https:\/\/bonitashop.es\/en\/wp-json\/wp\/v2\/types\/product"}],"replies":[{"embeddable":true,"href":"https:\/\/bonitashop.es\/en\/wp-json\/wp\/v2\/comments?post=6499"}],"version-history":[{"count":4,"href":"https:\/\/bonitashop.es\/en\/wp-json\/wp\/v2\/product\/6499\/revisions"}],"predecessor-version":[{"id":6830,"href":"https:\/\/bonitashop.es\/en\/wp-json\/wp\/v2\/product\/6499\/revisions\/6830"}],"wp:featuredmedia":[{"embeddable":true,"href":"https:\/\/bonitashop.es\/en\/wp-json\/wp\/v2\/media\/6500"}],"wp:attachment":[{"href":"https:\/\/bonitashop.es\/en\/wp-json\/wp\/v2\/media?parent=6499"}],"wp:term":[{"taxonomy":"product_brand","embeddable":true,"href":"https:\/\/bonitashop.es\/en\/wp-json\/wp\/v2\/product_brand?post=6499"},{"taxonomy":"product_cat","embeddable":true,"href":"https:\/\/bonitashop.es\/en\/wp-json\/wp\/v2\/product_cat?post=6499"},{"taxonomy":"product_tag","embeddable":true,"href":"https:\/\/bonitashop.es\/en\/wp-json\/wp\/v2\/product_tag?post=6499"}],"curies":[{"name":"wp","href":"https:\/\/api.w.org\/{rel}","templated":true}]}}