{"id":6512,"date":"2026-01-12T19:47:44","date_gmt":"2026-01-12T18:47:44","guid":{"rendered":"https:\/\/bonitashop.es\/?post_type=product&#038;p=6512"},"modified":"2026-01-13T10:32:34","modified_gmt":"2026-01-13T09:32:34","slug":"perfume-aceite-roll-on-yara-10ml","status":"publish","type":"product","link":"https:\/\/bonitashop.es\/en\/product\/perfume-aceite-roll-on-yara-10ml\/","title":{"rendered":"Perfume Aceite Roll On YARA 10ml"},"content":{"rendered":"<p>Tan pronto como se desenrosca la delicada botella, las notas de cabeza se despliegan en una danza de c\u00edtricos.<br \/>\nComo un rayo de sol, las mandarinas exudan su aroma brillante y chispeante y revitalizan tu esp\u00edritu con su encanto picante.<br \/>\nSe une el heliotropo, un susurro fragante de dulzura almendrada que presagia el lujo y luego las flores de las orqu\u00eddeas, delicadas y ex\u00f3ticas, tejen un tapiz de elegancia floral, acariciando tus sentidos con su abrazo aterciopelado.<br \/>\nA medida que profundizas en el coraz\u00f3n de este exquisito aceite perfumado, las notas medias te transportan a un para\u00edso tropical. Imagine una exuberante isla paradis\u00edaca donde el aire se llena con el aroma de frutas maduras y jugosas. Las notas tropicales crean un irresistible c\u00f3ctel de frutas tropicales que lo invita a disfrutar de la riqueza de la pi\u00f1a, el coco y el mango mezclados en un seductor elixir. Las notas golosas a\u00f1aden un toque de deliciosa dulzura, como un chorrito de caramelo sobre un postre perfectamente maduro.bazarbeniamir.com<\/p>\n<p>El aceite perfumado de Yara Lattafa es una sensual historia de amor, un elixir de pura emoci\u00f3n que evoca pasi\u00f3n, sensualidad y excitaci\u00f3n. Es una fragancia que trasciende las estaciones y se integra perfectamente en cualquier clima o momento del d\u00eda. Siempre ser\u00e1 tu fiel y encantador compa\u00f1ero, ya sea que lo uses bajo el sol de verano o en una acogedora noche de invierno. Deja que su magia te cautive y deja que su cautivadora esencia forme parte de tu inolvidable historia.<\/p>\n<p>Miniyara, yara yara en roll-on, musk yara, frasco de 10 ml ideal para viaje bolso etc.<\/p>\n<p>Roll-on perfumado \u2013 10 ml<\/p>","protected":false},"excerpt":{"rendered":"<p>Aceite perfumado Yara concentrado 10 ml<\/p>\n<p>Sum\u00e9rgete en el embriagador mundo de Yara Lattafa, donde cada gota es una sinfon\u00eda de amor, sensualidad y excitaci\u00f3n.<\/p>","protected":false},"featured_media":6513,"comment_status":"open","ping_status":"closed","template":"","meta":{"_joinchat":[]},"product_brand":[],"product_cat":[197],"product_tag":[],"class_list":{"0":"post-6512","1":"product","2":"type-product","3":"status-publish","4":"has-post-thumbnail","6":"product_cat-perfumes","8":"first","9":"instock","10":"taxable","11":"shipping-taxable","12":"purchasable","13":"product-type-simple"},"_links":{"self":[{"href":"https:\/\/bonitashop.es\/en\/wp-json\/wp\/v2\/product\/6512","targetHints":{"allow":["GET"]}}],"collection":[{"href":"https:\/\/bonitashop.es\/en\/wp-json\/wp\/v2\/product"}],"about":[{"href":"https:\/\/bonitashop.es\/en\/wp-json\/wp\/v2\/types\/product"}],"replies":[{"embeddable":true,"href":"https:\/\/bonitashop.es\/en\/wp-json\/wp\/v2\/comments?post=6512"}],"version-history":[{"count":3,"href":"https:\/\/bonitashop.es\/en\/wp-json\/wp\/v2\/product\/6512\/revisions"}],"predecessor-version":[{"id":6557,"href":"https:\/\/bonitashop.es\/en\/wp-json\/wp\/v2\/product\/6512\/revisions\/6557"}],"wp:featuredmedia":[{"embeddable":true,"href":"https:\/\/bonitashop.es\/en\/wp-json\/wp\/v2\/media\/6513"}],"wp:attachment":[{"href":"https:\/\/bonitashop.es\/en\/wp-json\/wp\/v2\/media?parent=6512"}],"wp:term":[{"taxonomy":"product_brand","embeddable":true,"href":"https:\/\/bonitashop.es\/en\/wp-json\/wp\/v2\/product_brand?post=6512"},{"taxonomy":"product_cat","embeddable":true,"href":"https:\/\/bonitashop.es\/en\/wp-json\/wp\/v2\/product_cat?post=6512"},{"taxonomy":"product_tag","embeddable":true,"href":"https:\/\/bonitashop.es\/en\/wp-json\/wp\/v2\/product_tag?post=6512"}],"curies":[{"name":"wp","href":"https:\/\/api.w.org\/{rel}","templated":true}]}}