{"id":6531,"date":"2026-01-12T20:06:43","date_gmt":"2026-01-12T19:06:43","guid":{"rendered":"https:\/\/bonitashop.es\/?post_type=product&#038;p=6531"},"modified":"2026-01-12T23:24:33","modified_gmt":"2026-01-12T22:24:33","slug":"perfume-bacarra-50ml","status":"publish","type":"product","link":"https:\/\/bonitashop.es\/en\/product\/perfume-bacarra-50ml\/","title":{"rendered":"Perfume BACARR\u00c1 50ml"},"content":{"rendered":"<p data-start=\"154\" data-end=\"349\"><span class=\"_fadeIn_m1hgl_8\">Un\u00a0<\/span><span class=\"_fadeIn_m1hgl_8\">perfume\u00a0<\/span><span class=\"_fadeIn_m1hgl_8\">que\u00a0<\/span><strong data-start=\"169\" data-end=\"195\"><span class=\"_fadeIn_m1hgl_8\">trasciende\u00a0<\/span><span class=\"_fadeIn_m1hgl_8\">los\u00a0<\/span><span class=\"_fadeIn_m1hgl_8\">g\u00e9neros<\/span><\/strong><span class=\"_fadeIn_m1hgl_8\">,\u00a0<\/span><span class=\"_fadeIn_m1hgl_8\">pensado\u00a0<\/span><span class=\"_fadeIn_m1hgl_8\">para\u00a0<\/span><span class=\"_fadeIn_m1hgl_8\">quienes\u00a0<\/span><span class=\"_fadeIn_m1hgl_8\">buscan\u00a0<\/span><span class=\"_fadeIn_m1hgl_8\">expresar\u00a0<\/span><span class=\"_fadeIn_m1hgl_8\">su\u00a0<\/span><span class=\"_fadeIn_m1hgl_8\">esencia\u00a0<\/span><span class=\"_fadeIn_m1hgl_8\">sin\u00a0<\/span><span class=\"_fadeIn_m1hgl_8\">etiquetas.\u00a0<\/span><span class=\"_fadeIn_m1hgl_8\">Su\u00a0<\/span><span class=\"_fadeIn_m1hgl_8\">aroma\u00a0<\/span><span class=\"_fadeIn_m1hgl_8\">es\u00a0<\/span><span class=\"_fadeIn_m1hgl_8\">una\u00a0<\/span><span class=\"_fadeIn_m1hgl_8\">invitaci\u00f3n\u00a0<\/span><span class=\"_fadeIn_m1hgl_8\">a\u00a0<\/span><strong data-start=\"289\" data-end=\"314\"><span class=\"_fadeIn_m1hgl_8\">explorar\u00a0<\/span><span class=\"_fadeIn_m1hgl_8\">los\u00a0<\/span><span class=\"_fadeIn_m1hgl_8\">sentidos<\/span><\/strong><span class=\"_fadeIn_m1hgl_8\">\u00a0<\/span><span class=\"_fadeIn_m1hgl_8\">y\u00a0<\/span><span class=\"_fadeIn_m1hgl_8\">dejar\u00a0<\/span><span class=\"_fadeIn_m1hgl_8\">una\u00a0<\/span><span class=\"_fadeIn_m1hgl_8\">impresi\u00f3n\u00a0<\/span><span class=\"_fadeIn_m1hgl_8\">inolvidable.<\/span><\/p>\n<p data-start=\"154\" data-end=\"349\"><strong data-start=\"351\" data-end=\"372\"><span class=\"_fadeIn_m1hgl_8\">Notas\u00a0<\/span><span class=\"_fadeIn_m1hgl_8\">destacadas:<\/span><\/strong><\/p>\n<ul data-start=\"375\" data-end=\"612\">\n<li data-start=\"375\" data-end=\"459\">\n<p data-start=\"377\" data-end=\"459\"><strong data-start=\"377\" data-end=\"406\"><span class=\"_fadeIn_m1hgl_8\">Almendra\u00a0<\/span><span class=\"_fadeIn_m1hgl_8\">amarga\u00a0<\/span><span class=\"_fadeIn_m1hgl_8\">y\u00a0<\/span><span class=\"_fadeIn_m1hgl_8\">azafr\u00e1n<\/span><\/strong><span class=\"_fadeIn_m1hgl_8\">:\u00a0<\/span><span class=\"_fadeIn_m1hgl_8\">ex\u00f3ticos\u00a0<\/span><span class=\"_fadeIn_m1hgl_8\">y\u00a0<\/span><span class=\"_fadeIn_m1hgl_8\">envolventes,\u00a0<\/span><span class=\"_fadeIn_m1hgl_8\">despiertan\u00a0<\/span><span class=\"_fadeIn_m1hgl_8\">la\u00a0<\/span><span class=\"_fadeIn_m1hgl_8\">curiosidad.<\/span><\/p>\n<\/li>\n<li data-start=\"460\" data-end=\"533\">\n<p data-start=\"462\" data-end=\"533\"><strong data-start=\"462\" data-end=\"480\"><span class=\"_fadeIn_m1hgl_8\">Jazm\u00edn\u00a0<\/span><span class=\"_fadeIn_m1hgl_8\">egipcio<\/span><\/strong><span class=\"_fadeIn_m1hgl_8\">:\u00a0<\/span><span class=\"_fadeIn_m1hgl_8\">floral\u00a0<\/span><span class=\"_fadeIn_m1hgl_8\">e\u00a0<\/span><span class=\"_fadeIn_m1hgl_8\">intenso,\u00a0<\/span><span class=\"_fadeIn_m1hgl_8\">aporta\u00a0<\/span><span class=\"_fadeIn_m1hgl_8\">profundidad\u00a0<\/span><span class=\"_fadeIn_m1hgl_8\">y\u00a0<\/span><span class=\"_fadeIn_m1hgl_8\">elegancia.<\/span><\/p>\n<\/li>\n<li data-start=\"534\" data-end=\"612\">\n<p data-start=\"536\" data-end=\"612\"><strong data-start=\"536\" data-end=\"545\"><span class=\"_fadeIn_m1hgl_8\">Cedro<\/span><\/strong><span class=\"_fadeIn_m1hgl_8\">:\u00a0<\/span><span class=\"_fadeIn_m1hgl_8\">firme,\u00a0<\/span><span class=\"_fadeIn_m1hgl_8\">c\u00e1lido\u00a0<\/span><span class=\"_fadeIn_m1hgl_8\">y\u00a0<\/span><span class=\"_fadeIn_m1hgl_8\">amaderado,\u00a0<\/span><span class=\"_fadeIn_m1hgl_8\">equilibra\u00a0<\/span><span class=\"_fadeIn_m1hgl_8\">la\u00a0<\/span><span class=\"_fadeIn_m1hgl_8\">composici\u00f3n\u00a0<\/span><span class=\"_fadeIn_m1hgl_8\">con\u00a0<\/span><span class=\"_fadeIn_m1hgl_8\">car\u00e1cter.<\/span><\/p>\n<\/li>\n<\/ul>\n<p data-start=\"614\" data-end=\"709\"><span class=\"_fadeIn_m1hgl_8\">Una\u00a0<\/span><span class=\"_fadeIn_m1hgl_8\">fragancia\u00a0<\/span><strong data-start=\"628\" data-end=\"658\"><span class=\"_fadeIn_m1hgl_8\">\u00fanica,\u00a0<\/span><span class=\"_fadeIn_m1hgl_8\">audaz\u00a0<\/span><span class=\"_fadeIn_m1hgl_8\">y\u00a0<\/span><span class=\"_fadeIn_m1hgl_8\">sofisticada<\/span><\/strong><span class=\"_fadeIn_m1hgl_8\">,\u00a0<\/span><span class=\"_fadeIn_m1hgl_8\">ideal\u00a0<\/span><span class=\"_fadeIn_m1hgl_8\">para\u00a0<\/span><span class=\"_fadeIn_m1hgl_8\">almas\u00a0<\/span><span class=\"_fadeIn_m1hgl_8\">libres\u00a0<\/span><span class=\"_fadeIn_m1hgl_8\">que\u00a0<\/span><span class=\"_fadeIn_m1hgl_8\">valoran\u00a0<\/span><span class=\"_fadeIn_m1hgl_8\">lo\u00a0<\/span><span class=\"_fadeIn_m1hgl_8\">aut\u00e9ntico.<\/span><\/p>\n<p data-start=\"614\" data-end=\"709\"><em><strong><span class=\"_fadeIn_m1hgl_8\">Recuerda a\u00a0\u00a0Baccarat Rouge 540 Extrait Maison Francis Kurkdjian.<\/span><\/strong><\/em><\/p>","protected":false},"excerpt":{"rendered":"<p>Perfume para mujeres y hombres, un aroma \u00fanico que no entiende de g\u00e9neros. Sus notas de almendra amarga, azafr\u00e1n, jazm\u00edn egipcio y cedro hacen una fragancia que explora los sentidos.<\/p>\n<p><strong>Equivalencia:\u00a0<\/strong>Similar a Baccarat Rouge<\/p>","protected":false},"featured_media":6532,"comment_status":"open","ping_status":"closed","template":"","meta":{"_joinchat":[]},"product_brand":[],"product_cat":[197],"product_tag":[],"class_list":{"0":"post-6531","1":"product","2":"type-product","3":"status-publish","4":"has-post-thumbnail","6":"product_cat-perfumes","8":"first","9":"instock","10":"taxable","11":"shipping-taxable","12":"purchasable","13":"product-type-simple"},"_links":{"self":[{"href":"https:\/\/bonitashop.es\/en\/wp-json\/wp\/v2\/product\/6531","targetHints":{"allow":["GET"]}}],"collection":[{"href":"https:\/\/bonitashop.es\/en\/wp-json\/wp\/v2\/product"}],"about":[{"href":"https:\/\/bonitashop.es\/en\/wp-json\/wp\/v2\/types\/product"}],"replies":[{"embeddable":true,"href":"https:\/\/bonitashop.es\/en\/wp-json\/wp\/v2\/comments?post=6531"}],"version-history":[{"count":3,"href":"https:\/\/bonitashop.es\/en\/wp-json\/wp\/v2\/product\/6531\/revisions"}],"predecessor-version":[{"id":6544,"href":"https:\/\/bonitashop.es\/en\/wp-json\/wp\/v2\/product\/6531\/revisions\/6544"}],"wp:featuredmedia":[{"embeddable":true,"href":"https:\/\/bonitashop.es\/en\/wp-json\/wp\/v2\/media\/6532"}],"wp:attachment":[{"href":"https:\/\/bonitashop.es\/en\/wp-json\/wp\/v2\/media?parent=6531"}],"wp:term":[{"taxonomy":"product_brand","embeddable":true,"href":"https:\/\/bonitashop.es\/en\/wp-json\/wp\/v2\/product_brand?post=6531"},{"taxonomy":"product_cat","embeddable":true,"href":"https:\/\/bonitashop.es\/en\/wp-json\/wp\/v2\/product_cat?post=6531"},{"taxonomy":"product_tag","embeddable":true,"href":"https:\/\/bonitashop.es\/en\/wp-json\/wp\/v2\/product_tag?post=6531"}],"curies":[{"name":"wp","href":"https:\/\/api.w.org\/{rel}","templated":true}]}}