{"id":6570,"date":"2026-01-16T17:15:54","date_gmt":"2026-01-16T16:15:54","guid":{"rendered":"https:\/\/bonitashop.es\/?post_type=product&#038;p=6570"},"modified":"2026-01-18T18:45:44","modified_gmt":"2026-01-18T17:45:44","slug":"body-splash-beachs-day-250ml","status":"publish","type":"product","link":"https:\/\/bonitashop.es\/en\/product\/body-splash-beachs-day-250ml\/","title":{"rendered":"Body Splash Beach\u00b4s Day 250ml"},"content":{"rendered":"<p>El body splash \u00abBeach Day\u00bb ofrece una fragancia fresca y veraniega con notas c\u00edtricas, acu\u00e1ticas y toques de s\u00e1ndalo y flores de azahar. Evoca la sensaci\u00f3n de un d\u00eda perfecto en la playa, con brisa marina y arena c\u00e1lida.<\/p>\n<div class=\"otQkpb\" role=\"heading\" data-animation-nesting=\"\" data-sfc-cp=\"\" data-processed=\"true\" data-sae=\"\" data-complete=\"true\">Notas Olfativas Principales<\/div>\n<div class=\"Y3BBE\" data-sfc-cp=\"\" data-hveid=\"CAQQAA\" data-processed=\"true\" data-complete=\"true\">La composici\u00f3n exacta de la fragancia puede variar ligeramente seg\u00fan la marca (como Pacifica o Prady), pero generalmente incluye las siguientes notas:<span class=\"uJ19be notranslate\" data-wiz-uids=\"wkxNFe_p\" data-complete=\"true\" data-processed=\"true\"><span class=\"vKEkVd\" data-animation-atomic=\"\" data-wiz-attrbind=\"class=wkxNFe_o\/TKHnVd\" data-sae=\"\">\u00a0<\/span><\/span><\/div>\n<ul class=\"KsbFXc U6u95\" data-complete=\"true\" data-processed=\"true\">\n<li data-hveid=\"CAUQAA\" data-complete=\"true\" data-sae=\"\"><span class=\"T286Pc\" data-sfc-cp=\"\" data-complete=\"true\"><strong class=\"Yjhzub\" data-complete=\"true\">Salida (cabeza):<\/strong>\u00a0Las notas iniciales suelen ser frescas y vibrantes, con\u00a0<strong class=\"Yjhzub\" data-complete=\"true\">bergamota<\/strong>\u00a0y\u00a0<strong class=\"Yjhzub\" data-complete=\"true\">mandarina<\/strong>, a veces acompa\u00f1adas de cardamomo y flor de azahar del naranjo para un toque especiado y floral.<\/span><\/li>\n<li data-hveid=\"CAUQAQ\" data-complete=\"true\" data-sae=\"\"><span class=\"T286Pc\" data-sfc-cp=\"\" data-complete=\"true\"><strong class=\"Yjhzub\" data-complete=\"true\">Coraz\u00f3n (cuerpo):<\/strong>\u00a0En el n\u00facleo, se encuentran elementos que aportan calidez y una sensaci\u00f3n playera, como las\u00a0<strong class=\"Yjhzub\" data-complete=\"true\">flores de frangipani<\/strong>\u00a0(flor de tiar\u00e9),\u00a0<strong class=\"Yjhzub\" data-complete=\"true\">violeta<\/strong>\u00a0y\u00a0<strong class=\"Yjhzub\" data-complete=\"true\">s\u00e1ndalo<\/strong>.<\/span><\/li>\n<li data-hveid=\"CAUQAg\" data-complete=\"true\" data-sae=\"\"><span class=\"T286Pc\" data-sfc-cp=\"\" data-complete=\"true\"><strong class=\"Yjhzub\" data-complete=\"true\">Fondo (base):<\/strong>\u00a0Las notas de base proporcionan profundidad y durabilidad, a menudo con\u00a0<strong class=\"Yjhzub\" data-complete=\"true\">almizcle blanco<\/strong>,\u00a0<strong class=\"Yjhzub\" data-complete=\"true\">\u00e1mbar<\/strong>\u00a0y toques de maderas, como la gamuza o la madera flotante (driftwood). Algunas versiones tambi\u00e9n mencionan notas de coco tostado para un aroma m\u00e1s tropical.<\/span><\/li>\n<\/ul>","protected":false},"excerpt":{"rendered":"<p>Inspirada a la fragancia Sol de JANEIRO<\/p>","protected":false},"featured_media":6571,"comment_status":"open","ping_status":"closed","template":"","meta":{"_joinchat":[]},"product_brand":[],"product_cat":[198],"product_tag":[],"class_list":{"0":"post-6570","1":"product","2":"type-product","3":"status-publish","4":"has-post-thumbnail","6":"product_cat-brumas-corporales","8":"first","9":"instock","10":"taxable","11":"shipping-taxable","12":"purchasable","13":"product-type-simple"},"_links":{"self":[{"href":"https:\/\/bonitashop.es\/en\/wp-json\/wp\/v2\/product\/6570","targetHints":{"allow":["GET"]}}],"collection":[{"href":"https:\/\/bonitashop.es\/en\/wp-json\/wp\/v2\/product"}],"about":[{"href":"https:\/\/bonitashop.es\/en\/wp-json\/wp\/v2\/types\/product"}],"replies":[{"embeddable":true,"href":"https:\/\/bonitashop.es\/en\/wp-json\/wp\/v2\/comments?post=6570"}],"version-history":[{"count":4,"href":"https:\/\/bonitashop.es\/en\/wp-json\/wp\/v2\/product\/6570\/revisions"}],"predecessor-version":[{"id":6818,"href":"https:\/\/bonitashop.es\/en\/wp-json\/wp\/v2\/product\/6570\/revisions\/6818"}],"wp:featuredmedia":[{"embeddable":true,"href":"https:\/\/bonitashop.es\/en\/wp-json\/wp\/v2\/media\/6571"}],"wp:attachment":[{"href":"https:\/\/bonitashop.es\/en\/wp-json\/wp\/v2\/media?parent=6570"}],"wp:term":[{"taxonomy":"product_brand","embeddable":true,"href":"https:\/\/bonitashop.es\/en\/wp-json\/wp\/v2\/product_brand?post=6570"},{"taxonomy":"product_cat","embeddable":true,"href":"https:\/\/bonitashop.es\/en\/wp-json\/wp\/v2\/product_cat?post=6570"},{"taxonomy":"product_tag","embeddable":true,"href":"https:\/\/bonitashop.es\/en\/wp-json\/wp\/v2\/product_tag?post=6570"}],"curies":[{"name":"wp","href":"https:\/\/api.w.org\/{rel}","templated":true}]}}