{"id":6573,"date":"2026-01-16T17:18:40","date_gmt":"2026-01-16T16:18:40","guid":{"rendered":"https:\/\/bonitashop.es\/?post_type=product&#038;p=6573"},"modified":"2026-01-18T17:36:15","modified_gmt":"2026-01-18T16:36:15","slug":"body-splash-belle-epoque-250ml","status":"publish","type":"product","link":"https:\/\/bonitashop.es\/en\/product\/body-splash-belle-epoque-250ml\/","title":{"rendered":"Body Splash Belle Epoque 250ml"},"content":{"rendered":"<p>El Body Splash Belle Epoque de Prady es una bruma corporal con una fragancia floral frutal gourmand, que combina principalmente notas de iris y vainilla. Se caracteriza por ser una fragancia ligera, ideal para refrescarse y perfumarse suavemente a lo largo del d\u00eda.<\/p>\n<div class=\"otQkpb\" role=\"heading\" data-animation-nesting=\"\" data-sfc-cp=\"\" data-processed=\"true\" data-sae=\"\" data-complete=\"true\">Caracter\u00edsticas Principales<\/div>\n<ul class=\"KsbFXc U6u95\" data-complete=\"true\" data-processed=\"true\">\n<li data-hveid=\"CAQQAA\" data-complete=\"true\" data-sae=\"\"><span class=\"T286Pc\" data-sfc-cp=\"\" data-complete=\"true\"><strong class=\"Yjhzub\" data-complete=\"true\">Perfil Olfativo<\/strong>: Una combinaci\u00f3n dulce pero no empalagosa, con toques elegantes y empolvados, gracias a la mezcla de iris y vainilla.<\/span><\/li>\n<li data-hveid=\"CAQQAQ\" data-complete=\"true\" data-sae=\"\"><span class=\"T286Pc\" data-sfc-cp=\"\" data-complete=\"true\"><strong class=\"Yjhzub\" data-complete=\"true\">Uso<\/strong>: Dise\u00f1ado como un agua refrescante perfumada, es perfecto para usar despu\u00e9s del ba\u00f1o, tras hacer ejercicio o en climas c\u00e1lidos, proporcionando una sensaci\u00f3n de frescor y bienestar.<\/span><\/li>\n<li data-hveid=\"CAQQAg\" data-complete=\"true\" data-sae=\"\"><span class=\"T286Pc\" data-sfc-cp=\"\" data-complete=\"true\"><strong class=\"Yjhzub\" data-complete=\"true\">Concentraci\u00f3n<\/strong>: Tiene una menor concentraci\u00f3n de fragancia que un\u00a0<em class=\"eujQNb\" data-complete=\"true\">eau de toilette<\/em>, lo que lo hace ligero y adecuado para aplicaciones frecuentes.<\/span><\/li>\n<li data-hveid=\"CAQQAw\" data-complete=\"true\" data-sae=\"\"><span class=\"T286Pc\" data-sfc-cp=\"\" data-complete=\"true\"><strong class=\"Yjhzub\" data-complete=\"true\">Inspiraci\u00f3n<\/strong>: Su aroma est\u00e1 inspirado o recuerda a la fragancia <em class=\"eujQNb\" data-complete=\"true\">La Vie est Belle<\/em>\u00a0de Lanc\u00f4me.<\/span><\/li>\n<\/ul>","protected":false},"excerpt":{"rendered":"<p><span class=\"T286Pc\" data-sfc-cp=\"\" data-complete=\"true\">Su aroma est\u00e1 inspirado o recuerda a la fragancia <em class=\"eujQNb\" data-complete=\"true\">La Vie est Belle<\/em>\u00a0de Lanc\u00f4me.<\/span><\/p>","protected":false},"featured_media":6574,"comment_status":"open","ping_status":"closed","template":"","meta":{"_joinchat":[]},"product_brand":[],"product_cat":[198],"product_tag":[],"class_list":{"0":"post-6573","1":"product","2":"type-product","3":"status-publish","4":"has-post-thumbnail","6":"product_cat-brumas-corporales","8":"first","9":"instock","10":"taxable","11":"shipping-taxable","12":"purchasable","13":"product-type-simple"},"_links":{"self":[{"href":"https:\/\/bonitashop.es\/en\/wp-json\/wp\/v2\/product\/6573","targetHints":{"allow":["GET"]}}],"collection":[{"href":"https:\/\/bonitashop.es\/en\/wp-json\/wp\/v2\/product"}],"about":[{"href":"https:\/\/bonitashop.es\/en\/wp-json\/wp\/v2\/types\/product"}],"replies":[{"embeddable":true,"href":"https:\/\/bonitashop.es\/en\/wp-json\/wp\/v2\/comments?post=6573"}],"version-history":[{"count":3,"href":"https:\/\/bonitashop.es\/en\/wp-json\/wp\/v2\/product\/6573\/revisions"}],"predecessor-version":[{"id":6815,"href":"https:\/\/bonitashop.es\/en\/wp-json\/wp\/v2\/product\/6573\/revisions\/6815"}],"wp:featuredmedia":[{"embeddable":true,"href":"https:\/\/bonitashop.es\/en\/wp-json\/wp\/v2\/media\/6574"}],"wp:attachment":[{"href":"https:\/\/bonitashop.es\/en\/wp-json\/wp\/v2\/media?parent=6573"}],"wp:term":[{"taxonomy":"product_brand","embeddable":true,"href":"https:\/\/bonitashop.es\/en\/wp-json\/wp\/v2\/product_brand?post=6573"},{"taxonomy":"product_cat","embeddable":true,"href":"https:\/\/bonitashop.es\/en\/wp-json\/wp\/v2\/product_cat?post=6573"},{"taxonomy":"product_tag","embeddable":true,"href":"https:\/\/bonitashop.es\/en\/wp-json\/wp\/v2\/product_tag?post=6573"}],"curies":[{"name":"wp","href":"https:\/\/api.w.org\/{rel}","templated":true}]}}