{"id":6576,"date":"2026-01-16T17:20:30","date_gmt":"2026-01-16T16:20:30","guid":{"rendered":"https:\/\/bonitashop.es\/?post_type=product&#038;p=6576"},"modified":"2026-01-18T17:33:32","modified_gmt":"2026-01-18T16:33:32","slug":"body-splash-olampe-250ml","status":"publish","type":"product","link":"https:\/\/bonitashop.es\/en\/product\/body-splash-olampe-250ml\/","title":{"rendered":"Body Splash Olampe 250ml"},"content":{"rendered":"<p>El body splash Olampe de Prady es una fragancia femenina de la familia olfativa oriental floral, conocida por ser una inspiraci\u00f3n del ic\u00f3nico perfume Olympea de Paco Rabanne. Se caracteriza por una combinaci\u00f3n de notas frescas y acu\u00e1ticas con la calidez de la vainilla y el \u00e1mbar gris.<\/p>\n<div class=\"otQkpb\" role=\"heading\" data-animation-nesting=\"\" data-sfc-cp=\"\" data-processed=\"true\" data-sae=\"\" data-complete=\"true\">Perfil Olfativo<\/div>\n<div class=\"Y3BBE\" data-sfc-cp=\"\" data-hveid=\"CAQQAA\" data-complete=\"true\" data-processed=\"true\">La fragancia es descrita como serpenteante y refrescante, dise\u00f1ada para mujeres que buscan una sensaci\u00f3n de frescura diaria sin perder sofisticaci\u00f3n. La pir\u00e1mide olfativa se compone de la siguiente manera, seg\u00fan descripciones de minoristas como lubricantesweb.es y Bella Perla Beauty:<span class=\"uJ19be notranslate\" data-wiz-uids=\"aQLNBc_o\" data-complete=\"true\" data-processed=\"true\"><span class=\"vKEkVd\" data-animation-atomic=\"\" data-wiz-attrbind=\"class=aQLNBc_n\/TKHnVd\" data-sae=\"\">\u00a0<\/span><\/span><\/div>\n<ul class=\"KsbFXc U6u95\" data-complete=\"true\" data-processed=\"true\">\n<li data-hveid=\"CAUQAA\" data-complete=\"true\" data-sae=\"\"><span class=\"T286Pc\" data-sfc-cp=\"\" data-complete=\"true\"><strong class=\"Yjhzub\" data-complete=\"true\">Notas de Salida (primarias):<\/strong>\u00a0Jengibre, mandarina verde y jazm\u00edn.<\/span><\/li>\n<li data-hveid=\"CAUQAQ\" data-complete=\"true\" data-sae=\"\"><span class=\"T286Pc\" data-sfc-cp=\"\" data-complete=\"true\"><strong class=\"Yjhzub\" data-complete=\"true\">Nota Media (secundaria):<\/strong>\u00a0Vainilla salada.<\/span><\/li>\n<li data-hveid=\"CAUQAg\" data-complete=\"true\" data-sae=\"\"><span class=\"T286Pc\" data-sfc-cp=\"\" data-complete=\"true\"><strong class=\"Yjhzub\" data-complete=\"true\">Notas de Fondo (terciarias):<\/strong>\u00a0S\u00e1ndalo, madera de cachemira y \u00e1mbar gris.<\/span><span class=\"uJ19be notranslate\" data-wiz-uids=\"aQLNBc_13\" data-complete=\"true\"><span class=\"vKEkVd\" data-animation-atomic=\"\" data-wiz-attrbind=\"class=aQLNBc_12\/TKHnVd\" data-sae=\"\">\u00a0<\/span><\/span><\/li>\n<\/ul>\n<div class=\"Fsg96\" data-sfc-cp=\"\" data-complete=\"true\" data-processed=\"true\"><\/div>\n<div class=\"otQkpb\" role=\"heading\" data-animation-nesting=\"\" data-sfc-cp=\"\" data-processed=\"true\" data-sae=\"\" data-complete=\"true\">Caracter\u00edsticas Principales<\/div>\n<ul class=\"KsbFXc U6u95\" data-complete=\"true\" data-processed=\"true\">\n<li data-hveid=\"CAcQAA\" data-complete=\"true\" data-sae=\"\"><span class=\"T286Pc\" data-sfc-cp=\"\" data-complete=\"true\"><strong class=\"Yjhzub\" data-complete=\"true\">Tipo de producto<\/strong>: Bruma corporal o loci\u00f3n refrescante en spray con una concentraci\u00f3n de fragancia m\u00e1s baja que un perfume, ideal para aplicar varias veces al d\u00eda.<\/span><\/li>\n<li data-hveid=\"CAcQAQ\" data-complete=\"true\" data-sae=\"\"><span class=\"T286Pc\" data-sfc-cp=\"\" data-complete=\"true\"><strong class=\"Yjhzub\" data-complete=\"true\">Uso<\/strong>: Perfecto para usar despu\u00e9s del ba\u00f1o, tras hacer ejercicio o en cualquier momento para un toque de frescura.<\/span><\/li>\n<li data-hveid=\"CAcQAg\" data-complete=\"true\" data-sae=\"\"><span class=\"T286Pc\" data-sfc-cp=\"\" data-complete=\"true\"><strong class=\"Yjhzub\" data-complete=\"true\">Marca<\/strong>: Fabricado por Laboratorios Prady Normapiel en Espa\u00f1a.<\/span><\/li>\n<li data-hveid=\"CAcQAw\" data-complete=\"true\" data-sae=\"\"><span class=\"T286Pc\" data-sfc-cp=\"\" data-complete=\"true\"><strong class=\"Yjhzub\" data-complete=\"true\">Aroma<\/strong>: Predominan las esencias de vainilla gourmet y \u00e1mbar gris, resultando en un aroma dulce y amaderado.<\/span><\/li>\n<\/ul>","protected":false},"excerpt":{"rendered":"<p>El body splash Olampe de Prady est\u00e1 directamente inspirado en el perfume Olympea de Paco Rabanne.<\/p>","protected":false},"featured_media":6577,"comment_status":"open","ping_status":"closed","template":"","meta":{"_joinchat":[]},"product_brand":[],"product_cat":[198],"product_tag":[],"class_list":{"0":"post-6576","1":"product","2":"type-product","3":"status-publish","4":"has-post-thumbnail","6":"product_cat-brumas-corporales","8":"first","9":"instock","10":"taxable","11":"shipping-taxable","12":"purchasable","13":"product-type-simple"},"_links":{"self":[{"href":"https:\/\/bonitashop.es\/en\/wp-json\/wp\/v2\/product\/6576","targetHints":{"allow":["GET"]}}],"collection":[{"href":"https:\/\/bonitashop.es\/en\/wp-json\/wp\/v2\/product"}],"about":[{"href":"https:\/\/bonitashop.es\/en\/wp-json\/wp\/v2\/types\/product"}],"replies":[{"embeddable":true,"href":"https:\/\/bonitashop.es\/en\/wp-json\/wp\/v2\/comments?post=6576"}],"version-history":[{"count":4,"href":"https:\/\/bonitashop.es\/en\/wp-json\/wp\/v2\/product\/6576\/revisions"}],"predecessor-version":[{"id":6813,"href":"https:\/\/bonitashop.es\/en\/wp-json\/wp\/v2\/product\/6576\/revisions\/6813"}],"wp:featuredmedia":[{"embeddable":true,"href":"https:\/\/bonitashop.es\/en\/wp-json\/wp\/v2\/media\/6577"}],"wp:attachment":[{"href":"https:\/\/bonitashop.es\/en\/wp-json\/wp\/v2\/media?parent=6576"}],"wp:term":[{"taxonomy":"product_brand","embeddable":true,"href":"https:\/\/bonitashop.es\/en\/wp-json\/wp\/v2\/product_brand?post=6576"},{"taxonomy":"product_cat","embeddable":true,"href":"https:\/\/bonitashop.es\/en\/wp-json\/wp\/v2\/product_cat?post=6576"},{"taxonomy":"product_tag","embeddable":true,"href":"https:\/\/bonitashop.es\/en\/wp-json\/wp\/v2\/product_tag?post=6576"}],"curies":[{"name":"wp","href":"https:\/\/api.w.org\/{rel}","templated":true}]}}