{"id":6579,"date":"2026-01-16T17:21:50","date_gmt":"2026-01-16T16:21:50","guid":{"rendered":"https:\/\/bonitashop.es\/?post_type=product&#038;p=6579"},"modified":"2026-01-18T17:31:03","modified_gmt":"2026-01-18T16:31:03","slug":"body-splash-milky-coco-250ml","status":"publish","type":"product","link":"https:\/\/bonitashop.es\/en\/product\/body-splash-milky-coco-250ml\/","title":{"rendered":"Body Splash Milky Coco 250ml"},"content":{"rendered":"<p>El body splash \u00abMilky Coco\u00bb de la marca Prady (com\u00fanmente asociado al nombre \u00abMilk &amp; Coco\u00bb) se describe como una fragancia corporal dulce y tropical, con notas de pistacho, coco, flor de tiar\u00e9, caramelo, vainilla y almizcle.<\/p>\n<div class=\"otQkpb\" role=\"heading\" data-animation-nesting=\"\" data-sfc-cp=\"\" data-processed=\"true\" data-sae=\"\" data-complete=\"true\">Perfil Arom\u00e1tico y Caracter\u00edsticas<\/div>\n<ul class=\"KsbFXc U6u95\" data-complete=\"true\" data-processed=\"true\">\n<li data-hveid=\"CAQQAA\" data-complete=\"true\" data-sae=\"\"><span class=\"T286Pc\" data-sfc-cp=\"\" data-complete=\"true\"><strong class=\"Yjhzub\" data-complete=\"true\">Notas Olfativas<\/strong>: La fragancia presenta una combinaci\u00f3n de notas de salida de\u00a0<strong class=\"Yjhzub\" data-complete=\"true\">pistacho<\/strong>\u00a0y\u00a0<strong class=\"Yjhzub\" data-complete=\"true\">coco<\/strong>, un coraz\u00f3n floral con\u00a0<strong class=\"Yjhzub\" data-complete=\"true\">flor de tiar\u00e9<\/strong>\u00a0y notas de fondo de\u00a0<strong class=\"Yjhzub\" data-complete=\"true\">caramelo<\/strong>,\u00a0<strong class=\"Yjhzub\" data-complete=\"true\">vainilla<\/strong>\u00a0y\u00a0<strong class=\"Yjhzub\" data-complete=\"true\">almizcle<\/strong>. Esto resulta en un aroma cremoso, dulce y evocador de un ambiente tropical.<\/span><\/li>\n<li data-hveid=\"CAQQAQ\" data-complete=\"true\" data-sae=\"\"><span class=\"T286Pc\" data-sfc-cp=\"\" data-complete=\"true\"><strong class=\"Yjhzub\" data-complete=\"true\">Sensaci\u00f3n<\/strong>: Proporciona una sensaci\u00f3n refrescante, ideal para uso diario despu\u00e9s de la ducha o en cualquier momento del d\u00eda para un impulso instant\u00e1neo de frescura.<\/span><\/li>\n<li data-hveid=\"CAQQAg\" data-complete=\"true\" data-sae=\"\"><span class=\"T286Pc\" data-sfc-cp=\"\" data-complete=\"true\"><strong class=\"Yjhzub\" data-complete=\"true\">Uso Vers\u00e1til<\/strong>: Adem\u00e1s de aplicarse en el cuerpo, esta bruma ligera puede usarse en el cabello y la ropa.<\/span><\/li>\n<li data-hveid=\"CAQQAw\" data-complete=\"true\" data-sae=\"\"><span class=\"T286Pc\" data-sfc-cp=\"\" data-complete=\"true\"><strong class=\"Yjhzub\" data-complete=\"true\">Concentraci\u00f3n<\/strong>: Como es t\u00edpico de los body splash o brumas corporales, tiene una concentraci\u00f3n de fragancia m\u00e1s baja que un perfume tradicional, lo que lo hace m\u00e1s sutil y menos intenso.<\/span><span class=\"uJ19be notranslate\" data-wiz-uids=\"o6oMFc_15\" data-complete=\"true\"><span class=\"vKEkVd\" data-animation-atomic=\"\" data-wiz-attrbind=\"class=o6oMFc_14\/TKHnVd\" data-sae=\"\">\u00a0<\/span><\/span><\/li>\n<\/ul>","protected":false},"excerpt":{"rendered":"<p>Inspirada en el pefume \u00abCheirosa &#8217;62\u00bb de Sol de Janeiro.<\/p>","protected":false},"featured_media":6582,"comment_status":"open","ping_status":"closed","template":"","meta":{"_joinchat":[]},"product_brand":[],"product_cat":[198],"product_tag":[],"class_list":{"0":"post-6579","1":"product","2":"type-product","3":"status-publish","4":"has-post-thumbnail","6":"product_cat-brumas-corporales","8":"first","9":"instock","10":"taxable","11":"shipping-taxable","12":"purchasable","13":"product-type-simple"},"_links":{"self":[{"href":"https:\/\/bonitashop.es\/en\/wp-json\/wp\/v2\/product\/6579","targetHints":{"allow":["GET"]}}],"collection":[{"href":"https:\/\/bonitashop.es\/en\/wp-json\/wp\/v2\/product"}],"about":[{"href":"https:\/\/bonitashop.es\/en\/wp-json\/wp\/v2\/types\/product"}],"replies":[{"embeddable":true,"href":"https:\/\/bonitashop.es\/en\/wp-json\/wp\/v2\/comments?post=6579"}],"version-history":[{"count":4,"href":"https:\/\/bonitashop.es\/en\/wp-json\/wp\/v2\/product\/6579\/revisions"}],"predecessor-version":[{"id":6810,"href":"https:\/\/bonitashop.es\/en\/wp-json\/wp\/v2\/product\/6579\/revisions\/6810"}],"wp:featuredmedia":[{"embeddable":true,"href":"https:\/\/bonitashop.es\/en\/wp-json\/wp\/v2\/media\/6582"}],"wp:attachment":[{"href":"https:\/\/bonitashop.es\/en\/wp-json\/wp\/v2\/media?parent=6579"}],"wp:term":[{"taxonomy":"product_brand","embeddable":true,"href":"https:\/\/bonitashop.es\/en\/wp-json\/wp\/v2\/product_brand?post=6579"},{"taxonomy":"product_cat","embeddable":true,"href":"https:\/\/bonitashop.es\/en\/wp-json\/wp\/v2\/product_cat?post=6579"},{"taxonomy":"product_tag","embeddable":true,"href":"https:\/\/bonitashop.es\/en\/wp-json\/wp\/v2\/product_tag?post=6579"}],"curies":[{"name":"wp","href":"https:\/\/api.w.org\/{rel}","templated":true}]}}