{"id":6594,"date":"2026-01-16T17:37:53","date_gmt":"2026-01-16T16:37:53","guid":{"rendered":"https:\/\/bonitashop.es\/?post_type=product&#038;p=6594"},"modified":"2026-01-18T17:08:18","modified_gmt":"2026-01-18T16:08:18","slug":"body-splash-pear-in-love-250ml","status":"publish","type":"product","link":"https:\/\/bonitashop.es\/en\/product\/body-splash-pear-in-love-250ml\/","title":{"rendered":"Body Splash Pear in Love 250ml"},"content":{"rendered":"<p>El Body Splash Pear in Love (de la l\u00ednea Queen&#8217;s by Prady) es una bruma corporal de 250 ml dise\u00f1ada para ofrecer una fragancia fresca, rom\u00e1ntica y femenina.<\/p>\n<div class=\"otQkpb\" role=\"heading\" data-animation-nesting=\"\" data-sfc-cp=\"\" data-processed=\"true\" data-sae=\"\" data-complete=\"true\">Perfil Arom\u00e1tico<\/div>\n<div class=\"Y3BBE\" data-sfc-cp=\"\" data-hveid=\"CAQQAA\" data-processed=\"true\" data-complete=\"true\">Esta fragancia pertenece a la familia olfativa\u00a0<strong class=\"Yjhzub\" data-complete=\"true\" data-processed=\"true\">\u00c1mbar Floral<\/strong> y destaca por las siguientes notas:<\/div>\n<ul class=\"KsbFXc U6u95\" data-processed=\"true\" data-complete=\"true\">\n<li data-hveid=\"CAUQAA\" data-complete=\"true\" data-sae=\"\"><span class=\"T286Pc\" data-sfc-cp=\"\" data-complete=\"true\"><strong class=\"Yjhzub\" data-complete=\"true\">Notas de Salida:<\/strong>\u00a0Pera, mandarina, naranja y bergamota.<\/span><\/li>\n<li data-hveid=\"CAUQAQ\" data-complete=\"true\" data-sae=\"\"><span class=\"T286Pc\" data-sfc-cp=\"\" data-complete=\"true\"><strong class=\"Yjhzub\" data-complete=\"true\">Notas de Coraz\u00f3n:<\/strong>\u00a0Flor de naranjo, esencia de neroli y jazm\u00edn sambac.<\/span><\/li>\n<li data-hveid=\"CAUQAg\" data-complete=\"true\" data-sae=\"\"><span class=\"T286Pc\" data-sfc-cp=\"\" data-complete=\"true\"><strong class=\"Yjhzub\" data-complete=\"true\">Notas de Fondo:<\/strong>\u00a0Vainilla bourbon, \u00e1mbar, almizcle blanco y benju\u00ed.<\/span><span class=\"uJ19be notranslate\" data-wiz-uids=\"tHs4x_12\" data-complete=\"true\"><span class=\"vKEkVd\" data-animation-atomic=\"\" data-wiz-attrbind=\"class=tHs4x_11\/TKHnVd\" data-sae=\"\">\u00a0<\/span><\/span><\/li>\n<\/ul>","protected":false},"excerpt":{"rendered":"<p>Inspirada\u00a0 de forma casi exacta con el perfil de <strong class=\"Yjhzub\" data-complete=\"true\" data-processed=\"true\">Prada Paradoxe<\/strong>.<span class=\"uJ19be notranslate\" data-wiz-uids=\"Kvewgb_h\" data-processed=\"true\" data-complete=\"true\"><span class=\"vKEkVd\" data-animation-atomic=\"\" data-wiz-attrbind=\"class=Kvewgb_g\/TKHnVd\" data-sae=\"\">\u00a0<\/span><\/span><\/p>","protected":false},"featured_media":6596,"comment_status":"open","ping_status":"closed","template":"","meta":{"_joinchat":[]},"product_brand":[],"product_cat":[198],"product_tag":[],"class_list":{"0":"post-6594","1":"product","2":"type-product","3":"status-publish","4":"has-post-thumbnail","6":"product_cat-brumas-corporales","8":"first","9":"instock","10":"taxable","11":"shipping-taxable","12":"purchasable","13":"product-type-simple"},"_links":{"self":[{"href":"https:\/\/bonitashop.es\/en\/wp-json\/wp\/v2\/product\/6594","targetHints":{"allow":["GET"]}}],"collection":[{"href":"https:\/\/bonitashop.es\/en\/wp-json\/wp\/v2\/product"}],"about":[{"href":"https:\/\/bonitashop.es\/en\/wp-json\/wp\/v2\/types\/product"}],"replies":[{"embeddable":true,"href":"https:\/\/bonitashop.es\/en\/wp-json\/wp\/v2\/comments?post=6594"}],"version-history":[{"count":4,"href":"https:\/\/bonitashop.es\/en\/wp-json\/wp\/v2\/product\/6594\/revisions"}],"predecessor-version":[{"id":6799,"href":"https:\/\/bonitashop.es\/en\/wp-json\/wp\/v2\/product\/6594\/revisions\/6799"}],"wp:featuredmedia":[{"embeddable":true,"href":"https:\/\/bonitashop.es\/en\/wp-json\/wp\/v2\/media\/6596"}],"wp:attachment":[{"href":"https:\/\/bonitashop.es\/en\/wp-json\/wp\/v2\/media?parent=6594"}],"wp:term":[{"taxonomy":"product_brand","embeddable":true,"href":"https:\/\/bonitashop.es\/en\/wp-json\/wp\/v2\/product_brand?post=6594"},{"taxonomy":"product_cat","embeddable":true,"href":"https:\/\/bonitashop.es\/en\/wp-json\/wp\/v2\/product_cat?post=6594"},{"taxonomy":"product_tag","embeddable":true,"href":"https:\/\/bonitashop.es\/en\/wp-json\/wp\/v2\/product_tag?post=6594"}],"curies":[{"name":"wp","href":"https:\/\/api.w.org\/{rel}","templated":true}]}}