{"id":6597,"date":"2026-01-16T17:42:21","date_gmt":"2026-01-16T16:42:21","guid":{"rendered":"https:\/\/bonitashop.es\/?post_type=product&#038;p=6597"},"modified":"2026-01-18T17:04:52","modified_gmt":"2026-01-18T16:04:52","slug":"body-splash-yani-250ml","status":"publish","type":"product","link":"https:\/\/bonitashop.es\/en\/product\/body-splash-yani-250ml\/","title":{"rendered":"Body Splash Yani 250ml"},"content":{"rendered":"<p>El Body Splash Yani es una loci\u00f3n corporal refrescante con una fragancia ligera, dise\u00f1ada para usarse en cualquier momento del d\u00eda.<\/p>\n<div class=\"otQkpb\" role=\"heading\" data-animation-nesting=\"\" data-sfc-cp=\"\" data-processed=\"true\" data-sae=\"\" data-complete=\"true\">Caracter\u00edsticas Principales<\/div>\n<ul class=\"KsbFXc U6u95\" data-processed=\"true\" data-complete=\"true\">\n<li data-hveid=\"CAQQAA\" data-complete=\"true\" data-sae=\"\"><span class=\"T286Pc\" data-sfc-cp=\"\" data-complete=\"true\"><strong class=\"Yjhzub\" data-complete=\"true\">Tipo de producto<\/strong>: Es una bruma o\u00a0<em class=\"eujQNb\" data-complete=\"true\">body mist<\/em>\u00a0con una concentraci\u00f3n de fragancia menor a la de un perfume o\u00a0<em class=\"eujQNb\" data-complete=\"true\">eau de toilette<\/em>, lo que lo hace ideal para una aplicaci\u00f3n frecuente.<\/span><\/li>\n<li data-hveid=\"CAQQAQ\" data-sae=\"\" data-complete=\"true\"><span class=\"T286Pc\" data-sfc-cp=\"\" data-complete=\"true\"><strong class=\"Yjhzub\" data-complete=\"true\">Aroma<\/strong>: La versi\u00f3n m\u00e1s com\u00fan, Yani Rosa, se inspira en el perfume \u00e1rabe Yara Rosa, ofreciendo un aroma \u00fanico y envolvente que busca transmitir una sensaci\u00f3n de comodidad y limpieza. Otras variantes, como el Yani Sweet o Tatus, se inspiran en fragancias como Yara Tous, con notas m\u00e1s frescas y frutales como maracuy\u00e1 y mango.<\/span><\/li>\n<li data-hveid=\"CAQQAg\" data-complete=\"true\" data-processed=\"true\" data-sae=\"\"><span class=\"T286Pc\" data-sfc-cp=\"\" data-complete=\"true\"><strong class=\"Yjhzub\" data-complete=\"true\">Uso<\/strong>: Es perfecto para aplicar despu\u00e9s de la ducha, tras hacer ejercicio o simplemente para refrescar y perfumar la piel a lo largo del d\u00eda.<\/span><\/li>\n<li data-hveid=\"CAQQAw\" data-complete=\"true\" data-processed=\"true\" data-sae=\"\"><span class=\"T286Pc\" data-sfc-cp=\"\" data-complete=\"true\"><strong class=\"Yjhzub\" data-complete=\"true\">Presentaci\u00f3n<\/strong>: Suele comercializarse en un envase tipo spray de 250 ml.<\/span><span class=\"uJ19be notranslate\" data-wiz-uids=\"noYRjb_13\" data-complete=\"true\"><span class=\"vKEkVd\" data-animation-atomic=\"\" data-wiz-attrbind=\"class=noYRjb_12\/TKHnVd\" data-sae=\"\">\u00a0<\/span><\/span><\/li>\n<\/ul>\n<div class=\"Y3BBE\" data-sfc-cp=\"\" data-hveid=\"CAUQAA\" data-processed=\"true\" data-complete=\"true\">En resumen, el Body Splash Yani de marcas como PRADY ofrece una experiencia de fragancia \u00e1rabe accesible y ligera para el uso diario, sin la intensidad de un perfume concentrado.<span class=\"uJ19be notranslate\" data-wiz-uids=\"noYRjb_1c\" data-complete=\"true\" data-processed=\"true\"><span class=\"vKEkVd\" data-animation-atomic=\"\" data-wiz-attrbind=\"class=noYRjb_1b\/TKHnVd\" data-sae=\"\">\u00a0<\/span><\/span><\/div>","protected":false},"excerpt":{"rendered":"<p>Se caracteriza por estar inspirado en perfumes \u00e1rabes populares, como el Yara Rosa de Lattafa.<\/p>","protected":false},"featured_media":6600,"comment_status":"open","ping_status":"closed","template":"","meta":{"_joinchat":[]},"product_brand":[],"product_cat":[198],"product_tag":[],"class_list":{"0":"post-6597","1":"product","2":"type-product","3":"status-publish","4":"has-post-thumbnail","6":"product_cat-brumas-corporales","8":"first","9":"instock","10":"taxable","11":"shipping-taxable","12":"purchasable","13":"product-type-simple"},"_links":{"self":[{"href":"https:\/\/bonitashop.es\/en\/wp-json\/wp\/v2\/product\/6597","targetHints":{"allow":["GET"]}}],"collection":[{"href":"https:\/\/bonitashop.es\/en\/wp-json\/wp\/v2\/product"}],"about":[{"href":"https:\/\/bonitashop.es\/en\/wp-json\/wp\/v2\/types\/product"}],"replies":[{"embeddable":true,"href":"https:\/\/bonitashop.es\/en\/wp-json\/wp\/v2\/comments?post=6597"}],"version-history":[{"count":4,"href":"https:\/\/bonitashop.es\/en\/wp-json\/wp\/v2\/product\/6597\/revisions"}],"predecessor-version":[{"id":6796,"href":"https:\/\/bonitashop.es\/en\/wp-json\/wp\/v2\/product\/6597\/revisions\/6796"}],"wp:featuredmedia":[{"embeddable":true,"href":"https:\/\/bonitashop.es\/en\/wp-json\/wp\/v2\/media\/6600"}],"wp:attachment":[{"href":"https:\/\/bonitashop.es\/en\/wp-json\/wp\/v2\/media?parent=6597"}],"wp:term":[{"taxonomy":"product_brand","embeddable":true,"href":"https:\/\/bonitashop.es\/en\/wp-json\/wp\/v2\/product_brand?post=6597"},{"taxonomy":"product_cat","embeddable":true,"href":"https:\/\/bonitashop.es\/en\/wp-json\/wp\/v2\/product_cat?post=6597"},{"taxonomy":"product_tag","embeddable":true,"href":"https:\/\/bonitashop.es\/en\/wp-json\/wp\/v2\/product_tag?post=6597"}],"curies":[{"name":"wp","href":"https:\/\/api.w.org\/{rel}","templated":true}]}}