{"id":6602,"date":"2026-01-16T17:46:19","date_gmt":"2026-01-16T16:46:19","guid":{"rendered":"https:\/\/bonitashop.es\/?post_type=product&#038;p=6602"},"modified":"2026-01-18T17:02:41","modified_gmt":"2026-01-18T16:02:41","slug":"body-splash-yuzu-peony-250ml","status":"publish","type":"product","link":"https:\/\/bonitashop.es\/en\/product\/body-splash-yuzu-peony-250ml\/","title":{"rendered":"Body Splash Yuzu &amp; Peony 250ml"},"content":{"rendered":"<p>El body splash Prady Queen&#8217;s Body Splash Yuzu &amp; Peony ofrece una fragancia floral frutal que combina la chispeante frescura c\u00edtrica del yuzu con la elegante delicadeza floral de la peon\u00eda.<\/p>\n<div class=\"otQkpb\" role=\"heading\" data-animation-nesting=\"\" data-sfc-cp=\"\" data-processed=\"true\" data-sae=\"\" data-complete=\"true\">Perfil Olfativo<\/div>\n<div class=\"Y3BBE\" data-sfc-cp=\"\" data-hveid=\"CAQQAA\" data-complete=\"true\" data-processed=\"true\">Esta bruma corporal, inspirada en fragancias frescas y solares, se caracteriza por sus notas armoniosas que evolucionan desde una apertura afrutada y helada hasta un fondo suave y sensual.<span class=\"uJ19be notranslate\" data-wiz-uids=\"fZjMof_q\" data-complete=\"true\" data-processed=\"true\"><span class=\"vKEkVd\" data-animation-atomic=\"\" data-wiz-attrbind=\"class=fZjMof_p\/TKHnVd\" data-sae=\"\">\u00a0<\/span><\/span><\/div>\n<ul class=\"KsbFXc U6u95\" data-complete=\"true\" data-processed=\"true\">\n<li data-hveid=\"CAUQAA\" data-complete=\"true\" data-sae=\"\"><span class=\"T286Pc\" data-sfc-cp=\"\" data-complete=\"true\"><strong class=\"Yjhzub\" data-complete=\"true\">Notas de Salida (Altas):<\/strong>\u00a0La fragancia se abre con un estallido de frescura vibrante y helada, gracias al\u00a0<strong class=\"Yjhzub\" data-complete=\"true\">yuzu<\/strong>, la\u00a0<strong class=\"Yjhzub\" data-complete=\"true\">granada<\/strong>\u00a0y un toque de\u00a0<strong class=\"Yjhzub\" data-complete=\"true\">hielo<\/strong>.<\/span><\/li>\n<li data-hveid=\"CAUQAQ\" data-complete=\"true\" data-sae=\"\"><span class=\"T286Pc\" data-sfc-cp=\"\" data-complete=\"true\"><strong class=\"Yjhzub\" data-complete=\"true\">Notas Medias (Coraz\u00f3n):<\/strong>\u00a0El coraz\u00f3n es un bouquet floral y luminoso, donde la\u00a0<strong class=\"Yjhzub\" data-complete=\"true\">peon\u00eda<\/strong>\u00a0se entrelaza con la flor de\u00a0<strong class=\"Yjhzub\" data-complete=\"true\">loto<\/strong>\u00a0y la\u00a0<strong class=\"Yjhzub\" data-complete=\"true\">magnolia<\/strong>.<\/span><\/li>\n<li data-hveid=\"CAUQAg\" data-complete=\"true\" data-sae=\"\"><span class=\"T286Pc\" data-sfc-cp=\"\" data-complete=\"true\"><strong class=\"Yjhzub\" data-complete=\"true\">Notas de Fondo (Base):<\/strong>\u00a0La base aporta calidez y sensualidad duradera con notas de\u00a0<strong class=\"Yjhzub\" data-complete=\"true\">almizcle<\/strong>,\u00a0<strong class=\"Yjhzub\" data-complete=\"true\">caoba<\/strong>\u00a0y\u00a0<strong class=\"Yjhzub\" data-complete=\"true\">\u00e1mbar.<\/strong><\/span><\/li>\n<li data-hveid=\"CAUQAg\" data-complete=\"true\" data-sae=\"\">Caracter\u00edsticas Principales<\/li>\n<\/ul>\n<ul class=\"KsbFXc U6u95\" data-complete=\"true\" data-processed=\"true\">\n<li data-hveid=\"CAcQAA\" data-complete=\"true\" data-sae=\"\"><span class=\"T286Pc\" data-sfc-cp=\"\" data-complete=\"true\"><strong class=\"Yjhzub\" data-complete=\"true\">Sensaci\u00f3n:<\/strong>\u00a0Proporciona una sensaci\u00f3n de frescor instant\u00e1neo y bienestar, ideal para usar despu\u00e9s de la ducha o en cualquier momento del d\u00eda para revitalizarse.<\/span><\/li>\n<li data-hveid=\"CAcQAQ\" data-complete=\"true\" data-sae=\"\"><span class=\"T286Pc\" data-sfc-cp=\"\" data-complete=\"true\"><strong class=\"Yjhzub\" data-complete=\"true\">Uso Vers\u00e1til:<\/strong>\u00a0Su f\u00f3rmula ligera es adecuada tanto para el cuerpo como para el cabello, dejando un velo perfumado delicado sin ser pesado ni pegajoso.<\/span><\/li>\n<li data-hveid=\"CAcQAg\" data-complete=\"true\" data-sae=\"\"><span class=\"T286Pc\" data-sfc-cp=\"\" data-complete=\"true\"><strong class=\"Yjhzub\" data-complete=\"true\">Intensidad:<\/strong>\u00a0Es una fragancia ligera y refrescante, dise\u00f1ada para un uso diario y casual, con una estela sutil pero duradera.<\/span><span class=\"uJ19be notranslate\" data-wiz-uids=\"fZjMof_1v\" data-complete=\"true\"><span class=\"vKEkVd\" data-animation-atomic=\"\" data-wiz-attrbind=\"class=fZjMof_1u\/TKHnVd\" data-sae=\"\">\u00a0<\/span><\/span><\/li>\n<\/ul>","protected":false},"excerpt":{"rendered":"<p>Se considera com\u00fanmente una inspiraci\u00f3n del perfume de lujo <strong class=\"Yjhzub\" data-complete=\"true\" data-processed=\"true\">Versace Bright Crystal.<\/strong><\/p>","protected":false},"featured_media":6603,"comment_status":"open","ping_status":"closed","template":"","meta":{"_joinchat":[]},"product_brand":[],"product_cat":[198],"product_tag":[],"class_list":{"0":"post-6602","1":"product","2":"type-product","3":"status-publish","4":"has-post-thumbnail","6":"product_cat-brumas-corporales","8":"first","9":"instock","10":"taxable","11":"shipping-taxable","12":"purchasable","13":"product-type-simple"},"_links":{"self":[{"href":"https:\/\/bonitashop.es\/en\/wp-json\/wp\/v2\/product\/6602","targetHints":{"allow":["GET"]}}],"collection":[{"href":"https:\/\/bonitashop.es\/en\/wp-json\/wp\/v2\/product"}],"about":[{"href":"https:\/\/bonitashop.es\/en\/wp-json\/wp\/v2\/types\/product"}],"replies":[{"embeddable":true,"href":"https:\/\/bonitashop.es\/en\/wp-json\/wp\/v2\/comments?post=6602"}],"version-history":[{"count":4,"href":"https:\/\/bonitashop.es\/en\/wp-json\/wp\/v2\/product\/6602\/revisions"}],"predecessor-version":[{"id":6793,"href":"https:\/\/bonitashop.es\/en\/wp-json\/wp\/v2\/product\/6602\/revisions\/6793"}],"wp:featuredmedia":[{"embeddable":true,"href":"https:\/\/bonitashop.es\/en\/wp-json\/wp\/v2\/media\/6603"}],"wp:attachment":[{"href":"https:\/\/bonitashop.es\/en\/wp-json\/wp\/v2\/media?parent=6602"}],"wp:term":[{"taxonomy":"product_brand","embeddable":true,"href":"https:\/\/bonitashop.es\/en\/wp-json\/wp\/v2\/product_brand?post=6602"},{"taxonomy":"product_cat","embeddable":true,"href":"https:\/\/bonitashop.es\/en\/wp-json\/wp\/v2\/product_cat?post=6602"},{"taxonomy":"product_tag","embeddable":true,"href":"https:\/\/bonitashop.es\/en\/wp-json\/wp\/v2\/product_tag?post=6602"}],"curies":[{"name":"wp","href":"https:\/\/api.w.org\/{rel}","templated":true}]}}