{"id":6606,"date":"2026-01-16T17:51:40","date_gmt":"2026-01-16T16:51:40","guid":{"rendered":"https:\/\/bonitashop.es\/?post_type=product&#038;p=6606"},"modified":"2026-01-18T16:57:48","modified_gmt":"2026-01-18T15:57:48","slug":"body-splash-sweet-licorice-250ml","status":"publish","type":"product","link":"https:\/\/bonitashop.es\/en\/product\/body-splash-sweet-licorice-250ml\/","title":{"rendered":"Body Splash Sweet Licorice 250ml"},"content":{"rendered":"<p>El body splash Sweet Licorice de la marca Prady es una fragancia dulce y refrescante que combina notas de regaliz dulce con flores suaves. Se describe como una opci\u00f3n ligera e ideal para el uso diario.<\/p>\n<div class=\"otQkpb\" role=\"heading\" data-animation-nesting=\"\" data-sfc-cp=\"\" data-processed=\"true\" data-sae=\"\" data-complete=\"true\">Caracter\u00edsticas de la Fragancia<\/div>\n<ul class=\"KsbFXc U6u95\" data-processed=\"true\" data-complete=\"true\">\n<li data-hveid=\"CAQQAA\" data-complete=\"true\" data-sae=\"\"><span class=\"T286Pc\" data-sfc-cp=\"\" data-complete=\"true\"><strong class=\"Yjhzub\" data-complete=\"true\">Familia olfativa<\/strong>: \u00c1mbar Vainilla para Mujeres (seg\u00fan una bruma similar inspirada en la misma fragancia).<\/span><\/li>\n<li data-hveid=\"CAQQAQ\" data-complete=\"true\" data-sae=\"\"><span class=\"T286Pc\" data-sfc-cp=\"\" data-complete=\"true\"><strong class=\"Yjhzub\" data-complete=\"true\">Notas Principales<\/strong>: La fragancia mezcla el aroma del\u00a0<strong class=\"Yjhzub\" data-complete=\"true\">regaliz dulce<\/strong>\u00a0con toques de\u00a0<strong class=\"Yjhzub\" data-complete=\"true\">flores suaves<\/strong>. En la inspiraci\u00f3n original (Black Opium de YSL, de la que este splash es una versi\u00f3n m\u00e1s ligera), las notas incluyen pera, pimienta rosa, flor de azahar del naranjo, caf\u00e9, jazm\u00edn, almendra amarga, vainilla y pachul\u00ed.<\/span><\/li>\n<li data-hveid=\"CAQQAg\" data-complete=\"true\" data-sae=\"\"><span class=\"T286Pc\" data-sfc-cp=\"\" data-complete=\"true\"><strong class=\"Yjhzub\" data-complete=\"true\">Sensaci\u00f3n<\/strong>: Proporciona una sensaci\u00f3n de comodidad, limpieza y frescura, ideal para despu\u00e9s de la ducha o para refrescarse a lo largo del d\u00eda.<\/span><\/li>\n<li data-hveid=\"CAQQAw\" data-complete=\"true\" data-sae=\"\"><span class=\"T286Pc\" data-sfc-cp=\"\" data-complete=\"true\"><strong class=\"Yjhzub\" data-complete=\"true\">Uso<\/strong>: Es una bruma corporal, lo que significa que es menos concentrada que un perfume tradicional, permitiendo una aplicaci\u00f3n m\u00e1s frecuente en el cuerpo, la ropa o el cabello sin resultar abrumadora.<\/span><\/li>\n<\/ul>","protected":false},"excerpt":{"rendered":"<p>El body splash\u00a0<strong class=\"Yjhzub\" data-complete=\"true\" data-processed=\"true\">Sweet Licorice<\/strong> de Prady est\u00e1 inspirado en el perfume <strong class=\"Yjhzub\" data-complete=\"true\" data-processed=\"true\">Black Opium de Yves Saint Laurent.<\/strong><\/p>","protected":false},"featured_media":6607,"comment_status":"open","ping_status":"closed","template":"","meta":{"_joinchat":[]},"product_brand":[],"product_cat":[198],"product_tag":[],"class_list":{"0":"post-6606","1":"product","2":"type-product","3":"status-publish","4":"has-post-thumbnail","6":"product_cat-brumas-corporales","8":"first","9":"instock","10":"taxable","11":"shipping-taxable","12":"purchasable","13":"product-type-simple"},"_links":{"self":[{"href":"https:\/\/bonitashop.es\/en\/wp-json\/wp\/v2\/product\/6606","targetHints":{"allow":["GET"]}}],"collection":[{"href":"https:\/\/bonitashop.es\/en\/wp-json\/wp\/v2\/product"}],"about":[{"href":"https:\/\/bonitashop.es\/en\/wp-json\/wp\/v2\/types\/product"}],"replies":[{"embeddable":true,"href":"https:\/\/bonitashop.es\/en\/wp-json\/wp\/v2\/comments?post=6606"}],"version-history":[{"count":4,"href":"https:\/\/bonitashop.es\/en\/wp-json\/wp\/v2\/product\/6606\/revisions"}],"predecessor-version":[{"id":6791,"href":"https:\/\/bonitashop.es\/en\/wp-json\/wp\/v2\/product\/6606\/revisions\/6791"}],"wp:featuredmedia":[{"embeddable":true,"href":"https:\/\/bonitashop.es\/en\/wp-json\/wp\/v2\/media\/6607"}],"wp:attachment":[{"href":"https:\/\/bonitashop.es\/en\/wp-json\/wp\/v2\/media?parent=6606"}],"wp:term":[{"taxonomy":"product_brand","embeddable":true,"href":"https:\/\/bonitashop.es\/en\/wp-json\/wp\/v2\/product_brand?post=6606"},{"taxonomy":"product_cat","embeddable":true,"href":"https:\/\/bonitashop.es\/en\/wp-json\/wp\/v2\/product_cat?post=6606"},{"taxonomy":"product_tag","embeddable":true,"href":"https:\/\/bonitashop.es\/en\/wp-json\/wp\/v2\/product_tag?post=6606"}],"curies":[{"name":"wp","href":"https:\/\/api.w.org\/{rel}","templated":true}]}}