{"id":6609,"date":"2026-01-16T17:53:05","date_gmt":"2026-01-16T16:53:05","guid":{"rendered":"https:\/\/bonitashop.es\/?post_type=product&#038;p=6609"},"modified":"2026-01-18T16:53:25","modified_gmt":"2026-01-18T15:53:25","slug":"body-splash-sugared-saffron-250ml","status":"publish","type":"product","link":"https:\/\/bonitashop.es\/en\/product\/body-splash-sugared-saffron-250ml\/","title":{"rendered":"Body Splash Sugared Saffron 250ml"},"content":{"rendered":"<p>El body splash \u00abSugared Saffron\u00bb de Prady (Queen&#8217;s by Prady) es una bruma corporal con una fragancia dulce y especiada, que combina notas c\u00e1lidas y sofisticadas inspiradas en la familia olfativa \u00c1mbar Floral.<\/p>\n<div class=\"otQkpb\" role=\"heading\" data-animation-nesting=\"\" data-sfc-cp=\"\" data-processed=\"true\" data-sae=\"\" data-complete=\"true\">Perfil Olfativo<\/div>\n<div class=\"Y3BBE\" data-sfc-cp=\"\" data-hveid=\"CAQQAA\" data-processed=\"true\" data-complete=\"true\">La fragancia \u00abSugared Saffron\u00bb se caracteriza por ser una mezcla envolvente, descrita por Prady como una combinaci\u00f3n de azafr\u00e1n azucarado y notas c\u00e1lidas que dejan una sensaci\u00f3n de frescura sofisticada en la piel.<span class=\"uJ19be notranslate\" data-wiz-uids=\"YfGLS_p\" data-complete=\"true\" data-processed=\"true\"><span class=\"vKEkVd\" data-animation-atomic=\"\" data-wiz-attrbind=\"class=YfGLS_o\/TKHnVd\" data-sae=\"\">\u00a0<\/span><\/span><\/div>\n<ul class=\"KsbFXc U6u95\" data-complete=\"true\" data-processed=\"true\">\n<li data-hveid=\"CAUQAA\" data-complete=\"true\" data-sae=\"\"><span class=\"T286Pc\" data-sfc-cp=\"\" data-complete=\"true\"><strong class=\"Yjhzub\" data-complete=\"true\">Notas de Salida:<\/strong>\u00a0Azafr\u00e1n y Jazm\u00edn. (Algunas fuentes tambi\u00e9n mencionan Cardamomo).<\/span><\/li>\n<li data-hveid=\"CAUQAQ\" data-complete=\"true\" data-sae=\"\"><span class=\"T286Pc\" data-sfc-cp=\"\" data-complete=\"true\"><strong class=\"Yjhzub\" data-complete=\"true\">Notas de Coraz\u00f3n:<\/strong>\u00a0Madera de \u00e1mbar y \u00c1mbar gris. (Otras fuentes mencionan Rosa y Jazm\u00edn).<\/span><\/li>\n<li data-hveid=\"CAUQAg\" data-complete=\"true\" data-sae=\"\"><span class=\"T286Pc\" data-sfc-cp=\"\" data-complete=\"true\"><strong class=\"Yjhzub\" data-complete=\"true\">Notas de Fondo:<\/strong>\u00a0Resina de abeto y Cedro. (Otras fuentes mencionan Vainilla y S\u00e1ndalo)<\/span><\/li>\n<\/ul>","protected":false},"excerpt":{"rendered":"<p>El body splash Sugared Saffron de la l\u00ednea Queen&#8217;s by Prady se inspira principalmente en Baccarat Rouge.<\/p>","protected":false},"featured_media":6611,"comment_status":"open","ping_status":"closed","template":"","meta":{"_joinchat":[]},"product_brand":[],"product_cat":[198],"product_tag":[],"class_list":{"0":"post-6609","1":"product","2":"type-product","3":"status-publish","4":"has-post-thumbnail","6":"product_cat-brumas-corporales","8":"first","9":"instock","10":"taxable","11":"shipping-taxable","12":"purchasable","13":"product-type-simple"},"_links":{"self":[{"href":"https:\/\/bonitashop.es\/en\/wp-json\/wp\/v2\/product\/6609","targetHints":{"allow":["GET"]}}],"collection":[{"href":"https:\/\/bonitashop.es\/en\/wp-json\/wp\/v2\/product"}],"about":[{"href":"https:\/\/bonitashop.es\/en\/wp-json\/wp\/v2\/types\/product"}],"replies":[{"embeddable":true,"href":"https:\/\/bonitashop.es\/en\/wp-json\/wp\/v2\/comments?post=6609"}],"version-history":[{"count":3,"href":"https:\/\/bonitashop.es\/en\/wp-json\/wp\/v2\/product\/6609\/revisions"}],"predecessor-version":[{"id":6788,"href":"https:\/\/bonitashop.es\/en\/wp-json\/wp\/v2\/product\/6609\/revisions\/6788"}],"wp:featuredmedia":[{"embeddable":true,"href":"https:\/\/bonitashop.es\/en\/wp-json\/wp\/v2\/media\/6611"}],"wp:attachment":[{"href":"https:\/\/bonitashop.es\/en\/wp-json\/wp\/v2\/media?parent=6609"}],"wp:term":[{"taxonomy":"product_brand","embeddable":true,"href":"https:\/\/bonitashop.es\/en\/wp-json\/wp\/v2\/product_brand?post=6609"},{"taxonomy":"product_cat","embeddable":true,"href":"https:\/\/bonitashop.es\/en\/wp-json\/wp\/v2\/product_cat?post=6609"},{"taxonomy":"product_tag","embeddable":true,"href":"https:\/\/bonitashop.es\/en\/wp-json\/wp\/v2\/product_tag?post=6609"}],"curies":[{"name":"wp","href":"https:\/\/api.w.org\/{rel}","templated":true}]}}