{"id":6612,"date":"2026-01-16T17:59:57","date_gmt":"2026-01-16T16:59:57","guid":{"rendered":"https:\/\/bonitashop.es\/?post_type=product&#038;p=6612"},"modified":"2026-01-26T17:37:52","modified_gmt":"2026-01-26T16:37:52","slug":"body-splash-crazy-250ml","status":"publish","type":"product","link":"https:\/\/bonitashop.es\/en\/product\/body-splash-crazy-250ml\/","title":{"rendered":"Body Splash Crazy 250ml"},"content":{"rendered":"<p>El body splash Prady Queens Crazy es una loci\u00f3n corporal refrescante con un aroma floral oriental, que combina esencias de nardo y rosa de Bulgaria. Est\u00e1 inspirada en la sofisticada fragancia Good Girl de Carolina Herrera, ofreciendo un aroma intenso y ligeramente ambarado, ideal para mujeres seguras.<\/p>\n<div class=\"otQkpb\" role=\"heading\" data-animation-nesting=\"\" data-sfc-cp=\"\" data-processed=\"true\" data-sae=\"\" data-complete=\"true\">Caracter\u00edsticas Principales<\/div>\n<ul class=\"KsbFXc U6u95\" data-processed=\"true\" data-complete=\"true\">\n<li data-hveid=\"CAQQAA\" data-complete=\"true\" data-sae=\"\"><span class=\"T286Pc\" data-sfc-cp=\"\" data-complete=\"true\"><strong class=\"Yjhzub\" data-complete=\"true\">Familia Olfativa<\/strong>: Oriental Floral.<\/span><\/li>\n<li data-hveid=\"CAQQAQ\" data-complete=\"true\" data-sae=\"\"><span class=\"T286Pc\" data-sfc-cp=\"\" data-complete=\"true\"><strong class=\"Yjhzub\" data-complete=\"true\">Aroma Principal<\/strong>: Una combinaci\u00f3n de esencias de\u00a0<strong class=\"Yjhzub\" data-complete=\"true\">nardo<\/strong>\u00a0y\u00a0<strong class=\"Yjhzub\" data-complete=\"true\">rosa de Bulgaria<\/strong>.<\/span><\/li>\n<li data-hveid=\"CAQQAg\" data-sae=\"\" data-complete=\"true\"><span class=\"T286Pc\" data-sfc-cp=\"\" data-complete=\"true\"><strong class=\"Yjhzub\" data-complete=\"true\">Sensaci\u00f3n Olfativa<\/strong>: Transmite un aroma \u00fanico que envuelve, creando una sensaci\u00f3n de confort y limpieza con cada aplicaci\u00f3n. Es descrito como un aroma audaz, vibrante y juvenil.<\/span><\/li>\n<li data-hveid=\"CAQQAw\" data-complete=\"true\" data-processed=\"true\" data-sae=\"\"><span class=\"T286Pc\" data-sfc-cp=\"\" data-complete=\"true\"><strong class=\"Yjhzub\" data-complete=\"true\">Uso<\/strong>: Es ideal para refrescar la piel en cualquier momento del d\u00eda, especialmente despu\u00e9s de la ducha.<\/span><\/li>\n<li data-hveid=\"CAQQBA\" data-complete=\"true\" data-processed=\"true\" data-sae=\"\"><span class=\"T286Pc\" data-sfc-cp=\"\" data-complete=\"true\"><strong class=\"Yjhzub\" data-complete=\"true\">Beneficios<\/strong>: Adem\u00e1s de perfumar, su f\u00f3rmula est\u00e1 dise\u00f1ada para hidratar y refrescar la piel, dej\u00e1ndola suave y delicadamente perfumada.<\/span><\/li>\n<li data-hveid=\"CAQQBQ\" data-complete=\"true\" data-processed=\"true\" data-sae=\"\"><span class=\"T286Pc\" data-sfc-cp=\"\" data-complete=\"true\"><strong class=\"Yjhzub\" data-complete=\"true\">Fabricaci\u00f3n<\/strong>: Producido en Espa\u00f1a por Laboratorios Prady Normapiel con materias primas de calidad.<\/span><span class=\"uJ19be notranslate\" data-wiz-uids=\"u4eQM_1c\" data-complete=\"true\"><span class=\"vKEkVd\" data-animation-atomic=\"\" data-wiz-attrbind=\"class=u4eQM_1b\/TKHnVd\" data-sae=\"\">\u00a0<\/span><\/span><\/li>\n<\/ul>","protected":false},"excerpt":{"rendered":"<p>Est\u00e1 inspirada en la sofisticada fragancia Good Girl de Carolina Herrera.<\/p>","protected":false},"featured_media":7038,"comment_status":"open","ping_status":"closed","template":"","meta":{"_joinchat":[]},"product_brand":[],"product_cat":[198],"product_tag":[],"class_list":{"0":"post-6612","1":"product","2":"type-product","3":"status-publish","4":"has-post-thumbnail","6":"product_cat-brumas-corporales","8":"first","9":"instock","10":"taxable","11":"shipping-taxable","12":"purchasable","13":"product-type-simple"},"_links":{"self":[{"href":"https:\/\/bonitashop.es\/en\/wp-json\/wp\/v2\/product\/6612","targetHints":{"allow":["GET"]}}],"collection":[{"href":"https:\/\/bonitashop.es\/en\/wp-json\/wp\/v2\/product"}],"about":[{"href":"https:\/\/bonitashop.es\/en\/wp-json\/wp\/v2\/types\/product"}],"replies":[{"embeddable":true,"href":"https:\/\/bonitashop.es\/en\/wp-json\/wp\/v2\/comments?post=6612"}],"version-history":[{"count":3,"href":"https:\/\/bonitashop.es\/en\/wp-json\/wp\/v2\/product\/6612\/revisions"}],"predecessor-version":[{"id":6786,"href":"https:\/\/bonitashop.es\/en\/wp-json\/wp\/v2\/product\/6612\/revisions\/6786"}],"wp:featuredmedia":[{"embeddable":true,"href":"https:\/\/bonitashop.es\/en\/wp-json\/wp\/v2\/media\/7038"}],"wp:attachment":[{"href":"https:\/\/bonitashop.es\/en\/wp-json\/wp\/v2\/media?parent=6612"}],"wp:term":[{"taxonomy":"product_brand","embeddable":true,"href":"https:\/\/bonitashop.es\/en\/wp-json\/wp\/v2\/product_brand?post=6612"},{"taxonomy":"product_cat","embeddable":true,"href":"https:\/\/bonitashop.es\/en\/wp-json\/wp\/v2\/product_cat?post=6612"},{"taxonomy":"product_tag","embeddable":true,"href":"https:\/\/bonitashop.es\/en\/wp-json\/wp\/v2\/product_tag?post=6612"}],"curies":[{"name":"wp","href":"https:\/\/api.w.org\/{rel}","templated":true}]}}