{"id":6627,"date":"2026-01-16T18:13:26","date_gmt":"2026-01-16T17:13:26","guid":{"rendered":"https:\/\/bonitashop.es\/?post_type=product&#038;p=6627"},"modified":"2026-01-18T12:19:30","modified_gmt":"2026-01-18T11:19:30","slug":"body-splash-boxer-man-250ml","status":"publish","type":"product","link":"https:\/\/bonitashop.es\/en\/product\/body-splash-boxer-man-250ml\/","title":{"rendered":"Body Splash Boxer Man 250ml"},"content":{"rendered":"<div role=\"heading\" data-animation-nesting=\"\" data-sfc-cp=\"\" data-processed=\"true\" data-sae=\"\" data-complete=\"true\">El ambientador Prady spray Boxer se caracteriza por una fragancia masculina, din\u00e1mica y viril con notas frescas, acu\u00e1ticas y amaderadas. Est\u00e1 inspirado en la conocida fragancia Invictus de Paco Rabanne.<\/div>\n<div class=\"otQkpb\" role=\"heading\" data-animation-nesting=\"\" data-sfc-cp=\"\" data-processed=\"true\" data-sae=\"\" data-complete=\"true\">Perfil Olfativo<\/div>\n<div class=\"Y3BBE\" data-sfc-cp=\"\" data-hveid=\"CAQQAA\" data-complete=\"true\" data-processed=\"true\">La fragancia ofrece un contraste intenso entre frescura y sensualidad, combinando notas espec\u00edficas que crean un aroma envolvente y duradero.<span class=\"uJ19be notranslate\" data-wiz-uids=\"GrOxHd_o\" data-complete=\"true\" data-processed=\"true\"><span class=\"vKEkVd\" data-animation-atomic=\"\" data-wiz-attrbind=\"class=GrOxHd_n\/TKHnVd\" data-sae=\"\">\u00a0<\/span><\/span><\/div>\n<ul class=\"KsbFXc U6u95\" data-complete=\"true\" data-processed=\"true\">\n<li data-hveid=\"CAUQAA\" data-complete=\"true\" data-sae=\"\"><span class=\"T286Pc\" data-sfc-cp=\"\" data-complete=\"true\"><strong class=\"Yjhzub\" data-complete=\"true\">Notas de Salida<\/strong>: Notas frescas de\u00a0<strong class=\"Yjhzub\" data-complete=\"true\">pomelo<\/strong>\u00a0y\u00a0<strong class=\"Yjhzub\" data-complete=\"true\">notas acu\u00e1ticas\/marinas<\/strong>.<\/span><\/li>\n<li data-hveid=\"CAUQAQ\" data-complete=\"true\" data-sae=\"\"><span class=\"T286Pc\" data-sfc-cp=\"\" data-complete=\"true\"><strong class=\"Yjhzub\" data-complete=\"true\">Notas de Coraz\u00f3n<\/strong>: Aromas de\u00a0<strong class=\"Yjhzub\" data-complete=\"true\">laurel<\/strong>\u00a0y\u00a0<strong class=\"Yjhzub\" data-complete=\"true\">madera de gaiac<\/strong>.<\/span><\/li>\n<li data-hveid=\"CAUQAg\" data-complete=\"true\" data-sae=\"\"><span class=\"T286Pc\" data-sfc-cp=\"\" data-complete=\"true\"><strong class=\"Yjhzub\" data-complete=\"true\">Notas de Fondo<\/strong>: Toques de\u00a0<strong class=\"Yjhzub\" data-complete=\"true\">pachul\u00ed<\/strong>\u00a0y\u00a0<strong class=\"Yjhzub\" data-complete=\"true\">\u00e1mbar gris<\/strong>.<\/span><\/li>\n<\/ul>","protected":false},"excerpt":{"rendered":"<p>Est\u00e1 inspirado en la conocida fragancia Invictus de Paco Rabanne.<\/p>","protected":false},"featured_media":6624,"comment_status":"open","ping_status":"closed","template":"","meta":{"_joinchat":[]},"product_brand":[],"product_cat":[198],"product_tag":[],"class_list":{"0":"post-6627","1":"product","2":"type-product","3":"status-publish","4":"has-post-thumbnail","6":"product_cat-brumas-corporales","8":"first","9":"instock","10":"taxable","11":"shipping-taxable","12":"purchasable","13":"product-type-simple"},"_links":{"self":[{"href":"https:\/\/bonitashop.es\/en\/wp-json\/wp\/v2\/product\/6627","targetHints":{"allow":["GET"]}}],"collection":[{"href":"https:\/\/bonitashop.es\/en\/wp-json\/wp\/v2\/product"}],"about":[{"href":"https:\/\/bonitashop.es\/en\/wp-json\/wp\/v2\/types\/product"}],"replies":[{"embeddable":true,"href":"https:\/\/bonitashop.es\/en\/wp-json\/wp\/v2\/comments?post=6627"}],"version-history":[{"count":3,"href":"https:\/\/bonitashop.es\/en\/wp-json\/wp\/v2\/product\/6627\/revisions"}],"predecessor-version":[{"id":6779,"href":"https:\/\/bonitashop.es\/en\/wp-json\/wp\/v2\/product\/6627\/revisions\/6779"}],"wp:featuredmedia":[{"embeddable":true,"href":"https:\/\/bonitashop.es\/en\/wp-json\/wp\/v2\/media\/6624"}],"wp:attachment":[{"href":"https:\/\/bonitashop.es\/en\/wp-json\/wp\/v2\/media?parent=6627"}],"wp:term":[{"taxonomy":"product_brand","embeddable":true,"href":"https:\/\/bonitashop.es\/en\/wp-json\/wp\/v2\/product_brand?post=6627"},{"taxonomy":"product_cat","embeddable":true,"href":"https:\/\/bonitashop.es\/en\/wp-json\/wp\/v2\/product_cat?post=6627"},{"taxonomy":"product_tag","embeddable":true,"href":"https:\/\/bonitashop.es\/en\/wp-json\/wp\/v2\/product_tag?post=6627"}],"curies":[{"name":"wp","href":"https:\/\/api.w.org\/{rel}","templated":true}]}}