{"id":6631,"date":"2026-01-16T19:01:32","date_gmt":"2026-01-16T18:01:32","guid":{"rendered":"https:\/\/bonitashop.es\/?post_type=product&#038;p=6631"},"modified":"2026-01-27T22:58:00","modified_gmt":"2026-01-27T21:58:00","slug":"ambientador-spray-bebe-220ml","status":"publish","type":"product","link":"https:\/\/bonitashop.es\/en\/product\/ambientador-spray-bebe-220ml\/","title":{"rendered":"Ambientador Spray Beb\u00e9 220ml"},"content":{"rendered":"<p>El ambientador Prady spray beb\u00e9 se describe como una fragancia suave, delicada y reconfortante que evoca la pureza y frescura del aroma a reci\u00e9n nacido. Est\u00e1 dise\u00f1ado para crear un ambiente acogedor, limpio y armonioso en cualquier estancia del hogar.<br \/>\nCaracter\u00edsticas Principales<br \/>\nAroma: Ofrece una fragancia que recuerda a la cl\u00e1sica colonia de beb\u00e9 (similar a la de Nenuco, seg\u00fan algunas fuentes). Es un aroma suave, no intrusivo, ideal para habitaciones infantiles y \u00e1reas de descanso.<\/p>","protected":false},"excerpt":{"rendered":"<p>El ambientador\u00a0<strong class=\"Yjhzub\" data-complete=\"true\" data-processed=\"true\">Prady spray Beb\u00e9<\/strong>\u00a0est\u00e1 inspirado principalmente en la fragancia de la cl\u00e1sica colonia\u00a0<strong class=\"Yjhzub\" data-complete=\"true\" data-processed=\"true\">Nenuco<\/strong>.<\/p>","protected":false},"featured_media":7086,"comment_status":"open","ping_status":"closed","template":"","meta":{"_joinchat":[]},"product_brand":[],"product_cat":[213],"product_tag":[],"class_list":{"0":"post-6631","1":"product","2":"type-product","3":"status-publish","4":"has-post-thumbnail","6":"product_cat-spray","8":"first","9":"instock","10":"taxable","11":"shipping-taxable","12":"purchasable","13":"product-type-simple"},"_links":{"self":[{"href":"https:\/\/bonitashop.es\/en\/wp-json\/wp\/v2\/product\/6631","targetHints":{"allow":["GET"]}}],"collection":[{"href":"https:\/\/bonitashop.es\/en\/wp-json\/wp\/v2\/product"}],"about":[{"href":"https:\/\/bonitashop.es\/en\/wp-json\/wp\/v2\/types\/product"}],"replies":[{"embeddable":true,"href":"https:\/\/bonitashop.es\/en\/wp-json\/wp\/v2\/comments?post=6631"}],"version-history":[{"count":3,"href":"https:\/\/bonitashop.es\/en\/wp-json\/wp\/v2\/product\/6631\/revisions"}],"predecessor-version":[{"id":6775,"href":"https:\/\/bonitashop.es\/en\/wp-json\/wp\/v2\/product\/6631\/revisions\/6775"}],"wp:featuredmedia":[{"embeddable":true,"href":"https:\/\/bonitashop.es\/en\/wp-json\/wp\/v2\/media\/7086"}],"wp:attachment":[{"href":"https:\/\/bonitashop.es\/en\/wp-json\/wp\/v2\/media?parent=6631"}],"wp:term":[{"taxonomy":"product_brand","embeddable":true,"href":"https:\/\/bonitashop.es\/en\/wp-json\/wp\/v2\/product_brand?post=6631"},{"taxonomy":"product_cat","embeddable":true,"href":"https:\/\/bonitashop.es\/en\/wp-json\/wp\/v2\/product_cat?post=6631"},{"taxonomy":"product_tag","embeddable":true,"href":"https:\/\/bonitashop.es\/en\/wp-json\/wp\/v2\/product_tag?post=6631"}],"curies":[{"name":"wp","href":"https:\/\/api.w.org\/{rel}","templated":true}]}}