{"id":6640,"date":"2026-01-16T19:05:51","date_gmt":"2026-01-16T18:05:51","guid":{"rendered":"https:\/\/bonitashop.es\/?post_type=product&#038;p=6640"},"modified":"2026-01-27T22:57:44","modified_gmt":"2026-01-27T21:57:44","slug":"ambientador-spray-musk-coco-220ml","status":"publish","type":"product","link":"https:\/\/bonitashop.es\/en\/product\/ambientador-spray-musk-coco-220ml\/","title":{"rendered":"Ambientador Spray Musk Coco 220ml"},"content":{"rendered":"<div role=\"heading\" data-animation-nesting=\"\" data-sfc-cp=\"\" data-processed=\"true\" data-sae=\"\" data-complete=\"true\">\u00a0Crea una atm\u00f3sfera envolvente y es conocido por su olor intenso y duradero.<\/div>\n<div class=\"otQkpb\" role=\"heading\" data-animation-nesting=\"\" data-sfc-cp=\"\" data-processed=\"true\" data-sae=\"\" data-complete=\"true\">Caracter\u00edsticas Olfativas y Uso<button class=\"rBl3me\" data-amic=\"true\" data-icl-uuid=\"86d12e1e-057b-464e-8d36-e1cad2c80c8b\" aria-label=\"Ver v\u00ednculos relacionados\" data-wiz-attrbind=\"disabled=vM57De_m\/C5gNJc;aria-label=vM57De_m\/bOjMyf;class=vM57De_m\/UpSNec\" data-ved=\"2ahUKEwiyho3l-JSSAxXzfKQEHQpzNkQQye0OegQIAxAA\"><\/button><\/div>\n<ul class=\"KsbFXc U6u95\" data-complete=\"true\" data-processed=\"true\">\n<li data-hveid=\"CAQQAA\" data-complete=\"true\" data-sae=\"\"><span class=\"T286Pc\" data-sfc-cp=\"\" data-complete=\"true\"><strong class=\"Yjhzub\" data-complete=\"true\">Perfil Arom\u00e1tico<\/strong>: La fragancia es una combinaci\u00f3n de notas de\u00a0<strong class=\"Yjhzub\" data-complete=\"true\">coco<\/strong>\u00a0y\u00a0<strong class=\"Yjhzub\" data-complete=\"true\">almizcle \u00e1rabe<\/strong>, resultando en un aroma dulce, c\u00e1lido y ex\u00f3tico, con un toque tropical. Los usuarios han notado que el olor es bastante\u00a0<strong class=\"Yjhzub\" data-complete=\"true\">intenso<\/strong>\u00a0y perdura mucho tiempo.<\/span><\/li>\n<li data-hveid=\"CAQQAQ\" data-complete=\"true\" data-sae=\"\"><span class=\"T286Pc\" data-sfc-cp=\"\" data-complete=\"true\"><strong class=\"Yjhzub\" data-complete=\"true\">Finalidad<\/strong>: Est\u00e1 dise\u00f1ado como ambientador para espacios interiores del hogar, ayudando a eliminar olores e infundir un aroma agradable y sofisticado.<\/span><\/li>\n<li data-hveid=\"CAQQAg\" data-complete=\"true\" data-sae=\"\"><span class=\"T286Pc\" data-sfc-cp=\"\" data-complete=\"true\"><strong class=\"Yjhzub\" data-complete=\"true\">Formato<\/strong>: Com\u00fanmente se presenta en formato de\u00a0<strong class=\"Yjhzub\" data-complete=\"true\">ambientador en spray<\/strong>\u00a0para el hogar, lo que facilita su aplicaci\u00f3n y dispersi\u00f3n r\u00e1pida<\/span><\/li>\n<\/ul>","protected":false},"excerpt":{"rendered":"<p>Fragancia ex\u00f3tica, tropical y elegante que fusiona notas c\u00e1lidas de almizcle \u00e1rabe con notas dulces de coco<\/p>","protected":false},"featured_media":7095,"comment_status":"open","ping_status":"closed","template":"","meta":{"_joinchat":[]},"product_brand":[],"product_cat":[213],"product_tag":[],"class_list":{"0":"post-6640","1":"product","2":"type-product","3":"status-publish","4":"has-post-thumbnail","6":"product_cat-spray","8":"first","9":"instock","10":"taxable","11":"shipping-taxable","12":"purchasable","13":"product-type-simple"},"_links":{"self":[{"href":"https:\/\/bonitashop.es\/en\/wp-json\/wp\/v2\/product\/6640","targetHints":{"allow":["GET"]}}],"collection":[{"href":"https:\/\/bonitashop.es\/en\/wp-json\/wp\/v2\/product"}],"about":[{"href":"https:\/\/bonitashop.es\/en\/wp-json\/wp\/v2\/types\/product"}],"replies":[{"embeddable":true,"href":"https:\/\/bonitashop.es\/en\/wp-json\/wp\/v2\/comments?post=6640"}],"version-history":[{"count":3,"href":"https:\/\/bonitashop.es\/en\/wp-json\/wp\/v2\/product\/6640\/revisions"}],"predecessor-version":[{"id":6769,"href":"https:\/\/bonitashop.es\/en\/wp-json\/wp\/v2\/product\/6640\/revisions\/6769"}],"wp:featuredmedia":[{"embeddable":true,"href":"https:\/\/bonitashop.es\/en\/wp-json\/wp\/v2\/media\/7095"}],"wp:attachment":[{"href":"https:\/\/bonitashop.es\/en\/wp-json\/wp\/v2\/media?parent=6640"}],"wp:term":[{"taxonomy":"product_brand","embeddable":true,"href":"https:\/\/bonitashop.es\/en\/wp-json\/wp\/v2\/product_brand?post=6640"},{"taxonomy":"product_cat","embeddable":true,"href":"https:\/\/bonitashop.es\/en\/wp-json\/wp\/v2\/product_cat?post=6640"},{"taxonomy":"product_tag","embeddable":true,"href":"https:\/\/bonitashop.es\/en\/wp-json\/wp\/v2\/product_tag?post=6640"}],"curies":[{"name":"wp","href":"https:\/\/api.w.org\/{rel}","templated":true}]}}