{"id":6643,"date":"2026-01-16T19:06:37","date_gmt":"2026-01-16T18:06:37","guid":{"rendered":"https:\/\/bonitashop.es\/?post_type=product&#038;p=6643"},"modified":"2026-01-27T22:57:27","modified_gmt":"2026-01-27T21:57:27","slug":"ambientador-spray-musk-fruity-220ml","status":"publish","type":"product","link":"https:\/\/bonitashop.es\/en\/product\/ambientador-spray-musk-fruity-220ml\/","title":{"rendered":"Ambientador Spray Musk Fruity 220ml"},"content":{"rendered":"<div class=\"Fsg96\" data-sfc-cp=\"\" data-processed=\"true\" data-complete=\"true\"><\/div>\n<div class=\"otQkpb\" role=\"heading\" data-animation-nesting=\"\" data-sfc-cp=\"\" data-processed=\"true\" data-sae=\"\" data-complete=\"true\">Caracter\u00edsticas Principales<button class=\"rBl3me\" data-amic=\"true\" data-icl-uuid=\"92787a4e-29a0-4c73-8485-b7eda1ddc736\" aria-label=\"Ver v\u00ednculos relacionados\" data-wiz-attrbind=\"disabled=w5uWh_k\/C5gNJc;aria-label=w5uWh_k\/bOjMyf;class=w5uWh_k\/UpSNec\" data-ved=\"2ahUKEwjv4Jqy-JSSAxU-OfsDHcf5MwgQye0OegQIAxAA\"><\/button><\/div>\n<ul class=\"KsbFXc U6u95\" data-complete=\"true\" data-processed=\"true\">\n<li data-hveid=\"CAQQAA\" data-complete=\"true\" data-sae=\"\"><span class=\"T286Pc\" data-sfc-cp=\"\" data-complete=\"true\"><strong class=\"Yjhzub\" data-complete=\"true\">Aroma:<\/strong>\u00a0El aroma se describe como una mezcla de notas afrutadas y almizcle, creando una fragancia envolvente y ex\u00f3tica. Es una fragancia fresca y duradera, dise\u00f1ada para despertar los sentidos.<\/span><\/li>\n<li data-hveid=\"CAQQAQ\" data-complete=\"true\" data-sae=\"\"><span class=\"T286Pc\" data-sfc-cp=\"\" data-complete=\"true\"><strong class=\"Yjhzub\" data-complete=\"true\">Formato:<\/strong>\u00a0Com\u00fanmente disponible en formato\u00a0<strong class=\"Yjhzub\" data-complete=\"true\">spray<\/strong>\u00a0para el hogar, lo que permite una aplicaci\u00f3n f\u00e1cil y una dispersi\u00f3n r\u00e1pida y fina del aroma en el ambiente.<\/span><\/li>\n<li data-hveid=\"CAQQAg\" data-complete=\"true\" data-sae=\"\"><span class=\"T286Pc\" data-sfc-cp=\"\" data-complete=\"true\"><strong class=\"Yjhzub\" data-complete=\"true\">Uso:<\/strong>\u00a0Ideal tanto para espacios residenciales como comerciales, ayudando a eliminar eficazmente los olores y perfumar el entorno.<\/span><\/li>\n<li data-hveid=\"CAQQAw\" data-complete=\"true\" data-sae=\"\"><span class=\"T286Pc\" data-sfc-cp=\"\" data-complete=\"true\"><strong class=\"Yjhzub\" data-complete=\"true\">Origen:<\/strong>\u00a0Fabricado en Espa\u00f1a por Laboratorios Prady Normapiel, una l\u00ednea conocida por ofrecer productos de perfumer\u00eda y ambientaci\u00f3n econ\u00f3micos pero de calidad<\/span><\/li>\n<\/ul>","protected":false},"excerpt":{"rendered":"<p>El ambientador Prady Musk Fruit ofrece una fragancia cautivadora que combina notas afrutadas con la sensualidad del almizcle.<\/p>","protected":false},"featured_media":7097,"comment_status":"open","ping_status":"closed","template":"","meta":{"_joinchat":[]},"product_brand":[],"product_cat":[213],"product_tag":[],"class_list":{"0":"post-6643","1":"product","2":"type-product","3":"status-publish","4":"has-post-thumbnail","6":"product_cat-spray","8":"first","9":"instock","10":"taxable","11":"shipping-taxable","12":"purchasable","13":"product-type-simple"},"_links":{"self":[{"href":"https:\/\/bonitashop.es\/en\/wp-json\/wp\/v2\/product\/6643","targetHints":{"allow":["GET"]}}],"collection":[{"href":"https:\/\/bonitashop.es\/en\/wp-json\/wp\/v2\/product"}],"about":[{"href":"https:\/\/bonitashop.es\/en\/wp-json\/wp\/v2\/types\/product"}],"replies":[{"embeddable":true,"href":"https:\/\/bonitashop.es\/en\/wp-json\/wp\/v2\/comments?post=6643"}],"version-history":[{"count":3,"href":"https:\/\/bonitashop.es\/en\/wp-json\/wp\/v2\/product\/6643\/revisions"}],"predecessor-version":[{"id":6767,"href":"https:\/\/bonitashop.es\/en\/wp-json\/wp\/v2\/product\/6643\/revisions\/6767"}],"wp:featuredmedia":[{"embeddable":true,"href":"https:\/\/bonitashop.es\/en\/wp-json\/wp\/v2\/media\/7097"}],"wp:attachment":[{"href":"https:\/\/bonitashop.es\/en\/wp-json\/wp\/v2\/media?parent=6643"}],"wp:term":[{"taxonomy":"product_brand","embeddable":true,"href":"https:\/\/bonitashop.es\/en\/wp-json\/wp\/v2\/product_brand?post=6643"},{"taxonomy":"product_cat","embeddable":true,"href":"https:\/\/bonitashop.es\/en\/wp-json\/wp\/v2\/product_cat?post=6643"},{"taxonomy":"product_tag","embeddable":true,"href":"https:\/\/bonitashop.es\/en\/wp-json\/wp\/v2\/product_tag?post=6643"}],"curies":[{"name":"wp","href":"https:\/\/api.w.org\/{rel}","templated":true}]}}