{"id":6649,"date":"2026-01-16T19:10:46","date_gmt":"2026-01-16T18:10:46","guid":{"rendered":"https:\/\/bonitashop.es\/?post_type=product&#038;p=6649"},"modified":"2026-01-27T22:40:59","modified_gmt":"2026-01-27T21:40:59","slug":"ambientador-spray-barouge-220ml","status":"publish","type":"product","link":"https:\/\/bonitashop.es\/en\/product\/ambientador-spray-barouge-220ml\/","title":{"rendered":"Ambientador Spray Barouge 220ml"},"content":{"rendered":"<div class=\"Y3BBE\" data-sfc-cp=\"\" data-hveid=\"CAIQAA\" data-complete=\"true\" data-processed=\"true\">El ambientador\u00a0<strong class=\"Yjhzub\" data-complete=\"true\" data-processed=\"true\">Prady Spray Barouge<\/strong> ofrece una El ambientador Prady Spray Barouge ofrece una fragancia intensa inspirada en el conocido perfume Baccarat Rouge 540, caracterizada por notas de \u00e1mbar rojo, maderas nobles y especias c\u00e1lidas.<br \/>\nCaracter\u00edsticas del Aroma y Uso<button class=\"rBl3me\" data-amic=\"true\" data-icl-uuid=\"279ab14b-7424-4726-a931-7efc1eeee169\" aria-label=\"Ver v\u00ednculos relacionados\" data-wiz-attrbind=\"disabled=eunLB_m\/C5gNJc;aria-label=eunLB_m\/bOjMyf;class=eunLB_m\/UpSNec\" data-ved=\"2ahUKEwirvOiB95SSAxX1h_0HHcmfITUQye0OegQIAxAA\"><\/button><\/div>\n<ul class=\"KsbFXc U6u95\" data-complete=\"true\" data-processed=\"true\">\n<li data-hveid=\"CAUQAA\" data-complete=\"true\" data-sae=\"\"><span class=\"T286Pc\" data-sfc-cp=\"\" data-complete=\"true\"><strong class=\"Yjhzub\" data-complete=\"true\">Inspiraci\u00f3n de Lujo<\/strong>: La fragancia Barouge de Prady es una imitaci\u00f3n asequible del perfume de lujo Baccarat Rouge 540 .<\/span><\/li>\n<li data-hveid=\"CAUQAQ\" data-complete=\"true\" data-sae=\"\"><span class=\"T286Pc\" data-sfc-cp=\"\" data-complete=\"true\"><strong class=\"Yjhzub\" data-complete=\"true\">Perfil Olfativo<\/strong>: Se describe como una fragancia oriental amaderada. Las notas clave incluyen \u00e1mbar rojo, maderas nobles y especias c\u00e1lidas, creando un aroma sofisticado y cautivador.<\/span><\/li>\n<li data-hveid=\"CAUQAg\" data-complete=\"true\" data-sae=\"\"><span class=\"T286Pc\" data-sfc-cp=\"\" data-complete=\"true\"><strong class=\"Yjhzub\" data-complete=\"true\">Formato Spray<\/strong>: Dise\u00f1ado en formato spray para hogar, libera una niebla fina que se dispersa r\u00e1pidamente y logra un aroma intenso y de larga duraci\u00f3n.<\/span><\/li>\n<li data-hveid=\"CAUQAw\" data-complete=\"true\" data-sae=\"\"><span class=\"T286Pc\" data-sfc-cp=\"\" data-complete=\"true\"><strong class=\"Yjhzub\" data-complete=\"true\">Versatilidad<\/strong>: Es apto para su uso en diversas estancias del hogar y tambi\u00e9n puede aplicarse en tejidos.<\/span><\/li>\n<li data-hveid=\"CAUQBA\" data-complete=\"true\" data-sae=\"\"><span class=\"T286Pc\" data-sfc-cp=\"\" data-complete=\"true\"><strong class=\"Yjhzub\" data-complete=\"true\">Presentaci\u00f3n<\/strong>: Suele estar disponible en formatos de 220 ml<\/span><\/li>\n<\/ul>","protected":false},"excerpt":{"rendered":"<p>Inspirada en el conocido perfume Baccarat Rouge 540<\/p>","protected":false},"featured_media":7090,"comment_status":"open","ping_status":"closed","template":"","meta":{"_joinchat":[]},"product_brand":[],"product_cat":[213],"product_tag":[],"class_list":{"0":"post-6649","1":"product","2":"type-product","3":"status-publish","4":"has-post-thumbnail","6":"product_cat-spray","8":"first","9":"onbackorder","10":"taxable","11":"shipping-taxable","12":"purchasable","13":"product-type-simple"},"_links":{"self":[{"href":"https:\/\/bonitashop.es\/en\/wp-json\/wp\/v2\/product\/6649","targetHints":{"allow":["GET"]}}],"collection":[{"href":"https:\/\/bonitashop.es\/en\/wp-json\/wp\/v2\/product"}],"about":[{"href":"https:\/\/bonitashop.es\/en\/wp-json\/wp\/v2\/types\/product"}],"replies":[{"embeddable":true,"href":"https:\/\/bonitashop.es\/en\/wp-json\/wp\/v2\/comments?post=6649"}],"version-history":[{"count":3,"href":"https:\/\/bonitashop.es\/en\/wp-json\/wp\/v2\/product\/6649\/revisions"}],"predecessor-version":[{"id":6762,"href":"https:\/\/bonitashop.es\/en\/wp-json\/wp\/v2\/product\/6649\/revisions\/6762"}],"wp:featuredmedia":[{"embeddable":true,"href":"https:\/\/bonitashop.es\/en\/wp-json\/wp\/v2\/media\/7090"}],"wp:attachment":[{"href":"https:\/\/bonitashop.es\/en\/wp-json\/wp\/v2\/media?parent=6649"}],"wp:term":[{"taxonomy":"product_brand","embeddable":true,"href":"https:\/\/bonitashop.es\/en\/wp-json\/wp\/v2\/product_brand?post=6649"},{"taxonomy":"product_cat","embeddable":true,"href":"https:\/\/bonitashop.es\/en\/wp-json\/wp\/v2\/product_cat?post=6649"},{"taxonomy":"product_tag","embeddable":true,"href":"https:\/\/bonitashop.es\/en\/wp-json\/wp\/v2\/product_tag?post=6649"}],"curies":[{"name":"wp","href":"https:\/\/api.w.org\/{rel}","templated":true}]}}