{"id":6660,"date":"2026-01-16T19:14:54","date_gmt":"2026-01-16T18:14:54","guid":{"rendered":"https:\/\/bonitashop.es\/?post_type=product&#038;p=6660"},"modified":"2026-01-27T22:41:52","modified_gmt":"2026-01-27T21:41:52","slug":"ambientador-spray-tarde-de-cine-220ml","status":"publish","type":"product","link":"https:\/\/bonitashop.es\/en\/product\/ambientador-spray-tarde-de-cine-220ml\/","title":{"rendered":"Ambientador Spray Tarde de Cine 220ml"},"content":{"rendered":"<p>Ambientador en spray para el hogar con un delicioso aroma a Palomitas dulces.<\/p>\n<p>Consigue un aroma de larga duraci\u00f3n en cualquier estancia gracias a estos ambientadores en spray.<\/p>\n<p>Envase de 220 ml.<\/p>\n<p>Gracias a su concentraci\u00f3n de alta calidad, solo necesitar\u00e1s unas pocas pulverizaciones del Ambientador para disfrutar de su aroma durante horas. Esto lo convierte en una opci\u00f3n econ\u00f3mica y eficiente para mantener tu hogar siempre perfumado con un toque de distinci\u00f3n.<\/p>\n<p>Ya sea para recibir invitados, crear un ambiente \u00fanico en una ocasi\u00f3n especial o simplemente disfrutar de un hogar perfumado, el Ambientador es la elecci\u00f3n perfecta. D\u00e9jate envolver por su fragancia evocadora y transforma tu hogar en un lugar rico.<\/p>","protected":false},"excerpt":{"rendered":"<p>Ambientador en spray para el hogar con un delicioso aroma que recuerda a Palomitas.<\/p>","protected":false},"featured_media":7091,"comment_status":"open","ping_status":"closed","template":"","meta":{"_joinchat":[]},"product_brand":[],"product_cat":[213],"product_tag":[],"class_list":{"0":"post-6660","1":"product","2":"type-product","3":"status-publish","4":"has-post-thumbnail","6":"product_cat-spray","8":"first","9":"instock","10":"taxable","11":"shipping-taxable","12":"purchasable","13":"product-type-simple"},"_links":{"self":[{"href":"https:\/\/bonitashop.es\/en\/wp-json\/wp\/v2\/product\/6660","targetHints":{"allow":["GET"]}}],"collection":[{"href":"https:\/\/bonitashop.es\/en\/wp-json\/wp\/v2\/product"}],"about":[{"href":"https:\/\/bonitashop.es\/en\/wp-json\/wp\/v2\/types\/product"}],"replies":[{"embeddable":true,"href":"https:\/\/bonitashop.es\/en\/wp-json\/wp\/v2\/comments?post=6660"}],"version-history":[{"count":3,"href":"https:\/\/bonitashop.es\/en\/wp-json\/wp\/v2\/product\/6660\/revisions"}],"predecessor-version":[{"id":6743,"href":"https:\/\/bonitashop.es\/en\/wp-json\/wp\/v2\/product\/6660\/revisions\/6743"}],"wp:featuredmedia":[{"embeddable":true,"href":"https:\/\/bonitashop.es\/en\/wp-json\/wp\/v2\/media\/7091"}],"wp:attachment":[{"href":"https:\/\/bonitashop.es\/en\/wp-json\/wp\/v2\/media?parent=6660"}],"wp:term":[{"taxonomy":"product_brand","embeddable":true,"href":"https:\/\/bonitashop.es\/en\/wp-json\/wp\/v2\/product_brand?post=6660"},{"taxonomy":"product_cat","embeddable":true,"href":"https:\/\/bonitashop.es\/en\/wp-json\/wp\/v2\/product_cat?post=6660"},{"taxonomy":"product_tag","embeddable":true,"href":"https:\/\/bonitashop.es\/en\/wp-json\/wp\/v2\/product_tag?post=6660"}],"curies":[{"name":"wp","href":"https:\/\/api.w.org\/{rel}","templated":true}]}}