{"id":6670,"date":"2026-01-16T19:31:54","date_gmt":"2026-01-16T18:31:54","guid":{"rendered":"https:\/\/bonitashop.es\/?post_type=product&#038;p=6670"},"modified":"2026-01-27T22:58:22","modified_gmt":"2026-01-27T21:58:22","slug":"ambientador-spray-yani-220ml","status":"publish","type":"product","link":"https:\/\/bonitashop.es\/en\/product\/ambientador-spray-yani-220ml\/","title":{"rendered":"Ambientador Spray Yani 220ml"},"content":{"rendered":"<p>Caracter\u00edsticas<br \/>\nFragancia: El aroma Yani de Prady se describe como dulce y envolvente.\u00a0 La fragancia est\u00e1 inspirada en la de Yara Rosa de Lattafa.<br \/>\nF\u00f3rmula: Utiliza una f\u00f3rmula que libera una niebla fina para dispersarse r\u00e1pidamente y llenar el ambiente.<br \/>\nAplicaci\u00f3n: Su presentaci\u00f3n en formato spray facilita la aplicaci\u00f3n y permite controlar la cantidad de producto que se desea usar.<br \/>\nVolumen: Se presenta en un envase de 700 ml, ofreciendo una cantidad generosa para un uso prolongado<\/p>","protected":false},"excerpt":{"rendered":"<p>Ambientador\u00a0 con olor al perfume YARA ROSA de Lataffa.<\/p>","protected":false},"featured_media":7094,"comment_status":"open","ping_status":"closed","template":"","meta":{"_joinchat":[]},"product_brand":[],"product_cat":[213],"product_tag":[],"class_list":{"0":"post-6670","1":"product","2":"type-product","3":"status-publish","4":"has-post-thumbnail","6":"product_cat-spray","8":"first","9":"instock","10":"taxable","11":"shipping-taxable","12":"purchasable","13":"product-type-simple"},"_links":{"self":[{"href":"https:\/\/bonitashop.es\/en\/wp-json\/wp\/v2\/product\/6670","targetHints":{"allow":["GET"]}}],"collection":[{"href":"https:\/\/bonitashop.es\/en\/wp-json\/wp\/v2\/product"}],"about":[{"href":"https:\/\/bonitashop.es\/en\/wp-json\/wp\/v2\/types\/product"}],"replies":[{"embeddable":true,"href":"https:\/\/bonitashop.es\/en\/wp-json\/wp\/v2\/comments?post=6670"}],"version-history":[{"count":3,"href":"https:\/\/bonitashop.es\/en\/wp-json\/wp\/v2\/product\/6670\/revisions"}],"predecessor-version":[{"id":6736,"href":"https:\/\/bonitashop.es\/en\/wp-json\/wp\/v2\/product\/6670\/revisions\/6736"}],"wp:featuredmedia":[{"embeddable":true,"href":"https:\/\/bonitashop.es\/en\/wp-json\/wp\/v2\/media\/7094"}],"wp:attachment":[{"href":"https:\/\/bonitashop.es\/en\/wp-json\/wp\/v2\/media?parent=6670"}],"wp:term":[{"taxonomy":"product_brand","embeddable":true,"href":"https:\/\/bonitashop.es\/en\/wp-json\/wp\/v2\/product_brand?post=6670"},{"taxonomy":"product_cat","embeddable":true,"href":"https:\/\/bonitashop.es\/en\/wp-json\/wp\/v2\/product_cat?post=6670"},{"taxonomy":"product_tag","embeddable":true,"href":"https:\/\/bonitashop.es\/en\/wp-json\/wp\/v2\/product_tag?post=6670"}],"curies":[{"name":"wp","href":"https:\/\/api.w.org\/{rel}","templated":true}]}}