{"id":6678,"date":"2026-01-16T19:37:15","date_gmt":"2026-01-16T18:37:15","guid":{"rendered":"https:\/\/bonitashop.es\/?post_type=product&#038;p=6678"},"modified":"2026-01-23T18:29:44","modified_gmt":"2026-01-23T17:29:44","slug":"ambientador-varillas-vanilla-toscana","status":"publish","type":"product","link":"https:\/\/bonitashop.es\/en\/product\/ambientador-varillas-vanilla-toscana\/","title":{"rendered":"Ambientador Varillas Vanilla Toscana"},"content":{"rendered":"<p>Vanilla Toscana de Prady es un aroma inspirado en el perfume Bianco Latte de Giardini di Toscana, que tiene una inconfundible fragancia \u00aba pastelito\u00bb, ya que abre con un aroma a vainilla y caramelo, que lleva a un coraz\u00f3n de miel\u00a0 dise\u00f1ado para perfumar cualquier espacio con un aroma gourmet y cautivador. Su fragancia dulce y relajante, con toques c\u00e1lidos y refinados, lo convierte en una opci\u00f3n ideal para perfumar r\u00e1pidamente estancias como la sala de estar, el dormitorio, la oficina o el coche.ensar en un delicioso y dulce pastelito de chocolate blanco.<\/p>","protected":false},"excerpt":{"rendered":"<p>Ambientador\u00a0 que inspira al perfume Bianco latte de Giardini di Toscana.<\/p>","protected":false},"featured_media":6968,"comment_status":"open","ping_status":"closed","template":"","meta":{"_joinchat":[]},"product_brand":[],"product_cat":[214],"product_tag":[],"class_list":{"0":"post-6678","1":"product","2":"type-product","3":"status-publish","4":"has-post-thumbnail","6":"product_cat-varillas","8":"first","9":"instock","10":"taxable","11":"shipping-taxable","12":"purchasable","13":"product-type-simple"},"_links":{"self":[{"href":"https:\/\/bonitashop.es\/en\/wp-json\/wp\/v2\/product\/6678","targetHints":{"allow":["GET"]}}],"collection":[{"href":"https:\/\/bonitashop.es\/en\/wp-json\/wp\/v2\/product"}],"about":[{"href":"https:\/\/bonitashop.es\/en\/wp-json\/wp\/v2\/types\/product"}],"replies":[{"embeddable":true,"href":"https:\/\/bonitashop.es\/en\/wp-json\/wp\/v2\/comments?post=6678"}],"version-history":[{"count":3,"href":"https:\/\/bonitashop.es\/en\/wp-json\/wp\/v2\/product\/6678\/revisions"}],"predecessor-version":[{"id":6729,"href":"https:\/\/bonitashop.es\/en\/wp-json\/wp\/v2\/product\/6678\/revisions\/6729"}],"wp:featuredmedia":[{"embeddable":true,"href":"https:\/\/bonitashop.es\/en\/wp-json\/wp\/v2\/media\/6968"}],"wp:attachment":[{"href":"https:\/\/bonitashop.es\/en\/wp-json\/wp\/v2\/media?parent=6678"}],"wp:term":[{"taxonomy":"product_brand","embeddable":true,"href":"https:\/\/bonitashop.es\/en\/wp-json\/wp\/v2\/product_brand?post=6678"},{"taxonomy":"product_cat","embeddable":true,"href":"https:\/\/bonitashop.es\/en\/wp-json\/wp\/v2\/product_cat?post=6678"},{"taxonomy":"product_tag","embeddable":true,"href":"https:\/\/bonitashop.es\/en\/wp-json\/wp\/v2\/product_tag?post=6678"}],"curies":[{"name":"wp","href":"https:\/\/api.w.org\/{rel}","templated":true}]}}