{"id":6683,"date":"2026-01-16T19:39:18","date_gmt":"2026-01-16T18:39:18","guid":{"rendered":"https:\/\/bonitashop.es\/?post_type=product&#038;p=6683"},"modified":"2026-01-17T23:19:22","modified_gmt":"2026-01-17T22:19:22","slug":"ambientador-varillas-yani-tatus","status":"publish","type":"product","link":"https:\/\/bonitashop.es\/en\/product\/ambientador-varillas-yani-tatus\/","title":{"rendered":"Ambientador Varillas Yani Tatus"},"content":{"rendered":"<p>Viaja al tr\u00f3pico sin salir de casa con el Ambientador de Hogar Yani Tatus de Prady. Inspirado en el perfume \u00e1rabe Yara Tous, esta fragancia llenar\u00e1 tu hogar con notas ex\u00f3ticas de mango, coco y maracuy\u00e1. Es el perfume perfecto para dar un toque veraniego, alegre y vibrante a cualquier estancia.<\/p>","protected":false},"excerpt":{"rendered":"<p>Se inspira en el perfume \u00e1rabe Yara Tous de Lattafa.<\/p>","protected":false},"featured_media":0,"comment_status":"open","ping_status":"closed","template":"","meta":{"_joinchat":[]},"product_brand":[],"product_cat":[214],"product_tag":[],"class_list":{"0":"post-6683","1":"product","2":"type-product","3":"status-publish","5":"product_cat-varillas","7":"first","8":"onbackorder","9":"taxable","10":"shipping-taxable","11":"purchasable","12":"product-type-simple"},"_links":{"self":[{"href":"https:\/\/bonitashop.es\/en\/wp-json\/wp\/v2\/product\/6683","targetHints":{"allow":["GET"]}}],"collection":[{"href":"https:\/\/bonitashop.es\/en\/wp-json\/wp\/v2\/product"}],"about":[{"href":"https:\/\/bonitashop.es\/en\/wp-json\/wp\/v2\/types\/product"}],"replies":[{"embeddable":true,"href":"https:\/\/bonitashop.es\/en\/wp-json\/wp\/v2\/comments?post=6683"}],"version-history":[{"count":3,"href":"https:\/\/bonitashop.es\/en\/wp-json\/wp\/v2\/product\/6683\/revisions"}],"predecessor-version":[{"id":6725,"href":"https:\/\/bonitashop.es\/en\/wp-json\/wp\/v2\/product\/6683\/revisions\/6725"}],"wp:attachment":[{"href":"https:\/\/bonitashop.es\/en\/wp-json\/wp\/v2\/media?parent=6683"}],"wp:term":[{"taxonomy":"product_brand","embeddable":true,"href":"https:\/\/bonitashop.es\/en\/wp-json\/wp\/v2\/product_brand?post=6683"},{"taxonomy":"product_cat","embeddable":true,"href":"https:\/\/bonitashop.es\/en\/wp-json\/wp\/v2\/product_cat?post=6683"},{"taxonomy":"product_tag","embeddable":true,"href":"https:\/\/bonitashop.es\/en\/wp-json\/wp\/v2\/product_tag?post=6683"}],"curies":[{"name":"wp","href":"https:\/\/api.w.org\/{rel}","templated":true}]}}