{"id":6685,"date":"2026-01-16T19:40:00","date_gmt":"2026-01-16T18:40:00","guid":{"rendered":"https:\/\/bonitashop.es\/?post_type=product&#038;p=6685"},"modified":"2026-01-22T23:37:19","modified_gmt":"2026-01-22T22:37:19","slug":"ambientador-varillas-pirate","status":"publish","type":"product","link":"https:\/\/bonitashop.es\/en\/product\/ambientador-varillas-pirate\/","title":{"rendered":"Ambientador Varillas Pirate"},"content":{"rendered":"<p>El ambientador Mikado Pirate de Prady est\u00e1 inspirado en fragancias masculinas con car\u00e1cter. Ofrece una mezcla arom\u00e1tica, amaderada y especiada, ideal para transformar cualquier espacio en un ambiente lleno de fuerza y personalidad. Este ambientador es perfecto para aromatizar peque\u00f1as dependencias del hogar o oficina, y su dise\u00f1o elegante lo convierte en un elemento decorativo atractivo.<\/p>","protected":false},"excerpt":{"rendered":"<p>Ambientador inspirado en la famosa tienda de ropa Scalpers .<\/p>","protected":false},"featured_media":6961,"comment_status":"open","ping_status":"closed","template":"","meta":{"_joinchat":[]},"product_brand":[],"product_cat":[214],"product_tag":[],"class_list":{"0":"post-6685","1":"product","2":"type-product","3":"status-publish","4":"has-post-thumbnail","6":"product_cat-varillas","8":"first","9":"instock","10":"taxable","11":"shipping-taxable","12":"purchasable","13":"product-type-simple"},"_links":{"self":[{"href":"https:\/\/bonitashop.es\/en\/wp-json\/wp\/v2\/product\/6685","targetHints":{"allow":["GET"]}}],"collection":[{"href":"https:\/\/bonitashop.es\/en\/wp-json\/wp\/v2\/product"}],"about":[{"href":"https:\/\/bonitashop.es\/en\/wp-json\/wp\/v2\/types\/product"}],"replies":[{"embeddable":true,"href":"https:\/\/bonitashop.es\/en\/wp-json\/wp\/v2\/comments?post=6685"}],"version-history":[{"count":3,"href":"https:\/\/bonitashop.es\/en\/wp-json\/wp\/v2\/product\/6685\/revisions"}],"predecessor-version":[{"id":6723,"href":"https:\/\/bonitashop.es\/en\/wp-json\/wp\/v2\/product\/6685\/revisions\/6723"}],"wp:featuredmedia":[{"embeddable":true,"href":"https:\/\/bonitashop.es\/en\/wp-json\/wp\/v2\/media\/6961"}],"wp:attachment":[{"href":"https:\/\/bonitashop.es\/en\/wp-json\/wp\/v2\/media?parent=6685"}],"wp:term":[{"taxonomy":"product_brand","embeddable":true,"href":"https:\/\/bonitashop.es\/en\/wp-json\/wp\/v2\/product_brand?post=6685"},{"taxonomy":"product_cat","embeddable":true,"href":"https:\/\/bonitashop.es\/en\/wp-json\/wp\/v2\/product_cat?post=6685"},{"taxonomy":"product_tag","embeddable":true,"href":"https:\/\/bonitashop.es\/en\/wp-json\/wp\/v2\/product_tag?post=6685"}],"curies":[{"name":"wp","href":"https:\/\/api.w.org\/{rel}","templated":true}]}}