{"id":6697,"date":"2026-01-16T19:43:44","date_gmt":"2026-01-16T18:43:44","guid":{"rendered":"https:\/\/bonitashop.es\/?post_type=product&#038;p=6697"},"modified":"2026-01-23T21:24:13","modified_gmt":"2026-01-23T20:24:13","slug":"ambientador-varillas-fashion-shop","status":"publish","type":"product","link":"https:\/\/bonitashop.es\/en\/product\/ambientador-varillas-fashion-shop\/","title":{"rendered":"Ambientador Varillas Fashion Shop"},"content":{"rendered":"<p>Si alguna vez te has preguntado c\u00f3mo conseguir que tu casa huela como tu tienda de ropa preferida, el Ambientador de Hogar Shop de Prady es la respuesta. Inspirado en la ic\u00f3nica fragancia de las tiendas Stradivarius, este es uno de los ambientadores m\u00e1s famosos y deseados. Aporta una sensaci\u00f3n de limpieza, novedad y estilo inconfundible.<\/p>","protected":false},"excerpt":{"rendered":"<p>Ambientador formato mikado inspirado en la tienda de Stradivarius.<\/p>","protected":false},"featured_media":6971,"comment_status":"open","ping_status":"closed","template":"","meta":{"_joinchat":[]},"product_brand":[],"product_cat":[214],"product_tag":[],"class_list":{"0":"post-6697","1":"product","2":"type-product","3":"status-publish","4":"has-post-thumbnail","6":"product_cat-varillas","8":"first","9":"instock","10":"taxable","11":"shipping-taxable","12":"purchasable","13":"product-type-simple"},"_links":{"self":[{"href":"https:\/\/bonitashop.es\/en\/wp-json\/wp\/v2\/product\/6697","targetHints":{"allow":["GET"]}}],"collection":[{"href":"https:\/\/bonitashop.es\/en\/wp-json\/wp\/v2\/product"}],"about":[{"href":"https:\/\/bonitashop.es\/en\/wp-json\/wp\/v2\/types\/product"}],"replies":[{"embeddable":true,"href":"https:\/\/bonitashop.es\/en\/wp-json\/wp\/v2\/comments?post=6697"}],"version-history":[{"count":4,"href":"https:\/\/bonitashop.es\/en\/wp-json\/wp\/v2\/product\/6697\/revisions"}],"predecessor-version":[{"id":6731,"href":"https:\/\/bonitashop.es\/en\/wp-json\/wp\/v2\/product\/6697\/revisions\/6731"}],"wp:featuredmedia":[{"embeddable":true,"href":"https:\/\/bonitashop.es\/en\/wp-json\/wp\/v2\/media\/6971"}],"wp:attachment":[{"href":"https:\/\/bonitashop.es\/en\/wp-json\/wp\/v2\/media?parent=6697"}],"wp:term":[{"taxonomy":"product_brand","embeddable":true,"href":"https:\/\/bonitashop.es\/en\/wp-json\/wp\/v2\/product_brand?post=6697"},{"taxonomy":"product_cat","embeddable":true,"href":"https:\/\/bonitashop.es\/en\/wp-json\/wp\/v2\/product_cat?post=6697"},{"taxonomy":"product_tag","embeddable":true,"href":"https:\/\/bonitashop.es\/en\/wp-json\/wp\/v2\/product_tag?post=6697"}],"curies":[{"name":"wp","href":"https:\/\/api.w.org\/{rel}","templated":true}]}}