{"id":6705,"date":"2026-01-16T19:47:00","date_gmt":"2026-01-16T18:47:00","guid":{"rendered":"https:\/\/bonitashop.es\/?post_type=product&#038;p=6705"},"modified":"2026-01-23T18:29:13","modified_gmt":"2026-01-23T17:29:13","slug":"ambientador-varillas-corazon-melocoton","status":"publish","type":"product","link":"https:\/\/bonitashop.es\/en\/product\/ambientador-varillas-corazon-melocoton\/","title":{"rendered":"Ambientador Varillas Coraz\u00f3n Melocot\u00f3n"},"content":{"rendered":"<p>El ambientador Coraz\u00f3n de Melocot\u00f3n de Prady es un difusor de aroma frutal, fabricado en Espa\u00f1a, que tiene una capacidad de 100 ml. Este producto utiliza varillas difusoras que absorben y liberan gradualmente la fragancia en el ambiente, creando un espacio acogedor y fresco. Es ideal para perfumar peque\u00f1as dependencias del hogar o oficinas, y se recomienda usar varias unidades para \u00e1reas m\u00e1s grandes. La f\u00f3rmula incluye alcohol denat y esencias naturales, lo que asegura una fragancia duradera y sutil<\/p>","protected":false},"excerpt":{"rendered":"<p>El ambientador mikado Coraz\u00f3n de melocot\u00f3n de Prady es un difusor de aroma frutal.<\/p>","protected":false},"featured_media":6965,"comment_status":"open","ping_status":"closed","template":"","meta":{"_joinchat":[]},"product_brand":[],"product_cat":[214],"product_tag":[],"class_list":{"0":"post-6705","1":"product","2":"type-product","3":"status-publish","4":"has-post-thumbnail","6":"product_cat-varillas","8":"first","9":"instock","10":"taxable","11":"shipping-taxable","12":"purchasable","13":"product-type-simple"},"_links":{"self":[{"href":"https:\/\/bonitashop.es\/en\/wp-json\/wp\/v2\/product\/6705","targetHints":{"allow":["GET"]}}],"collection":[{"href":"https:\/\/bonitashop.es\/en\/wp-json\/wp\/v2\/product"}],"about":[{"href":"https:\/\/bonitashop.es\/en\/wp-json\/wp\/v2\/types\/product"}],"replies":[{"embeddable":true,"href":"https:\/\/bonitashop.es\/en\/wp-json\/wp\/v2\/comments?post=6705"}],"version-history":[{"count":3,"href":"https:\/\/bonitashop.es\/en\/wp-json\/wp\/v2\/product\/6705\/revisions"}],"predecessor-version":[{"id":6709,"href":"https:\/\/bonitashop.es\/en\/wp-json\/wp\/v2\/product\/6705\/revisions\/6709"}],"wp:featuredmedia":[{"embeddable":true,"href":"https:\/\/bonitashop.es\/en\/wp-json\/wp\/v2\/media\/6965"}],"wp:attachment":[{"href":"https:\/\/bonitashop.es\/en\/wp-json\/wp\/v2\/media?parent=6705"}],"wp:term":[{"taxonomy":"product_brand","embeddable":true,"href":"https:\/\/bonitashop.es\/en\/wp-json\/wp\/v2\/product_brand?post=6705"},{"taxonomy":"product_cat","embeddable":true,"href":"https:\/\/bonitashop.es\/en\/wp-json\/wp\/v2\/product_cat?post=6705"},{"taxonomy":"product_tag","embeddable":true,"href":"https:\/\/bonitashop.es\/en\/wp-json\/wp\/v2\/product_tag?post=6705"}],"curies":[{"name":"wp","href":"https:\/\/api.w.org\/{rel}","templated":true}]}}